{"id":164,"date":"2011-08-23T09:57:18","date_gmt":"2011-08-23T07:57:18","guid":{"rendered":"http:\/\/www.ermeco.com\/piscine-sauna-hammam\/?page_id=164"},"modified":"2024-04-01T16:50:18","modified_gmt":"2024-04-01T14:50:18","slug":"la-securite-avec-ermeco","status":"publish","type":"page","link":"https:\/\/www.ermeco.com\/piscine-sauna-hammam\/la-securite-avec-ermeco\/","title":{"rendered":"La s\u00e9curit\u00e9 avec Ermeco"},"content":{"rendered":"<div class=\"wpb-content-wrapper\"><p>[vc_row][vc_column width=\u00a0\u00bb1\/2&Prime;][vc_column_text woodmart_inline=\u00a0\u00bbno\u00a0\u00bb text_larger=\u00a0\u00bbno\u00a0\u00bb]<strong>Pour la s\u00e9curit\u00e9 de ma piscine, je fais confiance \u00e0 Mon Piscinier Erm\u00e9co<\/strong><\/p>\n<p>Sont concern\u00e9es :<br \/>\nDepuis le 01 janvier 2004, les piscines priv\u00e9es nouvellement construites.<\/p>\n<p>Au plus tard le 1 janvier 2006:<br \/>\nToutes les autres piscines existantes devront \u00eatre \u00e9quip\u00e9es .<\/p>\n<p>Les dispositifs\u00a0 normalis\u00e9s :<br \/>\nAvis du minist\u00e8re de l\u2019Economie, des finances et de l\u2019Industrie paru au Journal Officiel<\/p>\n<p>DECRET\u00a0 N\u00b0 2004-499 DU 07 JUIN 2004<\/p>\n<p>VOUS POUVEZ AU CHOIX\u00a0 INSTALLER :<br \/>\nBarri\u00e8res ( normes NF P 90-306)<br \/>\nAlarmes ( normes NF P\u00a0\u00a0 90-307 )<br \/>\nCouvertures ( normes NF P 90-308)<br \/>\nAbri ( normes NF P 90-309)[\/vc_column_text][\/vc_column][vc_column width=\u00a0\u00bb1\/2&Prime;][vc_column_text woodmart_inline=\u00a0\u00bbno\u00a0\u00bb text_larger=\u00a0\u00bbno\u00a0\u00bb]Nous sommes \u00e0 votre service pour :<\/p>\n<blockquote><p>Vous informer des textes et normes<br \/>\nVous \u00e9tablir\u00a0 un devis adapt\u00e9 \u00e0 votre usage<\/p><\/blockquote>\n<p>N\u2019attendez plus, le temps presse<br \/>\nNE LAISSEZ JAMAIS UN ENFANT ACCEDER SEUL PRES D\u2019UN POINT d\u2019EAU QUEL QU\u2019IL SOIT.\u00a0 NE QUITTEZ JAMAIS VOTRE ENFANT DES YEUX[\/vc_column_text][\/vc_column][\/vc_row]<\/p>\n<\/div>","protected":false},"excerpt":{"rendered":"<p>[vc_row][vc_column width=\u00a0\u00bb1\/2&Prime;][vc_column_text woodmart_inline=\u00a0\u00bbno\u00a0\u00bb text_larger=\u00a0\u00bbno\u00a0\u00bb]Pour la s\u00e9curit\u00e9 de ma piscine, je fais confiance \u00e0 Mon Piscinier Erm\u00e9co Sont concern\u00e9es : Depuis<\/p>\n","protected":false},"author":4,"featured_media":0,"parent":0,"menu_order":0,"comment_status":"closed","ping_status":"closed","template":"","meta":{"footnotes":""},"aioseo_notices":[],"_links":{"self":[{"href":"https:\/\/www.ermeco.com\/piscine-sauna-hammam\/wp-json\/wp\/v2\/pages\/164"}],"collection":[{"href":"https:\/\/www.ermeco.com\/piscine-sauna-hammam\/wp-json\/wp\/v2\/pages"}],"about":[{"href":"https:\/\/www.ermeco.com\/piscine-sauna-hammam\/wp-json\/wp\/v2\/types\/page"}],"author":[{"embeddable":true,"href":"https:\/\/www.ermeco.com\/piscine-sauna-hammam\/wp-json\/wp\/v2\/users\/4"}],"replies":[{"embeddable":true,"href":"https:\/\/www.ermeco.com\/piscine-sauna-hammam\/wp-json\/wp\/v2\/comments?post=164"}],"version-history":[{"count":8,"href":"https:\/\/www.ermeco.com\/piscine-sauna-hammam\/wp-json\/wp\/v2\/pages\/164\/revisions"}],"predecessor-version":[{"id":2629,"href":"https:\/\/www.ermeco.com\/piscine-sauna-hammam\/wp-json\/wp\/v2\/pages\/164\/revisions\/2629"}],"wp:attachment":[{"href":"https:\/\/www.ermeco.com\/piscine-sauna-hammam\/wp-json\/wp\/v2\/media?parent=164"}],"curies":[{"name":"wp","href":"https:\/\/api.w.org\/{rel}","templated":true}]}}