{"id":719,"date":"2013-02-22T09:55:03","date_gmt":"2013-02-22T08:55:03","guid":{"rendered":"http:\/\/www.ermeco.com\/piscine-sauna-hammam\/"},"modified":"2024-04-01T16:50:56","modified_gmt":"2024-04-01T14:50:56","slug":"entretien-piscines","status":"publish","type":"page","link":"https:\/\/www.ermeco.com\/piscine-sauna-hammam\/entretien-piscines\/","title":{"rendered":"Entretien Piscines"},"content":{"rendered":"<div class=\"wpb-content-wrapper\"><p>[vc_row][vc_column][vc_column_text wd_animation=\u00a0\u00bbslide-from-right\u00a0\u00bb woodmart_inline=\u00a0\u00bbno\u00a0\u00bb text_larger=\u00a0\u00bbno\u00a0\u00bb]<strong>Mise en route et hivernage<\/strong><\/p>\n<p>Pour se faire, deux solutions s\u2019offrent \u00e0 vous :<br \/>\nNous effectuons nous m\u00eame la Mise en service et la Mise en hivernage<br \/>\nde votre piscine. Lors de notre intervention nous vous livrons les articles n\u00e9cessaires que vous aurez command\u00e9s au pr\u00e9alable, en utilisant notre bon de commande.<br \/>\nOu,<br \/>\nVous r\u00e9alisez vous-m\u00eame cette prestation, avec un accompagnement de notre service technique.[\/vc_column_text][vc_column_text wd_animation=\u00a0\u00bbslide-from-right\u00a0\u00bb woodmart_inline=\u00a0\u00bbno\u00a0\u00bb text_larger=\u00a0\u00bbno\u00a0\u00bb wd_animation_delay=\u00a0\u00bb250&Prime;]<strong>Mise en service :<\/strong><br \/>\nD\u00e8s le d\u00e9but du mois de Mars, \u00e0 la fin des gel\u00e9es, contr\u00f4lez l\u2019\u00e9tat de l\u2019eau pour un red\u00e9marrage progressif de la filtration. En effet, \u00e0 ce moment l\u00e0, votre eau est \u00ab fragile \u00bb et les \u00e9l\u00e9vations de temp\u00e9ratures peuvent la faire \u00ab tourner \u00bb rapidement.<br \/>\nNe perdez ainsi pas tous les efforts mis pour l\u2019hivernage. M\u00eame si le bassin reste couvert (b\u00e2che, couverture etc\u2026). Il est facile de mettre en route la filtration quelques heures seulement apr\u00e8s avoir bien s\u00fbr, enlev\u00e9 les bouchons, gizzmos, refait le niveau d\u2019eau si n\u00e9cessaire.<br \/>\nEffectuez d\u00e9j\u00e0 un premier traitement apr\u00e8s analyse.[\/vc_column_text][vc_column_text wd_animation=\u00a0\u00bbslide-from-right\u00a0\u00bb woodmart_inline=\u00a0\u00bbno\u00a0\u00bb text_larger=\u00a0\u00bbno\u00a0\u00bb]<strong>Mise en hivernage :<\/strong><br \/>\nEn r\u00e8gle g\u00e9n\u00e9rale, cette op\u00e9ration s\u2019effectue lorsque l\u2019eau, la temp\u00e9rature de l\u2019eau du bassin se situe entre 10\u00b0 et 12\u00b0 degr\u00e9s.<br \/>\nnous vous proposons nos services et accessoires afin d\u2019hiverner votre piscine dans les meilleures conditions et avec le moins de contraintes possibles.<\/p>\n<p>Si vous souhaitez faire appel \u00e0 nos services pour la mise en route ou l\u2019hivernage de votre piscine,<br \/>\nFaxez- nous au 04.50.71.81.38 ou par e-mail au plus vite votre demande de devis ou votre bon de commande avec une proposition de date. Nous reprendrons contact avec vous afin de fixer un rendez-vous d\u00e9finitif.[\/vc_column_text][\/vc_column][\/vc_row]<\/p>\n<\/div>","protected":false},"excerpt":{"rendered":"<p>[vc_row][vc_column][vc_column_text wd_animation=\u00a0\u00bbslide-from-right\u00a0\u00bb woodmart_inline=\u00a0\u00bbno\u00a0\u00bb text_larger=\u00a0\u00bbno\u00a0\u00bb]Mise en route et hivernage Pour se faire, deux solutions s\u2019offrent \u00e0 vous : Nous effectuons nous<\/p>\n","protected":false},"author":4,"featured_media":0,"parent":0,"menu_order":0,"comment_status":"closed","ping_status":"closed","template":"","meta":{"footnotes":""},"aioseo_notices":[],"_links":{"self":[{"href":"https:\/\/www.ermeco.com\/piscine-sauna-hammam\/wp-json\/wp\/v2\/pages\/719"}],"collection":[{"href":"https:\/\/www.ermeco.com\/piscine-sauna-hammam\/wp-json\/wp\/v2\/pages"}],"about":[{"href":"https:\/\/www.ermeco.com\/piscine-sauna-hammam\/wp-json\/wp\/v2\/types\/page"}],"author":[{"embeddable":true,"href":"https:\/\/www.ermeco.com\/piscine-sauna-hammam\/wp-json\/wp\/v2\/users\/4"}],"replies":[{"embeddable":true,"href":"https:\/\/www.ermeco.com\/piscine-sauna-hammam\/wp-json\/wp\/v2\/comments?post=719"}],"version-history":[{"count":22,"href":"https:\/\/www.ermeco.com\/piscine-sauna-hammam\/wp-json\/wp\/v2\/pages\/719\/revisions"}],"predecessor-version":[{"id":2628,"href":"https:\/\/www.ermeco.com\/piscine-sauna-hammam\/wp-json\/wp\/v2\/pages\/719\/revisions\/2628"}],"wp:attachment":[{"href":"https:\/\/www.ermeco.com\/piscine-sauna-hammam\/wp-json\/wp\/v2\/media?parent=719"}],"curies":[{"name":"wp","href":"https:\/\/api.w.org\/{rel}","templated":true}]}}