{"id":721,"date":"2013-02-22T09:56:01","date_gmt":"2013-02-22T08:56:01","guid":{"rendered":"http:\/\/www.ermeco.com\/piscine-sauna-hammam\/"},"modified":"2024-04-01T16:51:27","modified_gmt":"2024-04-01T14:51:27","slug":"depannage-piscines","status":"publish","type":"page","link":"https:\/\/www.ermeco.com\/piscine-sauna-hammam\/depannage-piscines\/","title":{"rendered":"D\u00e9pannage Piscines"},"content":{"rendered":"<div class=\"wpb-content-wrapper\"><p>[vc_row][vc_column][vc_column_text woodmart_inline=\u00a0\u00bbno\u00a0\u00bb text_larger=\u00a0\u00bbno\u00a0\u00bb]<\/p>\n<h2>1\/ Diagnostic v\u00e9rit\u00e9 de votre installation<\/h2>\n<p>Afin de vous permettre de conna\u00eetre pr\u00e9cis\u00e9ment l\u2019\u00e9tat de votre installation, nous vous proposons un \u00ab diagnostic v\u00e9rit\u00e9 \u00bb qui reprend tous les \u00e9quipements, accessoires, r\u00e9seau hydraulique et \u00e9lectrique, pompes, filtration, chauffage, traitement de l\u2019eau.<br \/>\n\u00c9tablissement d\u2019un sch\u00e9ma de principe, album photos<br \/>\nLocalisation des pannes avec \u00e9tablissement d\u2019un devis de r\u00e9paration, remise en \u00e9tat, remplacement<br \/>\nEtat de v\u00e9tust\u00e9 des \u00e9quipements pour anticiper leurs remplacements<br \/>\nProgramme d\u00e9taill\u00e9 des travaux \u00e0 faire par ordre de priorit\u00e9<br \/>\nV\u00e9rification des \u00e9quipements de s\u00e9curit\u00e9<\/p>\n<p>COUT : \u00e0 partir de : 155,00 \u20ac TTC<br \/>\nSecteur d\u2019intervention : le 74, Pays de Gex, Gen\u00e8ve (Suisse)<br \/>\nr\u00e8glement : au moment de la commande, avant intervention<br \/>\nmoyen de paiement : ch\u00e8que, liquide, Carte Bleue, VAD (carte bleue \u00e0 distance)<\/p>\n<h2>2\/ Ensuite<\/h2>\n<p>\u2013 En cas de commande de travaux : Ce montant sera d\u00e9duit de la facture<br \/>\n\u2013 en cas de devis sans suite : ce montant restera acquit \u00e0 Ermeco.<br \/>\n\u2013 d\u00e9placement inclus dans un rayon de 20 kms du magasin . En dessus de 20 kms Facturation au r\u00e9el[\/vc_column_text][\/vc_column][\/vc_row]<\/p>\n<\/div>","protected":false},"excerpt":{"rendered":"<p>[vc_row][vc_column][vc_column_text woodmart_inline=\u00a0\u00bbno\u00a0\u00bb text_larger=\u00a0\u00bbno\u00a0\u00bb] 1\/ Diagnostic v\u00e9rit\u00e9 de votre installation Afin de vous permettre de conna\u00eetre pr\u00e9cis\u00e9ment l\u2019\u00e9tat de votre installation,<\/p>\n","protected":false},"author":4,"featured_media":0,"parent":0,"menu_order":0,"comment_status":"closed","ping_status":"closed","template":"","meta":{"footnotes":""},"aioseo_notices":[],"_links":{"self":[{"href":"https:\/\/www.ermeco.com\/piscine-sauna-hammam\/wp-json\/wp\/v2\/pages\/721"}],"collection":[{"href":"https:\/\/www.ermeco.com\/piscine-sauna-hammam\/wp-json\/wp\/v2\/pages"}],"about":[{"href":"https:\/\/www.ermeco.com\/piscine-sauna-hammam\/wp-json\/wp\/v2\/types\/page"}],"author":[{"embeddable":true,"href":"https:\/\/www.ermeco.com\/piscine-sauna-hammam\/wp-json\/wp\/v2\/users\/4"}],"replies":[{"embeddable":true,"href":"https:\/\/www.ermeco.com\/piscine-sauna-hammam\/wp-json\/wp\/v2\/comments?post=721"}],"version-history":[{"count":8,"href":"https:\/\/www.ermeco.com\/piscine-sauna-hammam\/wp-json\/wp\/v2\/pages\/721\/revisions"}],"predecessor-version":[{"id":2627,"href":"https:\/\/www.ermeco.com\/piscine-sauna-hammam\/wp-json\/wp\/v2\/pages\/721\/revisions\/2627"}],"wp:attachment":[{"href":"https:\/\/www.ermeco.com\/piscine-sauna-hammam\/wp-json\/wp\/v2\/media?parent=721"}],"curies":[{"name":"wp","href":"https:\/\/api.w.org\/{rel}","templated":true}]}}