{"id":1917,"date":"2024-04-01T10:58:23","date_gmt":"2024-04-01T08:58:23","guid":{"rendered":"https:\/\/www.ermeco.com\/piscine-sauna-hammam\/?post_type=product&#038;p=1917"},"modified":"2024-04-01T10:58:32","modified_gmt":"2024-04-01T08:58:32","slug":"long-island","status":"publish","type":"product","link":"https:\/\/www.ermeco.com\/piscine-sauna-hammam\/produit\/long-island\/","title":{"rendered":"Long Island"},"content":{"rendered":"<div class=\"wpb-content-wrapper\"><p>[vc_row][vc_column][vc_column_text woodmart_inline=\u00a0\u00bbno\u00a0\u00bb text_larger=\u00a0\u00bbno\u00a0\u00bb]Son v\u00e9ritable atout r\u00e9side dans sa plage californienne immerg\u00e9e. Cocktail Piscine a en effet innov\u00e9 pour proposer une plage progressive l\u00e9g\u00e8rement inclin\u00e9e, spacieuse et conviviale, pour un confort maximum. A vous les journ\u00e9es \u00e0 l\u00e9zarder dans votre piscine ! Sa forme arrondie conf\u00e8re au bassin un aspect gracieux et chaleureux qui vous s\u00e9duira \u00e0 coup s\u00fbr. A l\u2019inverse des plages rectangulaires plus classiques sur lesquelles on s\u2019assied en rang d\u2019oignon, la plage arrondie de la Long Island vous offrira un maximum de convivialit\u00e9.<\/p>\n<p>Gr\u00e2ce \u00e0 sa configuration sp\u00e9cifique (1 marche sur toute la largeur, et une seconde marche arrondie de chaque c\u00f4t\u00e9) l\u2019escalier de la piscine Long Island donne la possibilit\u00e9 de s\u2019assoir dans l\u2019eau au centre du bassin afin de profiter du rafraichissement sans effort. Chacun pourra de plus descendre vers le grand bassin ou en sortir en douceur sans g\u00eaner ceux qui se relaxent.<\/p>\n<p>La piscine coque Long Island est disponible en 4 couleurs et 3 dimensions pour satisfaire tous les go\u00fbts, et vous pourrez l\u2019\u00e9quiper facilement d\u2019un volet hors-sol ou immerg\u00e9. Elle est notamment compatible avec le volet Cover\u2019In, solution de s\u00e9curit\u00e9 que nous avons d\u00e9velopp\u00e9 avec notre partenaire Maytronics.<\/p>\n<p>Pour obtenir plus d\u2019informations sur ce mod\u00e8le ou sur l\u2019ensemble de notre offre, contactez d\u00e8s \u00e0 pr\u00e9sent l\u2019un de nos conseillers. Ces derniers pourront vous accompagner dans la r\u00e9alisation de votre projet piscine coque.[\/vc_column_text][\/vc_column][\/vc_row]<\/p>\n<\/div>","protected":false},"excerpt":{"rendered":"<p>Cocktail Piscine vous pr\u00e9sente son mod\u00e8le Long Island, la piscine conviviale par excellence !<\/p>\n<p>Cette grande piscine enterr\u00e9e b\u00e9n\u00e9ficie des dimensions id\u00e9ales pour l\u2019int\u00e9gration dans votre jardin, avec une belle longueur (\u00e0 partir de 8,50 m) et surtout une largeur de 4,00 m qui offre une tr\u00e8s belle surface de nage et de jeux.<\/p>\n","protected":false},"featured_media":1947,"comment_status":"closed","ping_status":"closed","template":"","meta":[],"product_cat":[38],"product_tag":[],"aioseo_notices":[],"_links":{"self":[{"href":"https:\/\/www.ermeco.com\/piscine-sauna-hammam\/wp-json\/wp\/v2\/product\/1917"}],"collection":[{"href":"https:\/\/www.ermeco.com\/piscine-sauna-hammam\/wp-json\/wp\/v2\/product"}],"about":[{"href":"https:\/\/www.ermeco.com\/piscine-sauna-hammam\/wp-json\/wp\/v2\/types\/product"}],"replies":[{"embeddable":true,"href":"https:\/\/www.ermeco.com\/piscine-sauna-hammam\/wp-json\/wp\/v2\/comments?post=1917"}],"wp:featuredmedia":[{"embeddable":true,"href":"https:\/\/www.ermeco.com\/piscine-sauna-hammam\/wp-json\/wp\/v2\/media\/1947"}],"wp:attachment":[{"href":"https:\/\/www.ermeco.com\/piscine-sauna-hammam\/wp-json\/wp\/v2\/media?parent=1917"}],"wp:term":[{"taxonomy":"product_cat","embeddable":true,"href":"https:\/\/www.ermeco.com\/piscine-sauna-hammam\/wp-json\/wp\/v2\/product_cat?post=1917"},{"taxonomy":"product_tag","embeddable":true,"href":"https:\/\/www.ermeco.com\/piscine-sauna-hammam\/wp-json\/wp\/v2\/product_tag?post=1917"}],"curies":[{"name":"wp","href":"https:\/\/api.w.org\/{rel}","templated":true}]}}