{"id":1918,"date":"2024-04-01T10:58:23","date_gmt":"2024-04-01T08:58:23","guid":{"rendered":"https:\/\/www.ermeco.com\/piscine-sauna-hammam\/?post_type=product&#038;p=1918"},"modified":"2024-04-01T10:58:33","modified_gmt":"2024-04-01T08:58:33","slug":"blue-jungle","status":"publish","type":"product","link":"https:\/\/www.ermeco.com\/piscine-sauna-hammam\/produit\/blue-jungle\/","title":{"rendered":"Blue Jungle"},"content":{"rendered":"<div class=\"wpb-content-wrapper\"><p>[vc_row][vc_column][vc_column_text woodmart_inline=\u00a0\u00bbno\u00a0\u00bb text_larger=\u00a0\u00bbno\u00a0\u00bb]Moins conventionnelle que les piscines rectangulaires, la Blue Jungle et sa forme haricot apportera une touche de douceur et d\u2019originalit\u00e9 \u00e0 votre ext\u00e9rieur. Sa forme simple et \u00e9l\u00e9gante permettra \u00e0 la Blue Jungle de s\u2019adapter parfaitement \u00e0 des am\u00e9nagements ext\u00e9rieurs qui souhaitent rompre avec les constructions rectilignes et \u00e0 angle droit, pour apporter une inspiration de douceur harmonieuse, et souligner les arrondis d\u2019une plage au naturel.<\/p>\n<p>Dans cette piscine haricot, la surface de baignade est g\u00e9n\u00e9reuse. Vous pourrez donc nager confortablement mais aussi vous pr\u00e9lasser au soleil sur la banquette pr\u00e9sente sur toute la largeur, ou encore pratiquer les jeux de ballons. Apr\u00e8s-midis farniente ou pool party, vos \u00e9t\u00e9s ne seront plus les m\u00eames gr\u00e2ce \u00e0 votre piscine Blue Jungle !<\/p>\n<p>Pour obtenir plus d\u2019informations sur ce mod\u00e8le de piscine coque ou d\u00e9couvrir les autres mod\u00e8les de notre gamme, demandez d\u00e8s maintenant le catalogue Cocktail Piscine.<\/p>\n<p>Avantages<br \/>\nSa forme originale et naturelle qui permet de sortir un peu des sentiers battus.<br \/>\nSes courbes affirmeront votre personnalit\u00e9<br \/>\nSon espace de baignade g\u00e9n\u00e9reux[\/vc_column_text][\/vc_column][\/vc_row]<\/p>\n<\/div>","protected":false},"excerpt":{"rendered":"<p>Exprimez votre style de vie et votre personnalit\u00e9 avec Blue Jungle, la piscine coque enterr\u00e9e \u00e0 fond plat aux courbes arrondies !<\/p>\n","protected":false},"featured_media":1957,"comment_status":"closed","ping_status":"closed","template":"","meta":[],"product_cat":[38],"product_tag":[],"aioseo_notices":[],"_links":{"self":[{"href":"https:\/\/www.ermeco.com\/piscine-sauna-hammam\/wp-json\/wp\/v2\/product\/1918"}],"collection":[{"href":"https:\/\/www.ermeco.com\/piscine-sauna-hammam\/wp-json\/wp\/v2\/product"}],"about":[{"href":"https:\/\/www.ermeco.com\/piscine-sauna-hammam\/wp-json\/wp\/v2\/types\/product"}],"replies":[{"embeddable":true,"href":"https:\/\/www.ermeco.com\/piscine-sauna-hammam\/wp-json\/wp\/v2\/comments?post=1918"}],"wp:featuredmedia":[{"embeddable":true,"href":"https:\/\/www.ermeco.com\/piscine-sauna-hammam\/wp-json\/wp\/v2\/media\/1957"}],"wp:attachment":[{"href":"https:\/\/www.ermeco.com\/piscine-sauna-hammam\/wp-json\/wp\/v2\/media?parent=1918"}],"wp:term":[{"taxonomy":"product_cat","embeddable":true,"href":"https:\/\/www.ermeco.com\/piscine-sauna-hammam\/wp-json\/wp\/v2\/product_cat?post=1918"},{"taxonomy":"product_tag","embeddable":true,"href":"https:\/\/www.ermeco.com\/piscine-sauna-hammam\/wp-json\/wp\/v2\/product_tag?post=1918"}],"curies":[{"name":"wp","href":"https:\/\/api.w.org\/{rel}","templated":true}]}}