{"id":1919,"date":"2024-04-01T10:58:23","date_gmt":"2024-04-01T08:58:23","guid":{"rendered":"https:\/\/www.ermeco.com\/piscine-sauna-hammam\/?post_type=product&#038;p=1919"},"modified":"2024-04-01T10:58:36","modified_gmt":"2024-04-01T08:58:36","slug":"manhattan-4","status":"publish","type":"product","link":"https:\/\/www.ermeco.com\/piscine-sauna-hammam\/produit\/manhattan-4\/","title":{"rendered":"Manhattan 4"},"content":{"rendered":"<div class=\"wpb-content-wrapper\"><p>[vc_row][vc_column][vc_column_text woodmart_inline=\u00a0\u00bbno\u00a0\u00bb text_larger=\u00a0\u00bbno\u00a0\u00bb]La Manhattan 4 est une petite piscine en coque polyester de forme rectangulaire, d\u2019une longueur de 4,34m sur 2,30m et d\u2019une profondeur fixe de 1,46m. Ses dimensions de moins de 10m\u00b2 la dispense de toutes les formalit\u00e9s administratives : vous n\u2019aurez donc pas \u00e0 vous \u00e0 d\u00e9poser une d\u00e9claration pr\u00e9alable de travaux ou un permis de construire en mairie. Un vrai gain de temps !<\/p>\n<p>Son petit volume pr\u00e9sente \u00e9galement d\u2019autres avantages tels que : un entretien plus facile, une consommation d\u2019eau et d\u2019\u00e9nergie plus \u00e9conomique, et bien \u00e9videment, un prix plus qu\u2019attractif.<\/p>\n<p>Conviviale et sympathique, cette mini piscine creus\u00e9e sera un v\u00e9ritable lieu de d\u00e9tente gr\u00e2ce \u00e0 sa petite banquette int\u00e9gr\u00e9e. Ses marches tout en courbes lui offrent quant \u00e0 elles une touche d\u2019originalit\u00e9 !<\/p>\n<p>Vous l\u2019aurez compris, cette mini piscine a tout d\u2019une grande et vous promet de d\u00e9licieux instants de fraicheur cet \u00e9t\u00e9 !<\/p>\n<p>Pour en savoir plus sur nos piscines de moins de 10m\u00b2, n\u2019h\u00e9sitez pas \u00e0 prendre contact avec un de nos conseillers.<\/p>\n<p>Avantages<br \/>\nSes dimensions compactes (moins de 10m\u00b2) pour une int\u00e9gration dans tous les jardins, m\u00eame les plus petits<br \/>\nSes marches tout en courbes : originales et confortables<br \/>\nLes \u00e9conomies \u00e0 l\u2019achat et \u00e0 l\u2019entretien permises par son petit volume[\/vc_column_text][\/vc_column][\/vc_row]<\/p>\n<\/div>","protected":false},"excerpt":{"rendered":"<p>Petite s\u0153ur de notre mod\u00e8le bestseller Manhattan, la Manhattan 4 est une mini piscine coque qui s\u2019int\u00e9grera tr\u00e8s facilement dans tous les jardins, m\u00eame les plus petits !<\/p>\n","protected":false},"featured_media":1959,"comment_status":"closed","ping_status":"closed","template":"","meta":[],"product_cat":[38],"product_tag":[],"aioseo_notices":[],"_links":{"self":[{"href":"https:\/\/www.ermeco.com\/piscine-sauna-hammam\/wp-json\/wp\/v2\/product\/1919"}],"collection":[{"href":"https:\/\/www.ermeco.com\/piscine-sauna-hammam\/wp-json\/wp\/v2\/product"}],"about":[{"href":"https:\/\/www.ermeco.com\/piscine-sauna-hammam\/wp-json\/wp\/v2\/types\/product"}],"replies":[{"embeddable":true,"href":"https:\/\/www.ermeco.com\/piscine-sauna-hammam\/wp-json\/wp\/v2\/comments?post=1919"}],"wp:featuredmedia":[{"embeddable":true,"href":"https:\/\/www.ermeco.com\/piscine-sauna-hammam\/wp-json\/wp\/v2\/media\/1959"}],"wp:attachment":[{"href":"https:\/\/www.ermeco.com\/piscine-sauna-hammam\/wp-json\/wp\/v2\/media?parent=1919"}],"wp:term":[{"taxonomy":"product_cat","embeddable":true,"href":"https:\/\/www.ermeco.com\/piscine-sauna-hammam\/wp-json\/wp\/v2\/product_cat?post=1919"},{"taxonomy":"product_tag","embeddable":true,"href":"https:\/\/www.ermeco.com\/piscine-sauna-hammam\/wp-json\/wp\/v2\/product_tag?post=1919"}],"curies":[{"name":"wp","href":"https:\/\/api.w.org\/{rel}","templated":true}]}}