{"id":1920,"date":"2024-04-01T10:58:23","date_gmt":"2024-04-01T08:58:23","guid":{"rendered":"https:\/\/www.ermeco.com\/piscine-sauna-hammam\/?post_type=product&#038;p=1920"},"modified":"2024-04-01T10:58:39","modified_gmt":"2024-04-01T08:58:39","slug":"manhattan","status":"publish","type":"product","link":"https:\/\/www.ermeco.com\/piscine-sauna-hammam\/produit\/manhattan\/","title":{"rendered":"Manhattan"},"content":{"rendered":"<div class=\"wpb-content-wrapper\"><p>[vc_row][vc_column][vc_column_text woodmart_inline=\u00a0\u00bbno\u00a0\u00bb text_larger=\u00a0\u00bbno\u00a0\u00bb]A la diff\u00e9rence des autres piscines creus\u00e9es rectangulaires aux escaliers toute largeur, la Manhattan permet un acc\u00e8s dans la diagonale du bassin, offrant ainsi plus de confort.<\/p>\n<p>La banquette spacieuse aux douces courbes vous permettra quant \u00e0 elle de vous installer \u00e0 votre guise pour profiter d\u2019un moment de relaxation, assis ou allong\u00e9.<\/p>\n<p>La Manhattan est une piscine \u00e0 fond plat d\u2019une profondeur fixe de 1,46 m\u00e8tres : natation, jeux de ballons, barbotage, farniente\u2026 chacun pourra pratiquer l\u2019activit\u00e9 qui lui convient !<\/p>\n<p>Avec le mod\u00e8le Manhattan, vous avez l\u2019embarras du choix ! En effet, ce mod\u00e8le est disponible en 6 dimensions et 4 coloris diff\u00e9rents pour s\u2019adapter \u00e0 tous les jardins. Et pour les plus petits espaces, d\u00e9couvrez la Manhattan 4, petite s\u0153ur de ce mod\u00e8le aux dimensions compactes.<\/p>\n<p><strong>Avantages<\/strong><br \/>\nSon c\u00f4t\u00e9 convivial et sympathique, qui plaira au plus grand nombre<br \/>\nLes marches tout en courbes, originales et confortables<br \/>\nLe Safety Ledge p\u00e9riph\u00e9rique, assurant solidit\u00e9 et confort \u00e0 votre piscine coque polyester[\/vc_column_text][\/vc_column][\/vc_row]<\/p>\n<\/div>","protected":false},"excerpt":{"rendered":"<p>V\u00e9ritable bestseller, la Manhattan est une piscine de forme classique rectangulaire, twist\u00e9e par des escaliers originaux aux lignes arrondies. Ces escaliers int\u00e9gr\u00e9s pleine largeur facilitent l\u2019entr\u00e9e dans le bassin et apportent une vraie touche de modernit\u00e9 qui vous fera craquer pour ce mod\u00e8le.<\/p>\n<p>&nbsp;<\/p>\n","protected":false},"featured_media":1963,"comment_status":"closed","ping_status":"closed","template":"","meta":[],"product_cat":[38],"product_tag":[],"aioseo_notices":[],"_links":{"self":[{"href":"https:\/\/www.ermeco.com\/piscine-sauna-hammam\/wp-json\/wp\/v2\/product\/1920"}],"collection":[{"href":"https:\/\/www.ermeco.com\/piscine-sauna-hammam\/wp-json\/wp\/v2\/product"}],"about":[{"href":"https:\/\/www.ermeco.com\/piscine-sauna-hammam\/wp-json\/wp\/v2\/types\/product"}],"replies":[{"embeddable":true,"href":"https:\/\/www.ermeco.com\/piscine-sauna-hammam\/wp-json\/wp\/v2\/comments?post=1920"}],"wp:featuredmedia":[{"embeddable":true,"href":"https:\/\/www.ermeco.com\/piscine-sauna-hammam\/wp-json\/wp\/v2\/media\/1963"}],"wp:attachment":[{"href":"https:\/\/www.ermeco.com\/piscine-sauna-hammam\/wp-json\/wp\/v2\/media?parent=1920"}],"wp:term":[{"taxonomy":"product_cat","embeddable":true,"href":"https:\/\/www.ermeco.com\/piscine-sauna-hammam\/wp-json\/wp\/v2\/product_cat?post=1920"},{"taxonomy":"product_tag","embeddable":true,"href":"https:\/\/www.ermeco.com\/piscine-sauna-hammam\/wp-json\/wp\/v2\/product_tag?post=1920"}],"curies":[{"name":"wp","href":"https:\/\/api.w.org\/{rel}","templated":true}]}}