{"id":1921,"date":"2024-04-01T10:58:23","date_gmt":"2024-04-01T08:58:23","guid":{"rendered":"https:\/\/www.ermeco.com\/piscine-sauna-hammam\/?post_type=product&#038;p=1921"},"modified":"2024-04-01T10:58:42","modified_gmt":"2024-04-01T08:58:42","slug":"sherry-lounge","status":"publish","type":"product","link":"https:\/\/www.ermeco.com\/piscine-sauna-hammam\/produit\/sherry-lounge\/","title":{"rendered":"Sherry Lounge"},"content":{"rendered":"<div class=\"wpb-content-wrapper\"><p>[vc_row][vc_column][vc_column_text woodmart_inline=\u00a0\u00bbno\u00a0\u00bb text_larger=\u00a0\u00bbno\u00a0\u00bb]Disponible en 3 dimensions diff\u00e9rentes, ce grand bassin b\u00e9n\u00e9ficie d\u2019une profondeur constante gr\u00e2ce \u00e0 son fond plat, en faisant ainsi une piscine creus\u00e9e polyvalente : natation, jeux aquatiques, d\u00e9tente\u2026 Vous n\u2019aurez que l\u2019embarras du choix !<\/p>\n<p>En plus du grand escalier qui facilitera votre entr\u00e9e dans l\u2019eau, la Sherry Lounge est \u00e9quip\u00e9e d\u2019un Safety Ledge p\u00e9riph\u00e9rique, marque de fabrique de nos piscines coques, permettant de rassurer les plus petits et fournir une marche d\u2019appui aux plus grands afin de pouvoir sortir du bassin \u00e0 n\u2019importe quel endroit.<\/p>\n<p>Sa banquette accueillante et sa m\u00e9ridienne int\u00e9gr\u00e9e vous offriront quant \u00e0 elles de doux apr\u00e8s-midi de farniente au soleil !<\/p>\n<p>La piscine Sherry Lounge est compatible avec le volet roulant immerg\u00e9 Cover\u2019In. N\u2019h\u00e9sitez pas \u00e0 demander plus d\u2019informations \u00e0 votre pisciniste.<\/p>\n<p><strong>Avantages<\/strong><br \/>\nSon fond plat, id\u00e9al pour toute la famille<br \/>\nSa banquette accueillante toute largeur et sa m\u00e9ridienne int\u00e9gr\u00e9e<br \/>\nL\u2019acc\u00e8s \u00e0 un volet immerg\u00e9 \u00e0 un prix imbattable gr\u00e2ce au Cover\u2019In[\/vc_column_text][\/vc_column][\/vc_row]<\/p>\n<\/div>","protected":false},"excerpt":{"rendered":"<p>Pour tous les amoureux des designs \u00e9pur\u00e9s, notre mod\u00e8le Sherry Lounge est fait pour vous ! Ce bassin rectangulaire moderne, aux lignes minimalistes, s\u2019int\u00e9grera parfaitement dans votre jardin.<\/p>\n","protected":false},"featured_media":1967,"comment_status":"closed","ping_status":"closed","template":"","meta":[],"product_cat":[38],"product_tag":[],"aioseo_notices":[],"_links":{"self":[{"href":"https:\/\/www.ermeco.com\/piscine-sauna-hammam\/wp-json\/wp\/v2\/product\/1921"}],"collection":[{"href":"https:\/\/www.ermeco.com\/piscine-sauna-hammam\/wp-json\/wp\/v2\/product"}],"about":[{"href":"https:\/\/www.ermeco.com\/piscine-sauna-hammam\/wp-json\/wp\/v2\/types\/product"}],"replies":[{"embeddable":true,"href":"https:\/\/www.ermeco.com\/piscine-sauna-hammam\/wp-json\/wp\/v2\/comments?post=1921"}],"wp:featuredmedia":[{"embeddable":true,"href":"https:\/\/www.ermeco.com\/piscine-sauna-hammam\/wp-json\/wp\/v2\/media\/1967"}],"wp:attachment":[{"href":"https:\/\/www.ermeco.com\/piscine-sauna-hammam\/wp-json\/wp\/v2\/media?parent=1921"}],"wp:term":[{"taxonomy":"product_cat","embeddable":true,"href":"https:\/\/www.ermeco.com\/piscine-sauna-hammam\/wp-json\/wp\/v2\/product_cat?post=1921"},{"taxonomy":"product_tag","embeddable":true,"href":"https:\/\/www.ermeco.com\/piscine-sauna-hammam\/wp-json\/wp\/v2\/product_tag?post=1921"}],"curies":[{"name":"wp","href":"https:\/\/api.w.org\/{rel}","templated":true}]}}