{"id":1924,"date":"2024-04-01T10:58:24","date_gmt":"2024-04-01T08:58:24","guid":{"rendered":"https:\/\/www.ermeco.com\/piscine-sauna-hammam\/?post_type=product&#038;p=1924"},"modified":"2024-04-01T10:58:52","modified_gmt":"2024-04-01T08:58:52","slug":"sunshine-4","status":"publish","type":"product","link":"https:\/\/www.ermeco.com\/piscine-sauna-hammam\/produit\/sunshine-4\/","title":{"rendered":"Sunshine 4"},"content":{"rendered":"<div class=\"wpb-content-wrapper\"><p>[vc_row][vc_column][vc_column_text woodmart_inline=\u00a0\u00bbno\u00a0\u00bb text_larger=\u00a0\u00bbno\u00a0\u00bb]Disponible en plusieurs longueurs diff\u00e9rentes, le bassin a \u00e9t\u00e9 con\u00e7u avec une largeur contenue de 2m10, lui permettant d\u2019\u00eatre install\u00e9 sur tous les terrains, m\u00eame dans les espaces les plus \u00e9troits.<br \/>\nSes dimensions en font le mod\u00e8le id\u00e9al pour les activit\u00e9s aquatiques sportives et ludiques ! Et pour les amateurs de farniente au soleil, pas d\u2019inqui\u00e9tude, la Sunshine vous offre un espace de d\u00e9tente avec sa banquette toute largeur !<\/p>\n<p>Ce mod\u00e8le de piscine coque illustre bien l\u2019ing\u00e9niosit\u00e9 de conception Cocktail Piscine ! Son escalier malin est compos\u00e9 de 2 marches d\u2019angle, d\u2019une marche centrale et de marches lat\u00e9rales. Les 2 marches d\u2019angle permettent d\u2019entrer et de sortir facilement du bassin. Elles pr\u00e9c\u00e8dent une large marche centrale, qui offre un lieu de relaxation optimal sans g\u00eaner le passage. Les marches lat\u00e9rales, elles, donnent acc\u00e8s en douceur \u00e0 l\u2019espace de nage.<\/p>\n<p>La piscine Sunshine est munie d\u2019un Safety Ledge, une marche faisant le tour de la piscine donnant aux baigneurs la possibilit\u00e9 de poser les pieds pour se reposer, se d\u00e9tendre et s\u2019amuser. Ce proc\u00e9d\u00e9 offre \u00e9galement une performance de r\u00e9sistance suppl\u00e9mentaire \u00e0 votre piscine en \u00e9galisant les pouss\u00e9es actives des sols et la pression de l\u2019eau sur les parois. C\u2019est donc un gage de p\u00e9rennit\u00e9 de l\u2019ouvrage face aux \u00e9v\u00e9nements climatiques extr\u00eames.<\/p>\n<p>Vous l\u2019aurez compris, la piscine coque Sunshine est un mod\u00e8le polyvalent qui conviendra au plus grand nombre, pour des moments de partage et de convivialit\u00e9 entre amis ou en famille !<\/p>\n<p>Pour plus d\u2019informations sur ce mod\u00e8le, nos conseillers sont \u00e0 votre \u00e9coute, n\u2019h\u00e9sitez pas \u00e0 les contacter !<\/p>\n<p><strong>Avantages<\/strong><br \/>\nSon design tendance<br \/>\nPiscine de moins de 10m\u00b2<br \/>\nSon format compact et pratique, qui s\u2019adaptera \u00e0 tous types de terrains, m\u00eame les plus \u00e9troits<br \/>\nSa surface de nage g\u00e9n\u00e9reuse gr\u00e2ce aux escaliers dispos\u00e9s lat\u00e9ralement[\/vc_column_text][\/vc_column][\/vc_row]<\/p>\n<\/div>","protected":false},"excerpt":{"rendered":"<p>Apportez un peu de soleil dans votre jardin avec notre piscine Sunshine ! Cette mini-piscine rectangulaire \u00e0 fond plat est un mod\u00e8le tendance qui s\u00e9duira \u00e0 coup s\u00fbr les amateurs de design. Son format compact offre une belle surface de nage et s\u2019adapte \u00e0 tous les types de terrain.<\/p>\n","protected":false},"featured_media":1984,"comment_status":"closed","ping_status":"closed","template":"","meta":[],"product_cat":[38],"product_tag":[],"aioseo_notices":[],"_links":{"self":[{"href":"https:\/\/www.ermeco.com\/piscine-sauna-hammam\/wp-json\/wp\/v2\/product\/1924"}],"collection":[{"href":"https:\/\/www.ermeco.com\/piscine-sauna-hammam\/wp-json\/wp\/v2\/product"}],"about":[{"href":"https:\/\/www.ermeco.com\/piscine-sauna-hammam\/wp-json\/wp\/v2\/types\/product"}],"replies":[{"embeddable":true,"href":"https:\/\/www.ermeco.com\/piscine-sauna-hammam\/wp-json\/wp\/v2\/comments?post=1924"}],"wp:featuredmedia":[{"embeddable":true,"href":"https:\/\/www.ermeco.com\/piscine-sauna-hammam\/wp-json\/wp\/v2\/media\/1984"}],"wp:attachment":[{"href":"https:\/\/www.ermeco.com\/piscine-sauna-hammam\/wp-json\/wp\/v2\/media?parent=1924"}],"wp:term":[{"taxonomy":"product_cat","embeddable":true,"href":"https:\/\/www.ermeco.com\/piscine-sauna-hammam\/wp-json\/wp\/v2\/product_cat?post=1924"},{"taxonomy":"product_tag","embeddable":true,"href":"https:\/\/www.ermeco.com\/piscine-sauna-hammam\/wp-json\/wp\/v2\/product_tag?post=1924"}],"curies":[{"name":"wp","href":"https:\/\/api.w.org\/{rel}","templated":true}]}}