{"id":1926,"date":"2024-04-01T10:58:24","date_gmt":"2024-04-01T08:58:24","guid":{"rendered":"https:\/\/www.ermeco.com\/piscine-sauna-hammam\/?post_type=product&#038;p=1926"},"modified":"2024-04-01T10:58:55","modified_gmt":"2024-04-01T08:58:55","slug":"brooklyn-c","status":"publish","type":"product","link":"https:\/\/www.ermeco.com\/piscine-sauna-hammam\/produit\/brooklyn-c\/","title":{"rendered":"Brooklyn C"},"content":{"rendered":"<div class=\"wpb-content-wrapper\"><p>[vc_row][vc_column][vc_column_text woodmart_inline=\u00a0\u00bbno\u00a0\u00bb text_larger=\u00a0\u00bbno\u00a0\u00bb]Son fond progressif lui offre un confort de baignade in\u00e9gal\u00e9 : la Brooklyn C allie ainsi convivialit\u00e9 et plaisirs de la nage. On peut dire sans se tromper que c\u2019est un mod\u00e8le de piscine \u00e0 la fois sportif et familial !<\/p>\n<p>La particularit\u00e9 de ce mod\u00e8le r\u00e9side dans son escalier dispos\u00e9 en angle. Gr\u00e2ce \u00e0 cette configuration, l\u2019acc\u00e8s au bassin est facilit\u00e9, et la ligne de nage est optimale pour les plus sportifs. Et pour ceux qui sont plut\u00f4t adeptes de la sieste au soleil, la seconde marche est \u00e9tendue pour de doux moments de relaxation.<\/p>\n<p>Sa forme rectangulaire sobre lui permettra de s\u2019adapter \u00e0 vos envies d\u2019am\u00e9nagements ext\u00e9rieurs. Elle pourra ainsi \u00eatre accompagn\u00e9e de margelles classiques ou \u00eatre install\u00e9e avec une terrasse en bois pour un r\u00e9sultat plus moderne et chaleureux.<\/p>\n<p>Retrouvez-la dans diff\u00e9rents coloris et dimensions pour satisfaire au mieux vos besoins. Laissez-vous tenter et configurez d\u00e8s maintenant la piscine de vos r\u00eaves !<\/p>\n<p><strong>Avantages<\/strong><br \/>\nSa polyvalence : c\u2019est la piscine coque id\u00e9ale pour nager mais aussi pour se d\u00e9tendre<br \/>\nSes lignes sobres qui lui permettront de s\u2019int\u00e9grer parfaitement dans tout type de jardin<br \/>\nSon coffre compact d\u00e9di\u00e9 au volet roulant immerg\u00e9[\/vc_column_text][\/vc_column][\/vc_row]<\/p>\n<\/div>","protected":false},"excerpt":{"rendered":"<p>Digne h\u00e9riti\u00e8re de la Brooklyn dont elle partage les m\u00eame lignes, d\u00e9couvrez la Brooklyn C ! R\u00e9solument tendance, cette piscine coque rectangulaire s\u2019int\u00e9grera avec \u00e9l\u00e9gance dans votre jardin. A la diff\u00e9rence du mod\u00e8le d\u2019origine, la piscine Brooklyn C est \u00e9quip\u00e9e d\u2019un caisson pour int\u00e9grer un volet immerg\u00e9. L\u2019installation de ce dernier n\u2019empi\u00e8tera donc pas sur l\u2019espace de nage de votre piscine.<\/p>\n","protected":false},"featured_media":1988,"comment_status":"closed","ping_status":"closed","template":"","meta":[],"product_cat":[38],"product_tag":[],"aioseo_notices":[],"_links":{"self":[{"href":"https:\/\/www.ermeco.com\/piscine-sauna-hammam\/wp-json\/wp\/v2\/product\/1926"}],"collection":[{"href":"https:\/\/www.ermeco.com\/piscine-sauna-hammam\/wp-json\/wp\/v2\/product"}],"about":[{"href":"https:\/\/www.ermeco.com\/piscine-sauna-hammam\/wp-json\/wp\/v2\/types\/product"}],"replies":[{"embeddable":true,"href":"https:\/\/www.ermeco.com\/piscine-sauna-hammam\/wp-json\/wp\/v2\/comments?post=1926"}],"wp:featuredmedia":[{"embeddable":true,"href":"https:\/\/www.ermeco.com\/piscine-sauna-hammam\/wp-json\/wp\/v2\/media\/1988"}],"wp:attachment":[{"href":"https:\/\/www.ermeco.com\/piscine-sauna-hammam\/wp-json\/wp\/v2\/media?parent=1926"}],"wp:term":[{"taxonomy":"product_cat","embeddable":true,"href":"https:\/\/www.ermeco.com\/piscine-sauna-hammam\/wp-json\/wp\/v2\/product_cat?post=1926"},{"taxonomy":"product_tag","embeddable":true,"href":"https:\/\/www.ermeco.com\/piscine-sauna-hammam\/wp-json\/wp\/v2\/product_tag?post=1926"}],"curies":[{"name":"wp","href":"https:\/\/api.w.org\/{rel}","templated":true}]}}