{"id":1930,"date":"2024-04-01T10:58:24","date_gmt":"2024-04-01T08:58:24","guid":{"rendered":"https:\/\/www.ermeco.com\/piscine-sauna-hammam\/?post_type=product&#038;p=1930"},"modified":"2024-04-01T10:59:01","modified_gmt":"2024-04-01T08:59:01","slug":"robot-dolphin-m600","status":"publish","type":"product","link":"https:\/\/www.ermeco.com\/piscine-sauna-hammam\/produit\/robot-dolphin-m600\/","title":{"rendered":"Robot Dolphin M600"},"content":{"rendered":"<div class=\"wpb-content-wrapper\"><p>[vc_row][vc_column][vc_column_text woodmart_inline=\u00a0\u00bbno\u00a0\u00bb text_larger=\u00a0\u00bbno\u00a0\u00bb]R\u00e9cemment con\u00e7u, il offre desperformances de nettoyage optimales, une manipulation pratique et uneutilisation simple qui ne n\u00e9cessite aucune intervention de votre part. Un maximum de performance de nettoyage : \u00b7 Nettoyage complet de la piscine, gr\u00e2ce au brossage actif quifrotte et \u00e9limine algues et bact\u00e9ries. \u00b7 Filtration sup\u00e9rieure des d\u00e9bris et des fines particules pour uneeau limpide.\u00b7 Syst\u00e8me de navigation gyroscopique qui corrige la trajectoire durobot lors de son d\u00e9placement : pente, obstacle, d\u00e9s\u00e9quilibre li\u00e9 au c\u00e2ble\u2026 etqui permet un balayage pr\u00e9cis et efficace pour un nettoyage syst\u00e9matique detoute la piscine. Un minimumd\u2019efforts et de contraintes :\u00b7 Totalement automatique \u2013 programmez le robot et il s\u2019occupe detout. \u00b7 Nettoyage continu \u2013 syst\u00e8me anti-obstacles avec protection dumoteur. \u00b7 Application mobile MyDolphin\u2122 Plus : contr\u00f4le du robot \u00e0 distanceet facilit\u00e9 de manipulation. \u00b7 Mode \u00ab R\u00e9cup\u00e9rez-moi \u00bb : permet de faire remonter le robot auborde de la piscine lorsqu\u2019il a termin\u00e9 son cycle. Always connected : \u00b7 Contr\u00f4lez votre robot nettoyeur de piscine Dolphin de n\u2019importeo\u00f9, \u00e0 n\u2019importe quel moment via l\u2019application MyDolphin\u2122 Plus. Connect\u00e9 via leCloud, ce robot de piscine in\u00e9dit peut \u00eatre pilot\u00e9 et programm\u00e9 en temps r\u00e9el !\u00b7 Recevez des conseils, des notifications et des alertes pour unusage encore plus exceptionnel de votre robot.[\/vc_column_text][\/vc_column][\/vc_row]<\/p>\n<\/div>","protected":false},"excerpt":{"rendered":"<p>Le robot nettoyeur de piscine Dolphin M600 de Maytronics facilite \u00e0 l\u2019extr\u00eame l\u2019entretien de votre piscine, toujours propre et pr\u00eate pour votre plaisir, avec un minimum de contraintes et d\u2019efforts.<\/p>\n","protected":false},"featured_media":1997,"comment_status":"closed","ping_status":"closed","template":"","meta":[],"product_cat":[40],"product_tag":[],"aioseo_notices":[],"_links":{"self":[{"href":"https:\/\/www.ermeco.com\/piscine-sauna-hammam\/wp-json\/wp\/v2\/product\/1930"}],"collection":[{"href":"https:\/\/www.ermeco.com\/piscine-sauna-hammam\/wp-json\/wp\/v2\/product"}],"about":[{"href":"https:\/\/www.ermeco.com\/piscine-sauna-hammam\/wp-json\/wp\/v2\/types\/product"}],"replies":[{"embeddable":true,"href":"https:\/\/www.ermeco.com\/piscine-sauna-hammam\/wp-json\/wp\/v2\/comments?post=1930"}],"wp:featuredmedia":[{"embeddable":true,"href":"https:\/\/www.ermeco.com\/piscine-sauna-hammam\/wp-json\/wp\/v2\/media\/1997"}],"wp:attachment":[{"href":"https:\/\/www.ermeco.com\/piscine-sauna-hammam\/wp-json\/wp\/v2\/media?parent=1930"}],"wp:term":[{"taxonomy":"product_cat","embeddable":true,"href":"https:\/\/www.ermeco.com\/piscine-sauna-hammam\/wp-json\/wp\/v2\/product_cat?post=1930"},{"taxonomy":"product_tag","embeddable":true,"href":"https:\/\/www.ermeco.com\/piscine-sauna-hammam\/wp-json\/wp\/v2\/product_tag?post=1930"}],"curies":[{"name":"wp","href":"https:\/\/api.w.org\/{rel}","templated":true}]}}