{"id":1931,"date":"2024-04-01T10:58:25","date_gmt":"2024-04-01T08:58:25","guid":{"rendered":"https:\/\/www.ermeco.com\/piscine-sauna-hammam\/?post_type=product&#038;p=1931"},"modified":"2024-04-01T10:59:05","modified_gmt":"2024-04-01T08:59:05","slug":"robot-dolphin-m400","status":"publish","type":"product","link":"https:\/\/www.ermeco.com\/piscine-sauna-hammam\/produit\/robot-dolphin-m400\/","title":{"rendered":"Robot Dolphin M400"},"content":{"rendered":"<div class=\"wpb-content-wrapper\"><p>[vc_row][vc_column][vc_column_text woodmart_inline=\u00a0\u00bbno\u00a0\u00bb text_larger=\u00a0\u00bbno\u00a0\u00bb]Des performances sup\u00e9rieures de nettoyage :\u00b7 Nettoyage complet de la piscine, gr\u00e2ce au triple brossage actif qui frotte et \u00e9limine algues et bact\u00e9ries.\u00b7 Double niveau de filtration et double finesse de filtration de s\u00e9rie pour un nettoyage sans risque de colmatage dans toutes les conditions.\u00b7 Syst\u00e8me de navigation gyroscopique qui corrige la trajectoire du robot lors de son d\u00e9placement : pente, obstacle, d\u00e9s\u00e9quilibre li\u00e9 au c\u00e2ble\u2026 et qui permet un balayage pr\u00e9cis et efficace pour un nettoyage syst\u00e9matique de toute la piscine. Un fonctionnement ne n\u00e9cessitant aucun effort : \u00b7 Enti\u00e8rement automatique, une fois programm\u00e9 le robot s\u2019occupe de tout.\u00b7 Nettoyage continu, syst\u00e8me anti-obstacles avec protection du moteur. Always connected : \u00b7 Contr\u00f4lez votre robot nettoyeur de piscine Dolphin de n\u2019importe o\u00f9, \u00e0 n\u2019importe quel moment via l\u2019application MyDolphin\u2122 Plus. Connect\u00e9 via le Cloud, ce robot de piscine in\u00e9dit peut \u00eatre pilot\u00e9 et programm\u00e9 en temps r\u00e9el ! \u00b7 Recevez des conseils, des notifications et des alertes pour une utilisation encore plus exceptionnelle de votre robot. Une fiabilit\u00e9 \u00e0 toute \u00e9preuve : Con\u00e7u pour durer, pour des ann\u00e9es de nettoyage sans contrainte.[\/vc_column_text][\/vc_column][\/vc_row]<\/p>\n<\/div>","protected":false},"excerpt":{"rendered":"<p>Recommand\u00e9 pour piscines jusqu\u2019\u00e0 15 m de longueur, le M400 brosse, frotte, aspire et filtre la piscine enti\u00e8re, y compris le sol, les parois et la ligne d\u2019eau. Double motorisation pour un meilleur d\u00e9placement du robot et gyroscope int\u00e9gr\u00e9 pour une pr\u00e9cision de nettoyage optimale des piscines de forme complexe.<\/p>\n","protected":false},"featured_media":1999,"comment_status":"closed","ping_status":"closed","template":"","meta":[],"product_cat":[40],"product_tag":[],"aioseo_notices":[],"_links":{"self":[{"href":"https:\/\/www.ermeco.com\/piscine-sauna-hammam\/wp-json\/wp\/v2\/product\/1931"}],"collection":[{"href":"https:\/\/www.ermeco.com\/piscine-sauna-hammam\/wp-json\/wp\/v2\/product"}],"about":[{"href":"https:\/\/www.ermeco.com\/piscine-sauna-hammam\/wp-json\/wp\/v2\/types\/product"}],"replies":[{"embeddable":true,"href":"https:\/\/www.ermeco.com\/piscine-sauna-hammam\/wp-json\/wp\/v2\/comments?post=1931"}],"wp:featuredmedia":[{"embeddable":true,"href":"https:\/\/www.ermeco.com\/piscine-sauna-hammam\/wp-json\/wp\/v2\/media\/1999"}],"wp:attachment":[{"href":"https:\/\/www.ermeco.com\/piscine-sauna-hammam\/wp-json\/wp\/v2\/media?parent=1931"}],"wp:term":[{"taxonomy":"product_cat","embeddable":true,"href":"https:\/\/www.ermeco.com\/piscine-sauna-hammam\/wp-json\/wp\/v2\/product_cat?post=1931"},{"taxonomy":"product_tag","embeddable":true,"href":"https:\/\/www.ermeco.com\/piscine-sauna-hammam\/wp-json\/wp\/v2\/product_tag?post=1931"}],"curies":[{"name":"wp","href":"https:\/\/api.w.org\/{rel}","templated":true}]}}