{"id":1932,"date":"2024-04-01T10:58:25","date_gmt":"2024-04-01T08:58:25","guid":{"rendered":"https:\/\/www.ermeco.com\/piscine-sauna-hammam\/?post_type=product&#038;p=1932"},"modified":"2024-04-01T10:59:08","modified_gmt":"2024-04-01T08:59:08","slug":"robot-dolphin-m700","status":"publish","type":"product","link":"https:\/\/www.ermeco.com\/piscine-sauna-hammam\/produit\/robot-dolphin-m700\/","title":{"rendered":"Robot Dolphin M700"},"content":{"rendered":"<div class=\"wpb-content-wrapper\"><p>[vc_row][vc_column][vc_column_text woodmart_inline=\u00a0\u00bbno\u00a0\u00bb text_larger=\u00a0\u00bbno\u00a0\u00bb]Utilisez l\u2019application mobile MyDolphinTM Plus pour personnaliser les programmes de nettoyage et les adapter aux besoins de votre piscine. Le Dolphin M700 a \u00e9t\u00e9 con\u00e7u pour offrir un nettoyage incomparable du fond, des parois<br \/>\net de la ligne d\u2019eau. Il est dot\u00e9 d\u2019un capteur unique qui vous permet de savoir quelle est la temp\u00e9rature de l\u2019eau de votre piscine et d\u2019une jauge qui vous montre exactement le niveau de remplissage du filtre.[\/vc_column_text][\/vc_column][\/vc_row]<\/p>\n<\/div>","protected":false},"excerpt":{"rendered":"<p>Des performances de nettoyage in\u00e9gal\u00e9es. Un nettoyage de piscine d\u2019un autre niveau. Le robot nettoyeur de piscine Dolphin M700 de Maytronics vous permet d\u2019\u00e9conomiser un temps pr\u00e9cieux lors du nettoyage de la piscine gr\u00e2ce \u00e0 son fonctionnement simple et sa connectivit\u00e9 Wi-Fi\u00ae.<\/p>\n","protected":false},"featured_media":2003,"comment_status":"closed","ping_status":"closed","template":"","meta":[],"product_cat":[40],"product_tag":[],"aioseo_notices":[],"_links":{"self":[{"href":"https:\/\/www.ermeco.com\/piscine-sauna-hammam\/wp-json\/wp\/v2\/product\/1932"}],"collection":[{"href":"https:\/\/www.ermeco.com\/piscine-sauna-hammam\/wp-json\/wp\/v2\/product"}],"about":[{"href":"https:\/\/www.ermeco.com\/piscine-sauna-hammam\/wp-json\/wp\/v2\/types\/product"}],"replies":[{"embeddable":true,"href":"https:\/\/www.ermeco.com\/piscine-sauna-hammam\/wp-json\/wp\/v2\/comments?post=1932"}],"wp:featuredmedia":[{"embeddable":true,"href":"https:\/\/www.ermeco.com\/piscine-sauna-hammam\/wp-json\/wp\/v2\/media\/2003"}],"wp:attachment":[{"href":"https:\/\/www.ermeco.com\/piscine-sauna-hammam\/wp-json\/wp\/v2\/media?parent=1932"}],"wp:term":[{"taxonomy":"product_cat","embeddable":true,"href":"https:\/\/www.ermeco.com\/piscine-sauna-hammam\/wp-json\/wp\/v2\/product_cat?post=1932"},{"taxonomy":"product_tag","embeddable":true,"href":"https:\/\/www.ermeco.com\/piscine-sauna-hammam\/wp-json\/wp\/v2\/product_tag?post=1932"}],"curies":[{"name":"wp","href":"https:\/\/api.w.org\/{rel}","templated":true}]}}