{"id":1935,"date":"2024-04-01T10:58:25","date_gmt":"2024-04-01T08:58:25","guid":{"rendered":"https:\/\/www.ermeco.com\/piscine-sauna-hammam\/?post_type=product&#038;p=1935"},"modified":"2024-04-01T10:59:23","modified_gmt":"2024-04-01T08:59:23","slug":"robot-leon-3","status":"publish","type":"product","link":"https:\/\/www.ermeco.com\/piscine-sauna-hammam\/produit\/robot-leon-3\/","title":{"rendered":"Robot L\u00e9on 3"},"content":{"rendered":"<div class=\"wpb-content-wrapper\"><p>[vc_row][vc_column][vc_column_text woodmart_inline=\u00a0\u00bbno\u00a0\u00bb text_larger=\u00a0\u00bbno\u00a0\u00bb]Vivez une exp\u00e9rience exceptionnelle et connect\u00e9e<br \/>\n<strong>Des performances exceptionnelles<\/strong><br \/>\nUn nettoyage total et une filtration de l\u2019eau maximale, gr\u00e2ce au syst\u00e8me de navigation pour une couverture de nettoyage compl\u00e8te.<\/p>\n<p><strong>Facilit\u00e9 d\u2019utilisation<\/strong><br \/>\nLa solution la plus simple, la plus efficace et la plus \u00e9conomique pour garder votre piscine propre.<\/p>\n<p><strong>Tranquillit\u00e9 d\u2019esprit<\/strong><br \/>\nD\u00e9tendez-vous et profitez de votre piscine en sachant que vous utilisez le robot nettoyeur le plus intelligent et le plus vendu.<\/p>\n<p><strong>Connectivit\u00e9 Wi-Fi\u00ae<\/strong><br \/>\nL\u2019application mobile MyDolphinTM Plus vous offre un<br \/>\nnettoyage in\u00e9dit de la piscine, contr\u00f4lable de n\u2019importe o\u00f9, \u00e0 n\u2019importe quel moment.[\/vc_column_text][\/vc_column][\/vc_row]<\/p>\n<\/div>","protected":false},"excerpt":{"rendered":"<p>Le nettoyage complet de la piscine devient facile<br \/>\nOffrez-vous plus de confort lors du nettoyage de votre piscine avec le Dolphin Leon 3 de Maytronics et ses fonctionnalit\u00e9s avanc\u00e9es telles que la filtration multicouches. Les options de ce robot Dolphin de Maytronics comprennent un mode de nettoyage standard pour un nettoyage complet en deux heures et un mode rapide pour un nettoyage efficace en une heure.<br \/>\nAvec l\u2019application mobile MyDolphinTM Plus, le Leon 3 est toujours connect\u00e9, vous permettant de contr\u00f4ler votre robot de n\u2019importe o\u00f9, \u00e0 n\u2019importe quel moment, et de choisir votre cycle de nettoyage (rapide : 1h ou standard : 2h).<\/p>\n","protected":false},"featured_media":2024,"comment_status":"closed","ping_status":"closed","template":"","meta":[],"product_cat":[40],"product_tag":[],"aioseo_notices":[],"_links":{"self":[{"href":"https:\/\/www.ermeco.com\/piscine-sauna-hammam\/wp-json\/wp\/v2\/product\/1935"}],"collection":[{"href":"https:\/\/www.ermeco.com\/piscine-sauna-hammam\/wp-json\/wp\/v2\/product"}],"about":[{"href":"https:\/\/www.ermeco.com\/piscine-sauna-hammam\/wp-json\/wp\/v2\/types\/product"}],"replies":[{"embeddable":true,"href":"https:\/\/www.ermeco.com\/piscine-sauna-hammam\/wp-json\/wp\/v2\/comments?post=1935"}],"wp:featuredmedia":[{"embeddable":true,"href":"https:\/\/www.ermeco.com\/piscine-sauna-hammam\/wp-json\/wp\/v2\/media\/2024"}],"wp:attachment":[{"href":"https:\/\/www.ermeco.com\/piscine-sauna-hammam\/wp-json\/wp\/v2\/media?parent=1935"}],"wp:term":[{"taxonomy":"product_cat","embeddable":true,"href":"https:\/\/www.ermeco.com\/piscine-sauna-hammam\/wp-json\/wp\/v2\/product_cat?post=1935"},{"taxonomy":"product_tag","embeddable":true,"href":"https:\/\/www.ermeco.com\/piscine-sauna-hammam\/wp-json\/wp\/v2\/product_tag?post=1935"}],"curies":[{"name":"wp","href":"https:\/\/api.w.org\/{rel}","templated":true}]}}