{"id":1936,"date":"2024-04-01T10:58:25","date_gmt":"2024-04-01T08:58:25","guid":{"rendered":"https:\/\/www.ermeco.com\/piscine-sauna-hammam\/?post_type=product&#038;p=1936"},"modified":"2024-04-01T10:59:25","modified_gmt":"2024-04-01T08:59:25","slug":"robot-leon-1","status":"publish","type":"product","link":"https:\/\/www.ermeco.com\/piscine-sauna-hammam\/produit\/robot-leon-1\/","title":{"rendered":"Robot L\u00e9on 1"},"content":{"rendered":"<div class=\"wpb-content-wrapper\"><p>[vc_row][vc_column][vc_column_text woodmart_inline=\u00a0\u00bbno\u00a0\u00bb text_larger=\u00a0\u00bbno\u00a0\u00bb]<strong>Des performances exceptionnelles.<\/strong><br \/>\nUn nettoyage total et une filtration de l&rsquo;eau maximale, gr\u00e2ce au syst\u00e8me de navigation pour une couverture de nettoyage compl\u00e8te.<\/p>\n<p><strong>Facilit\u00e9 d&rsquo;utilisation<\/strong><br \/>\nLa solution la plus simple, la plus efficace et la plus \u00e9conomique pour garder votre piscine propre.<\/p>\n<p><strong>Tranquilit\u00e9 d&rsquo;esprit<\/strong><br \/>\nD\u00e9tendez vous et profitez de votre piscine en sachant que vous utilisez le robot nettoyeur le plus intelligent et le plus vendu.[\/vc_column_text][\/vc_column][\/vc_row]<\/p>\n<\/div>","protected":false},"excerpt":{"rendered":"<p>Vivez une exp\u00e9rience exceptionnelle. Choisissez le robot le plus adapt\u00e9 \u00e0 votre piscine \u00e0 un prix abordable.<\/p>\n","protected":false},"featured_media":2025,"comment_status":"closed","ping_status":"closed","template":"","meta":[],"product_cat":[40],"product_tag":[],"aioseo_notices":[],"_links":{"self":[{"href":"https:\/\/www.ermeco.com\/piscine-sauna-hammam\/wp-json\/wp\/v2\/product\/1936"}],"collection":[{"href":"https:\/\/www.ermeco.com\/piscine-sauna-hammam\/wp-json\/wp\/v2\/product"}],"about":[{"href":"https:\/\/www.ermeco.com\/piscine-sauna-hammam\/wp-json\/wp\/v2\/types\/product"}],"replies":[{"embeddable":true,"href":"https:\/\/www.ermeco.com\/piscine-sauna-hammam\/wp-json\/wp\/v2\/comments?post=1936"}],"wp:featuredmedia":[{"embeddable":true,"href":"https:\/\/www.ermeco.com\/piscine-sauna-hammam\/wp-json\/wp\/v2\/media\/2025"}],"wp:attachment":[{"href":"https:\/\/www.ermeco.com\/piscine-sauna-hammam\/wp-json\/wp\/v2\/media?parent=1936"}],"wp:term":[{"taxonomy":"product_cat","embeddable":true,"href":"https:\/\/www.ermeco.com\/piscine-sauna-hammam\/wp-json\/wp\/v2\/product_cat?post=1936"},{"taxonomy":"product_tag","embeddable":true,"href":"https:\/\/www.ermeco.com\/piscine-sauna-hammam\/wp-json\/wp\/v2\/product_tag?post=1936"}],"curies":[{"name":"wp","href":"https:\/\/api.w.org\/{rel}","templated":true}]}}