{"id":1938,"date":"2024-04-01T10:58:25","date_gmt":"2024-04-01T08:58:25","guid":{"rendered":"https:\/\/www.ermeco.com\/piscine-sauna-hammam\/?post_type=product&#038;p=1938"},"modified":"2024-04-01T10:59:32","modified_gmt":"2024-04-01T08:59:32","slug":"robot-dolphin-liberty-200","status":"publish","type":"product","link":"https:\/\/www.ermeco.com\/piscine-sauna-hammam\/produit\/robot-dolphin-liberty-200\/","title":{"rendered":"Robot Dolphin Liberty 200"},"content":{"rendered":"<div class=\"wpb-content-wrapper\"><p>[vc_row][vc_column][vc_column_text woodmart_inline=\u00a0\u00bbno\u00a0\u00bb text_larger=\u00a0\u00bbno\u00a0\u00bb]Gr\u00e2ce \u00e0 un nettoyage puissant et intense et \u00e0 un syst\u00e8me de filtration sup\u00e9rieur, vous b\u00e9n\u00e9ficiez de la m\u00eame fiabilit\u00e9 et du m\u00eame service que les autres robots Dolphin \u2013 maintenant sans fil ! La nouvelle g\u00e9n\u00e9ration de nettoyage de piscine sans fil : \u00b7 Charge par induction : connexion magn\u00e9tique pour une charge tr\u00e8s facile. \u00b7 Filtration des d\u00e9bris fins pour un nettoyage exceptionnel. \u00b7 Brossage actif puissant et intense pour un nettoyage in\u00e9gal\u00e9.Couverture totale de la piscine gr\u00e2ce au syst\u00e8me de d\u00e9placement intelligent CleverClean\u2122.Un robot l\u00e9ger et facile \u00e0 manipuler :\u00b7 Crochet de r\u00e9cup\u00e9ration : en fin de cycle, le robot s\u2019arr\u00eate toujours pr\u00e8s d\u2019une paroi de la piscine, \u00e0 port\u00e9e du crochet. \u00b7 Sa conception l\u00e9g\u00e8re facilite sa r\u00e9cup\u00e9ration dans l\u2019eau une fois son cycle termin\u00e9. \u00b7 Acc\u00e8s au syst\u00e8me de filtration par le haut \u2013 permet un nettoyage rapide des filtres. Et toujours les services Dolphin : \u00b7 Un service apr\u00e8s-vente disponible et \u00e0 l\u2019\u00e9coute. Un r\u00e9seau de revendeurs centre de maintenance agr\u00e9\u00e9s Maytronics.[\/vc_column_text][\/vc_column][\/vc_row]<\/p>\n<\/div>","protected":false},"excerpt":{"rendered":"<p>Le Dolphin LIBERTY 200 pr\u00e9sente un nouveau design sans fil pour une agilit\u00e9 in\u00e9gal\u00e9e et une charge par induction facile et rapide \u00e0 mettre en place gr\u00e2ce \u00e0 la connexion magn\u00e9tique.<\/p>\n","protected":false},"featured_media":2030,"comment_status":"closed","ping_status":"closed","template":"","meta":[],"product_cat":[40],"product_tag":[],"aioseo_notices":[],"_links":{"self":[{"href":"https:\/\/www.ermeco.com\/piscine-sauna-hammam\/wp-json\/wp\/v2\/product\/1938"}],"collection":[{"href":"https:\/\/www.ermeco.com\/piscine-sauna-hammam\/wp-json\/wp\/v2\/product"}],"about":[{"href":"https:\/\/www.ermeco.com\/piscine-sauna-hammam\/wp-json\/wp\/v2\/types\/product"}],"replies":[{"embeddable":true,"href":"https:\/\/www.ermeco.com\/piscine-sauna-hammam\/wp-json\/wp\/v2\/comments?post=1938"}],"wp:featuredmedia":[{"embeddable":true,"href":"https:\/\/www.ermeco.com\/piscine-sauna-hammam\/wp-json\/wp\/v2\/media\/2030"}],"wp:attachment":[{"href":"https:\/\/www.ermeco.com\/piscine-sauna-hammam\/wp-json\/wp\/v2\/media?parent=1938"}],"wp:term":[{"taxonomy":"product_cat","embeddable":true,"href":"https:\/\/www.ermeco.com\/piscine-sauna-hammam\/wp-json\/wp\/v2\/product_cat?post=1938"},{"taxonomy":"product_tag","embeddable":true,"href":"https:\/\/www.ermeco.com\/piscine-sauna-hammam\/wp-json\/wp\/v2\/product_tag?post=1938"}],"curies":[{"name":"wp","href":"https:\/\/api.w.org\/{rel}","templated":true}]}}