{"id":1941,"date":"2024-04-01T10:58:26","date_gmt":"2024-04-01T08:58:26","guid":{"rendered":"https:\/\/www.ermeco.com\/piscine-sauna-hammam\/?post_type=product&#038;p=1941"},"modified":"2024-04-01T10:59:44","modified_gmt":"2024-04-01T08:59:44","slug":"robot-leon-2","status":"publish","type":"product","link":"https:\/\/www.ermeco.com\/piscine-sauna-hammam\/produit\/robot-leon-2\/","title":{"rendered":"Robot L\u00e9on 2"},"content":{"rendered":"<div class=\"wpb-content-wrapper\"><p>[vc_row][vc_column][vc_column_text woodmart_inline=\u00a0\u00bbno\u00a0\u00bb text_larger=\u00a0\u00bbno\u00a0\u00bb]<strong>Des performances exceptionnelles<\/strong><br \/>\nUn nettoyage total et une filtration de l\u2019eau maximale, gr\u00e2ce au syst\u00e8me de navigation pour une couverture de nettoyage compl\u00e8te.<\/p>\n<p><strong>Facilit\u00e9 d\u2019utilisation<\/strong><br \/>\nLa solution la plus simple, la plus efficace et la plus \u00e9conomique pour garder votre piscine propre.<\/p>\n<p><strong>Tranquillit\u00e9 d\u2019esprit<\/strong><br \/>\nD\u00e9tendez-vous et profitez de votre piscine en sachant que vous utilisez le robot nettoyeur le plus intelligent et le plus vendu.[\/vc_column_text][\/vc_column][\/vc_row]<\/p>\n<\/div>","protected":false},"excerpt":{"rendered":"<p>Le nettoyage complet de la piscine devient facile. Optez pour le meilleur r\u00e9sultat de nettoyage de votre piscine avec le Leon 2 de Maytronics. Gr\u00e2ce \u00e0 son poids ultral\u00e9ger et \u00e0 son \u00e9vacuation rapide de l\u2019eau, le Dolphin Leon 2 de Maytronics est extr\u00eamement facile \u00e0 manipuler. La filtration multicouches permet de capturer simultan\u00e9ment les gros d\u00e9bris et les particules fines et ultrafines. De plus, la double action de brossage et le syst\u00e8me de navigation PowerStream garantissent une couverture efficace de la piscine et un nettoyage minutieux quelque soit le rev\u00eatement.<br \/>\nLe fond, les parois et la ligne d\u2019eau seront parfaitement propres<\/p>\n","protected":false},"featured_media":2045,"comment_status":"closed","ping_status":"closed","template":"","meta":[],"product_cat":[40],"product_tag":[],"aioseo_notices":[],"_links":{"self":[{"href":"https:\/\/www.ermeco.com\/piscine-sauna-hammam\/wp-json\/wp\/v2\/product\/1941"}],"collection":[{"href":"https:\/\/www.ermeco.com\/piscine-sauna-hammam\/wp-json\/wp\/v2\/product"}],"about":[{"href":"https:\/\/www.ermeco.com\/piscine-sauna-hammam\/wp-json\/wp\/v2\/types\/product"}],"replies":[{"embeddable":true,"href":"https:\/\/www.ermeco.com\/piscine-sauna-hammam\/wp-json\/wp\/v2\/comments?post=1941"}],"wp:featuredmedia":[{"embeddable":true,"href":"https:\/\/www.ermeco.com\/piscine-sauna-hammam\/wp-json\/wp\/v2\/media\/2045"}],"wp:attachment":[{"href":"https:\/\/www.ermeco.com\/piscine-sauna-hammam\/wp-json\/wp\/v2\/media?parent=1941"}],"wp:term":[{"taxonomy":"product_cat","embeddable":true,"href":"https:\/\/www.ermeco.com\/piscine-sauna-hammam\/wp-json\/wp\/v2\/product_cat?post=1941"},{"taxonomy":"product_tag","embeddable":true,"href":"https:\/\/www.ermeco.com\/piscine-sauna-hammam\/wp-json\/wp\/v2\/product_tag?post=1941"}],"curies":[{"name":"wp","href":"https:\/\/api.w.org\/{rel}","templated":true}]}}