{"id":1981,"date":"2024-04-01T10:58:50","date_gmt":"2024-04-01T08:58:50","guid":{"rendered":"https:\/\/www.ermeco.com\/piscine-sauna-hammam\/?post_type=product&#038;p=1981"},"modified":"2024-04-01T10:59:55","modified_gmt":"2024-04-01T08:59:55","slug":"azura-350-x-505","status":"publish","type":"product","link":"https:\/\/www.ermeco.com\/piscine-sauna-hammam\/produit\/azura-350-x-505\/","title":{"rendered":"Azura 350 x 505"},"content":{"rendered":"<p><strong>Caract\u00e9ristiques<\/strong><br \/>\nDim. ext\u00e9rieures : 350 x 505 cm<br \/>\nDim. int\u00e9rieures : 300 x 455 cm<br \/>\nHauteur: 126 cm<br \/>\nVolume d&rsquo;eau : 15,8 m3<br \/>\nSurface de nage : 13,6 m2<\/p>\n<p><strong>Les \u00e9quipements<\/strong><br \/>\nFiltration \u00e0 sable<br \/>\nEchelle ext\u00e9rieure bois 4 marches amovible<br \/>\nEchelle int\u00e9rieure inox 3 marches<br \/>\nFeutre de fond anti bact\u00e9rien<br \/>\n4 pieds m\u00e9talliques longs et 4 x rev\u00eatements en bois pour les pieds m\u00e9talliques longs<\/p>\n","protected":false},"excerpt":{"rendered":"<p>Piscines AZURA, de forme hexagonale ou rectangulaire, vous permettront de trouver place sur n&rsquo;importe quelle surface de terrain. De part leur hauteur r\u00e9duite (de 120 \u00e0 130 cm) elles feront le bonheur des plus petits. Sous la surveillance des parents, bien s\u00fbr !<\/p>\n","protected":false},"featured_media":2056,"comment_status":"closed","ping_status":"closed","template":"","meta":[],"product_cat":[42],"product_tag":[],"aioseo_notices":[],"_links":{"self":[{"href":"https:\/\/www.ermeco.com\/piscine-sauna-hammam\/wp-json\/wp\/v2\/product\/1981"}],"collection":[{"href":"https:\/\/www.ermeco.com\/piscine-sauna-hammam\/wp-json\/wp\/v2\/product"}],"about":[{"href":"https:\/\/www.ermeco.com\/piscine-sauna-hammam\/wp-json\/wp\/v2\/types\/product"}],"replies":[{"embeddable":true,"href":"https:\/\/www.ermeco.com\/piscine-sauna-hammam\/wp-json\/wp\/v2\/comments?post=1981"}],"wp:featuredmedia":[{"embeddable":true,"href":"https:\/\/www.ermeco.com\/piscine-sauna-hammam\/wp-json\/wp\/v2\/media\/2056"}],"wp:attachment":[{"href":"https:\/\/www.ermeco.com\/piscine-sauna-hammam\/wp-json\/wp\/v2\/media?parent=1981"}],"wp:term":[{"taxonomy":"product_cat","embeddable":true,"href":"https:\/\/www.ermeco.com\/piscine-sauna-hammam\/wp-json\/wp\/v2\/product_cat?post=1981"},{"taxonomy":"product_tag","embeddable":true,"href":"https:\/\/www.ermeco.com\/piscine-sauna-hammam\/wp-json\/wp\/v2\/product_tag?post=1981"}],"curies":[{"name":"wp","href":"https:\/\/api.w.org\/{rel}","templated":true}]}}