{"id":2018,"date":"2024-04-01T10:59:18","date_gmt":"2024-04-01T08:59:18","guid":{"rendered":"https:\/\/www.ermeco.com\/piscine-sauna-hammam\/?post_type=product&#038;p=2018"},"modified":"2024-04-01T11:00:17","modified_gmt":"2024-04-01T09:00:17","slug":"spa-tonic-3-places","status":"publish","type":"product","link":"https:\/\/www.ermeco.com\/piscine-sauna-hammam\/produit\/spa-tonic-3-places\/","title":{"rendered":"Spa Tonic 3 places"},"content":{"rendered":"<p>Une place de choix pour une profonde relaxation des lombaires et des trap\u00e8zes. Pour le bas de votre corps le LEG AQUA PALPING vous offrira un massage intense des mollets et des cuisses avec un mouvement de bas en haut. Profitez \u00e9galement d\u2019une r\u00e9flexo- logie plantaire intense gr\u00e2ce aux jets AQUA REFLEX plac\u00e9s sous la plante de vos pieds.<br \/>\nProfitez du massage du dos DEEP ENERGY avec sa large buse grand d\u00e9bit et ses quatre buses plac\u00e9es de part et d\u2019autre de votre colonne vert\u00e9brale.<br \/>\nPoursuivez votre parcours par l\u2019une des places reines du spa TONIC, l \u2019AQUA PALPING. Elle vous offre un massage intense du dos gr\u00e2ce \u00e0 ses 3 jets puissants exer\u00e7ant un mouvement d\u2019eau vertical provoquant une sensation d\u2019\u00e9tirement. Les jambes lourdes trouveront enfin leur repos gr\u00e2ce au massage TONIC COCOON qui offre un parfait enveloppement des mollets d\u00e9tendus par une multitude de jets. B\u00e9n\u00e9ficiez \u00e9galement d\u2019une r\u00e9flexologie plantaire intense AQUA REFLEX.<\/p>\n","protected":false},"excerpt":{"rendered":"<p>Prenez place dans le spa TONIC \u00e0 l\u2019ergonomie unique et compacte et profitez de son confort in\u00e9gal\u00e9.<br \/>\nConfortablement install\u00e9, profitez du massage HYDRORELAX dans un si\u00e8ge tr\u00e8s enveloppant.<\/p>\n","protected":false},"featured_media":2084,"comment_status":"closed","ping_status":"closed","template":"","meta":[],"product_cat":[48],"product_tag":[],"aioseo_notices":[],"_links":{"self":[{"href":"https:\/\/www.ermeco.com\/piscine-sauna-hammam\/wp-json\/wp\/v2\/product\/2018"}],"collection":[{"href":"https:\/\/www.ermeco.com\/piscine-sauna-hammam\/wp-json\/wp\/v2\/product"}],"about":[{"href":"https:\/\/www.ermeco.com\/piscine-sauna-hammam\/wp-json\/wp\/v2\/types\/product"}],"replies":[{"embeddable":true,"href":"https:\/\/www.ermeco.com\/piscine-sauna-hammam\/wp-json\/wp\/v2\/comments?post=2018"}],"wp:featuredmedia":[{"embeddable":true,"href":"https:\/\/www.ermeco.com\/piscine-sauna-hammam\/wp-json\/wp\/v2\/media\/2084"}],"wp:attachment":[{"href":"https:\/\/www.ermeco.com\/piscine-sauna-hammam\/wp-json\/wp\/v2\/media?parent=2018"}],"wp:term":[{"taxonomy":"product_cat","embeddable":true,"href":"https:\/\/www.ermeco.com\/piscine-sauna-hammam\/wp-json\/wp\/v2\/product_cat?post=2018"},{"taxonomy":"product_tag","embeddable":true,"href":"https:\/\/www.ermeco.com\/piscine-sauna-hammam\/wp-json\/wp\/v2\/product_tag?post=2018"}],"curies":[{"name":"wp","href":"https:\/\/api.w.org\/{rel}","templated":true}]}}