{"id":2039,"date":"2024-04-01T10:59:41","date_gmt":"2024-04-01T08:59:41","guid":{"rendered":"https:\/\/www.ermeco.com\/piscine-sauna-hammam\/?post_type=product&#038;p=2039"},"modified":"2024-04-01T11:00:35","modified_gmt":"2024-04-01T09:00:35","slug":"spa-cocktail-6-places","status":"publish","type":"product","link":"https:\/\/www.ermeco.com\/piscine-sauna-hammam\/produit\/spa-cocktail-6-places\/","title":{"rendered":"Spa Cocktail 6 places"},"content":{"rendered":"<p>Commencez par la place assise vous offrant le massage WATER WALL, un v\u00e9ritable mur de jets intenses pour soulager les tensions de votre dos. Confortablement install\u00e9, profitez du massage HYDRO RELAX dans un si\u00e8ge tr\u00e8s enveloppant. Une place de choix pour une profonde relaxation des lom- baires et des trap\u00e8zes. Le massage fessier pr\u00e9sent sur cette place en fait un incontournable de votre parcours th\u00e9rapeutique.<br \/>\nRetrouvez un peu de calme sur la place HYDRO SOFT et profitez d\u2019un doux massage de vos homoplates.<br \/>\nPoursuivez votre parcours par l\u2019une des places reines du spa Cocktail, l\u2019AQUA PALPING. Elle vous offre un massage intense de tout votre corps en commen\u00e7ant par une agr\u00e9able r\u00e9flexologie plantaire AQUA REFLEX, un massage des jambes et des fes- siers puis de votre dos gr\u00e2ce \u00e0 ses 3 jets puissants exer\u00e7ant un mouve- ment d\u2019eau vertical provoquant une sensation d\u2019\u00e9tirement. B\u00e9n\u00e9ficiez \u00e9galement du massage complet cou- nuque-\u00e9paules.<br \/>\nInstallez-vous ensuite dans la seconde place HYDRO SOFT avec ses quatre buses de massage plac\u00e9es de part et d\u2019autre de votre colonne vert\u00e9brale.<br \/>\nConfortablement allong\u00e9, profitez du massage du dos enveloppant HYDRO RELAX et de la r\u00e9flexologie plantaire intense AQUA REFLEX gr\u00e2ce aux jets plac\u00e9s sous la plante de vos pieds. Les jambes lourdes trouveront enfin leur repos gr\u00e2ce au massage TONIC COCOON qui offre un parfait enveloppement des mollets d\u00e9tendus par une multitude de jets<\/p>\n","protected":false},"excerpt":{"rendered":"<p>Appr\u00e9ciez les lignes tr\u00e8s \u00e9pur\u00e9es du spa Cocktail. Ce luxueux spa 6 places vous offre une ergonomie bien particuli\u00e8re qui devrait ravir les plus exigeants avec pour chaque place de massage des sp\u00e9cificit\u00e9s m\u00e9ticuleusement \u00e9tudi\u00e9es.<\/p>\n","protected":false},"featured_media":2097,"comment_status":"closed","ping_status":"closed","template":"","meta":[],"product_cat":[48],"product_tag":[],"aioseo_notices":[],"_links":{"self":[{"href":"https:\/\/www.ermeco.com\/piscine-sauna-hammam\/wp-json\/wp\/v2\/product\/2039"}],"collection":[{"href":"https:\/\/www.ermeco.com\/piscine-sauna-hammam\/wp-json\/wp\/v2\/product"}],"about":[{"href":"https:\/\/www.ermeco.com\/piscine-sauna-hammam\/wp-json\/wp\/v2\/types\/product"}],"replies":[{"embeddable":true,"href":"https:\/\/www.ermeco.com\/piscine-sauna-hammam\/wp-json\/wp\/v2\/comments?post=2039"}],"wp:featuredmedia":[{"embeddable":true,"href":"https:\/\/www.ermeco.com\/piscine-sauna-hammam\/wp-json\/wp\/v2\/media\/2097"}],"wp:attachment":[{"href":"https:\/\/www.ermeco.com\/piscine-sauna-hammam\/wp-json\/wp\/v2\/media?parent=2039"}],"wp:term":[{"taxonomy":"product_cat","embeddable":true,"href":"https:\/\/www.ermeco.com\/piscine-sauna-hammam\/wp-json\/wp\/v2\/product_cat?post=2039"},{"taxonomy":"product_tag","embeddable":true,"href":"https:\/\/www.ermeco.com\/piscine-sauna-hammam\/wp-json\/wp\/v2\/product_tag?post=2039"}],"curies":[{"name":"wp","href":"https:\/\/api.w.org\/{rel}","templated":true}]}}