{"id":2071,"date":"2024-04-01T11:00:06","date_gmt":"2024-04-01T09:00:06","guid":{"rendered":"https:\/\/www.ermeco.com\/piscine-sauna-hammam\/?post_type=product&#038;p=2071"},"modified":"2024-04-01T11:01:07","modified_gmt":"2024-04-01T09:01:07","slug":"sauna-spectra","status":"publish","type":"product","link":"https:\/\/www.ermeco.com\/piscine-sauna-hammam\/produit\/sauna-spectra\/","title":{"rendered":"Sauna Spectra"},"content":{"rendered":"<div class=\"wpb-content-wrapper\"><p>[vc_row][vc_column][vc_column_text woodmart_inline=\u00a0\u00bbno\u00a0\u00bb text_larger=\u00a0\u00bbno\u00a0\u00bb]Avec sa technologie Dual Healthy, le Spectra propose les 2 principales technologies d\u2019infrarouge pour diff\u00e9rents bienfaits. Choisissez entre Full Spectrum Quartz pour soulager les muscles et articulations, ou magn\u00e9sium pour favoriser la sudation et stimuler la circulation sanguine. Fabriqu\u00e9 en \u00e9pic\u00e9a du Canada, le Spectra met tout en \u0153uvre pour que votre s\u00e9ance soit parfaite. Luminaires ext\u00e9rieurs, audio, chromoth\u00e9rapie, panneau de commande d\u00e9port\u00e9, autant de d\u00e9tails qui facilitent la vie et font de ce sauna un best seller avec ses 3 dimensions au choix.<\/p>\n<p><strong>Full spectrum Quartz + Magnesium<\/strong><br \/>\n&#8211; Conseill\u00e9es en cas de douleurs articulaires, les ondes courtes \u00e9mises par les \u00e9meteurs Quartz p\u00e9n\u00e8trent profond\u00e9ment dans la peau.<br \/>\n&#8211; Le magn\u00e9sium quant \u00e0 lui \u00e9met une chaleur enveloppante intense. L\u2019\u00e9piderme est ainsi stimul\u00e9 pour augmenter la sudation et la sensation de d\u00e9tente.<\/p>\n<p><strong>POINTS FORTS<\/strong><br \/>\nPanneaux Quartz \/ Magn\u00e9sium<br \/>\nPanneaux Carbone au sol<br \/>\nPanneau de contr\u00f4le<br \/>\nChromoth\u00e9rapie[\/vc_column_text][vc_single_image image=\u00a0\u00bb9705&Prime; img_size=\u00a0\u00bblarge\u00a0\u00bb alignment=\u00a0\u00bbcenter\u00a0\u00bb onclick=\u00a0\u00bblink_image\u00a0\u00bb css_animation=\u00a0\u00bbnone\u00a0\u00bb title=\u00a0\u00bbCaract\u00e9ristiques\u00a0\u00bb parallax_scroll=\u00a0\u00bbno\u00a0\u00bb woodmart_inline=\u00a0\u00bbno\u00a0\u00bb][\/vc_column][\/vc_row]<\/p>\n<\/div>","protected":false},"excerpt":{"rendered":"<p>La nouvelle g\u00e9n\u00e9ration d\u2019infrarouges Dual Healthy. De 2 \u00e0 4 places. Besoin de d\u00e9tente et de l\u00e2cher prise ? Rien de tel qu\u2019une s\u00e9ance de sauna pour recharger les batteries.<\/p>\n","protected":false},"featured_media":2127,"comment_status":"closed","ping_status":"closed","template":"","meta":[],"product_cat":[50],"product_tag":[],"aioseo_notices":[],"_links":{"self":[{"href":"https:\/\/www.ermeco.com\/piscine-sauna-hammam\/wp-json\/wp\/v2\/product\/2071"}],"collection":[{"href":"https:\/\/www.ermeco.com\/piscine-sauna-hammam\/wp-json\/wp\/v2\/product"}],"about":[{"href":"https:\/\/www.ermeco.com\/piscine-sauna-hammam\/wp-json\/wp\/v2\/types\/product"}],"replies":[{"embeddable":true,"href":"https:\/\/www.ermeco.com\/piscine-sauna-hammam\/wp-json\/wp\/v2\/comments?post=2071"}],"wp:featuredmedia":[{"embeddable":true,"href":"https:\/\/www.ermeco.com\/piscine-sauna-hammam\/wp-json\/wp\/v2\/media\/2127"}],"wp:attachment":[{"href":"https:\/\/www.ermeco.com\/piscine-sauna-hammam\/wp-json\/wp\/v2\/media?parent=2071"}],"wp:term":[{"taxonomy":"product_cat","embeddable":true,"href":"https:\/\/www.ermeco.com\/piscine-sauna-hammam\/wp-json\/wp\/v2\/product_cat?post=2071"},{"taxonomy":"product_tag","embeddable":true,"href":"https:\/\/www.ermeco.com\/piscine-sauna-hammam\/wp-json\/wp\/v2\/product_tag?post=2071"}],"curies":[{"name":"wp","href":"https:\/\/api.w.org\/{rel}","templated":true}]}}