{"id":2115,"date":"2024-04-01T11:00:51","date_gmt":"2024-04-01T09:00:51","guid":{"rendered":"https:\/\/www.ermeco.com\/piscine-sauna-hammam\/?post_type=product&#038;p=2115"},"modified":"2024-04-01T11:02:58","modified_gmt":"2024-04-01T09:02:58","slug":"spa-pasadena","status":"publish","type":"product","link":"https:\/\/www.ermeco.com\/piscine-sauna-hammam\/produit\/spa-pasadena\/","title":{"rendered":"Spa Pasadena"},"content":{"rendered":"<p>5 places<br \/>\n240 X 240 X 98 cm<br \/>\n77 hydrojets + 22 a\u00e9rojets r\u00e9tro-\u00e9clair\u00e9s<br \/>\n51 Leds + 1 spot submarine<br \/>\nPurification Ozone O3 (+ lampe UV en option)<br \/>\nCouverture incluse<br \/>\nCascade r\u00e9tro-\u00e9clair\u00e9e<br \/>\nAromath\u00e9rapie<\/p>\n","protected":false},"excerpt":{"rendered":"<p>Le King Size.<\/p>\n","protected":false},"featured_media":2187,"comment_status":"closed","ping_status":"closed","template":"","meta":[],"product_cat":[48],"product_tag":[],"aioseo_notices":[],"_links":{"self":[{"href":"https:\/\/www.ermeco.com\/piscine-sauna-hammam\/wp-json\/wp\/v2\/product\/2115"}],"collection":[{"href":"https:\/\/www.ermeco.com\/piscine-sauna-hammam\/wp-json\/wp\/v2\/product"}],"about":[{"href":"https:\/\/www.ermeco.com\/piscine-sauna-hammam\/wp-json\/wp\/v2\/types\/product"}],"replies":[{"embeddable":true,"href":"https:\/\/www.ermeco.com\/piscine-sauna-hammam\/wp-json\/wp\/v2\/comments?post=2115"}],"wp:featuredmedia":[{"embeddable":true,"href":"https:\/\/www.ermeco.com\/piscine-sauna-hammam\/wp-json\/wp\/v2\/media\/2187"}],"wp:attachment":[{"href":"https:\/\/www.ermeco.com\/piscine-sauna-hammam\/wp-json\/wp\/v2\/media?parent=2115"}],"wp:term":[{"taxonomy":"product_cat","embeddable":true,"href":"https:\/\/www.ermeco.com\/piscine-sauna-hammam\/wp-json\/wp\/v2\/product_cat?post=2115"},{"taxonomy":"product_tag","embeddable":true,"href":"https:\/\/www.ermeco.com\/piscine-sauna-hammam\/wp-json\/wp\/v2\/product_tag?post=2115"}],"curies":[{"name":"wp","href":"https:\/\/api.w.org\/{rel}","templated":true}]}}