{"id":2135,"date":"2024-04-01T11:01:15","date_gmt":"2024-04-01T09:01:15","guid":{"rendered":"https:\/\/www.ermeco.com\/piscine-sauna-hammam\/?post_type=product&#038;p=2135"},"modified":"2024-04-01T11:03:11","modified_gmt":"2024-04-01T09:03:11","slug":"volet-mayotte","status":"publish","type":"product","link":"https:\/\/www.ermeco.com\/piscine-sauna-hammam\/produit\/volet-mayotte\/","title":{"rendered":"Volet Mayotte"},"content":{"rendered":"<p>L\u2019enrouleur Mayotte est un volet immerg\u00e9 avec un moteur central. Il peut \u00eatre install\u00e9 sur des piscines existantes ou nouvellement construites jusqu\u2019\u00e0 une taille maximale de 7.00 m x 14.00 m. Ce volet est discret et les caillebotis sont immerg\u00e9s. Il peut \u00eatre utilis\u00e9 avec des murs en ma\u00e7onnerie ou avec un mur de s\u00e9paration en PVC fix\u00e9 par paroi ou \u00e9querre.<\/p>\n<p>L\u2019enrouleur sera \u00e9quip\u00e9 de deux poutres anodis\u00e9es avec des \u00e9l\u00e9ments de guidage. Vous avez le choix entre des caillebotis en polypropyl\u00e8ne ou en bois IPE de classe 5 pour usage en milieu marin. La cloison et les glissi\u00e8res seront en PVC avec fixation par paroi ou \u00e9querre et pourront \u00eatre install\u00e9es sur des piscines jusqu\u2019\u00e0 2.00 m de profondeur.<\/p>\n<p>Vous pouvez choisir parmi quatre couleurs de lames : blanc, sable, gris clair, gris fonc\u00e9 ou polycarbonate. Les accessoires (poutre, caillebotis, cloison et glissi\u00e8re) peuvent \u00eatre personnalis\u00e9s en blanc, sable, gris clair ou gris fonc\u00e9.<\/p>\n","protected":false},"excerpt":{"rendered":"<p>Enrouleurs Immerg\u00e9s Enrouleur Mayotte L\u2019enrouleur Mayotte est un volet immerg\u00e9 avec un moteur central.<\/p>\n","protected":false},"featured_media":2206,"comment_status":"closed","ping_status":"closed","template":"","meta":[],"product_cat":[60],"product_tag":[],"aioseo_notices":[],"_links":{"self":[{"href":"https:\/\/www.ermeco.com\/piscine-sauna-hammam\/wp-json\/wp\/v2\/product\/2135"}],"collection":[{"href":"https:\/\/www.ermeco.com\/piscine-sauna-hammam\/wp-json\/wp\/v2\/product"}],"about":[{"href":"https:\/\/www.ermeco.com\/piscine-sauna-hammam\/wp-json\/wp\/v2\/types\/product"}],"replies":[{"embeddable":true,"href":"https:\/\/www.ermeco.com\/piscine-sauna-hammam\/wp-json\/wp\/v2\/comments?post=2135"}],"wp:featuredmedia":[{"embeddable":true,"href":"https:\/\/www.ermeco.com\/piscine-sauna-hammam\/wp-json\/wp\/v2\/media\/2206"}],"wp:attachment":[{"href":"https:\/\/www.ermeco.com\/piscine-sauna-hammam\/wp-json\/wp\/v2\/media?parent=2135"}],"wp:term":[{"taxonomy":"product_cat","embeddable":true,"href":"https:\/\/www.ermeco.com\/piscine-sauna-hammam\/wp-json\/wp\/v2\/product_cat?post=2135"},{"taxonomy":"product_tag","embeddable":true,"href":"https:\/\/www.ermeco.com\/piscine-sauna-hammam\/wp-json\/wp\/v2\/product_tag?post=2135"}],"curies":[{"name":"wp","href":"https:\/\/api.w.org\/{rel}","templated":true}]}}