{"id":2137,"date":"2024-04-01T11:01:15","date_gmt":"2024-04-01T09:01:15","guid":{"rendered":"https:\/\/www.ermeco.com\/piscine-sauna-hammam\/?post_type=product&#038;p=2137"},"modified":"2024-04-01T11:03:25","modified_gmt":"2024-04-01T09:03:25","slug":"volet-seychelle","status":"publish","type":"product","link":"https:\/\/www.ermeco.com\/piscine-sauna-hammam\/produit\/volet-seychelle\/","title":{"rendered":"Volet Seychelle"},"content":{"rendered":"<p>L\u2019enrouleur Seychelles est un volet immerg\u00e9 \u00e9quip\u00e9 d\u2019un moteur int\u00e9gr\u00e9 dans l\u2019axe. Il convient aux piscines existantes ou \u00e0 construire de taille maximale de 7.00 x 14.00 m. Il est rev\u00eatu d\u2019un caillebotis pour une esth\u00e9tique discr\u00e8te et peut \u00eatre utilis\u00e9 avec un mur ma\u00e7onn\u00e9 ou une cloison pr\u00e9fabriqu\u00e9e en PVC avec fixation paroi ou \u00e9querre.<\/p>\n<p>Il est fourni avec une poutre standard recouverte de 80 mm et offre la possibilit\u00e9 d\u2019utiliser des caillebotis en ALU, en polypropyl\u00e8ne ou en bois, ainsi que des cloisons et des glissi\u00e8res en PVC avec fixation paroi ou \u00e9querre. La cloison peut \u00eatre install\u00e9e sur un bassin de profondeur maximale de 2.00 m.<\/p>\n<p>Vous pouvez choisir parmi quatre couleurs de lames : blanc, sable, gris clair, gris fonc\u00e9 ou polycarbonate. Les accessoires (poutre, caillebotis, cloison et glissi\u00e8re) peuvent \u00eatre personnalis\u00e9s en blanc, sable, gris clair ou gris fonc\u00e9.<\/p>\n","protected":false},"excerpt":{"rendered":"<p>Enrouleurs Immerg\u00e9s Enrouleur Seychelle L\u2019enrouleur Seychelles est un volet immerg\u00e9 \u00e9quip\u00e9 d\u2019un moteur int\u00e9gr\u00e9 dans l\u2019axe.<\/p>\n","protected":false},"featured_media":2208,"comment_status":"closed","ping_status":"closed","template":"","meta":[],"product_cat":[60],"product_tag":[],"aioseo_notices":[],"_links":{"self":[{"href":"https:\/\/www.ermeco.com\/piscine-sauna-hammam\/wp-json\/wp\/v2\/product\/2137"}],"collection":[{"href":"https:\/\/www.ermeco.com\/piscine-sauna-hammam\/wp-json\/wp\/v2\/product"}],"about":[{"href":"https:\/\/www.ermeco.com\/piscine-sauna-hammam\/wp-json\/wp\/v2\/types\/product"}],"replies":[{"embeddable":true,"href":"https:\/\/www.ermeco.com\/piscine-sauna-hammam\/wp-json\/wp\/v2\/comments?post=2137"}],"wp:featuredmedia":[{"embeddable":true,"href":"https:\/\/www.ermeco.com\/piscine-sauna-hammam\/wp-json\/wp\/v2\/media\/2208"}],"wp:attachment":[{"href":"https:\/\/www.ermeco.com\/piscine-sauna-hammam\/wp-json\/wp\/v2\/media?parent=2137"}],"wp:term":[{"taxonomy":"product_cat","embeddable":true,"href":"https:\/\/www.ermeco.com\/piscine-sauna-hammam\/wp-json\/wp\/v2\/product_cat?post=2137"},{"taxonomy":"product_tag","embeddable":true,"href":"https:\/\/www.ermeco.com\/piscine-sauna-hammam\/wp-json\/wp\/v2\/product_tag?post=2137"}],"curies":[{"name":"wp","href":"https:\/\/api.w.org\/{rel}","templated":true}]}}