{"id":2156,"date":"2024-04-01T11:01:39","date_gmt":"2024-04-01T09:01:39","guid":{"rendered":"https:\/\/www.ermeco.com\/piscine-sauna-hammam\/?post_type=product&#038;p=2156"},"modified":"2024-04-01T11:03:35","modified_gmt":"2024-04-01T09:03:35","slug":"atlantis-ronde","status":"publish","type":"product","link":"https:\/\/www.ermeco.com\/piscine-sauna-hammam\/produit\/atlantis-ronde\/","title":{"rendered":"Atlantis Ronde"},"content":{"rendered":"<div class=\"wpb-content-wrapper\"><p>[vc_row][vc_column][vc_column_text woodmart_inline=\u00a0\u00bbno\u00a0\u00bb text_larger=\u00a0\u00bbno\u00a0\u00bb]La gamme Atlantis est compos\u00e9e de 3 piscines rondes en acier blanc qui sont livr\u00e9es avec un liner qui b\u00e9n\u00e9ficie d&rsquo;un traitement anti-ultraviolet contre le vieillissement du PVC. Ces piscines sont \u00e9galement livr\u00e9es avec tous les composants n\u00e9cessaires pour un montage facile : structure en acier blanc, liner, filtration \u00e0 sable (sable inclus), \u00e9chelle et tapis de sol.[\/vc_column_text][\/vc_column][\/vc_row]<\/p>\n<\/div>","protected":false},"excerpt":{"rendered":"<p>Sp\u00e9cialement con\u00e7ue pour un montage hors-sol et sans besoin d&rsquo;\u00eatre mont\u00e9e sur une dalle de b\u00e9ton la gamme Atlantis se caract\u00e9rise principalement par sa grande r\u00e9sistance.<\/p>\n","protected":false},"featured_media":2223,"comment_status":"closed","ping_status":"closed","template":"","meta":[],"product_cat":[62],"product_tag":[],"aioseo_notices":[],"_links":{"self":[{"href":"https:\/\/www.ermeco.com\/piscine-sauna-hammam\/wp-json\/wp\/v2\/product\/2156"}],"collection":[{"href":"https:\/\/www.ermeco.com\/piscine-sauna-hammam\/wp-json\/wp\/v2\/product"}],"about":[{"href":"https:\/\/www.ermeco.com\/piscine-sauna-hammam\/wp-json\/wp\/v2\/types\/product"}],"replies":[{"embeddable":true,"href":"https:\/\/www.ermeco.com\/piscine-sauna-hammam\/wp-json\/wp\/v2\/comments?post=2156"}],"wp:featuredmedia":[{"embeddable":true,"href":"https:\/\/www.ermeco.com\/piscine-sauna-hammam\/wp-json\/wp\/v2\/media\/2223"}],"wp:attachment":[{"href":"https:\/\/www.ermeco.com\/piscine-sauna-hammam\/wp-json\/wp\/v2\/media?parent=2156"}],"wp:term":[{"taxonomy":"product_cat","embeddable":true,"href":"https:\/\/www.ermeco.com\/piscine-sauna-hammam\/wp-json\/wp\/v2\/product_cat?post=2156"},{"taxonomy":"product_tag","embeddable":true,"href":"https:\/\/www.ermeco.com\/piscine-sauna-hammam\/wp-json\/wp\/v2\/product_tag?post=2156"}],"curies":[{"name":"wp","href":"https:\/\/api.w.org\/{rel}","templated":true}]}}