{"id":2159,"date":"2024-04-01T11:01:40","date_gmt":"2024-04-01T09:01:40","guid":{"rendered":"https:\/\/www.ermeco.com\/piscine-sauna-hammam\/?post_type=product&#038;p=2159"},"modified":"2024-04-01T11:03:37","modified_gmt":"2024-04-01T09:03:37","slug":"haiti-ovale","status":"publish","type":"product","link":"https:\/\/www.ermeco.com\/piscine-sauna-hammam\/produit\/haiti-ovale\/","title":{"rendered":"Haiti Ovale"},"content":{"rendered":"<div class=\"wpb-content-wrapper\"><p>[vc_row][vc_column][vc_column_text woodmart_inline=\u00a0\u00bbno\u00a0\u00bb text_larger=\u00a0\u00bbno\u00a0\u00bb]Ces piscines sont faciles \u00e0 installer sans besoin particulier de r\u00e9aliser des travaux ou d&rsquo;obtenir un permis de construire. Il suffit juste de r\u00e9aliser des tranch\u00e9es pour enterrer les poteaux qui servent d&rsquo;appui \u00e0 la structure. Ces piscines sont livr\u00e9es avec tous les composants et \u00e9quipements n\u00e9cessaires pour un montage facile : structure en acier liner skimmer groupe de filtration \u00e0 sable tapis de sol et \u00e9chelle.[\/vc_column_text][\/vc_column][\/vc_row]<\/p>\n<\/div>","protected":false},"excerpt":{"rendered":"<p>La gamme de piscines Ha\u00efti se pr\u00e9sente comme l&rsquo;une des gammes historiques des piscines GRE. Cette gamme est compos\u00e9e de 5 de piscines ovales en acier avec un syst\u00e8me de renforts \u00e0 enterrer directement \u00e0 m\u00eame le sol.<\/p>\n","protected":false},"featured_media":2226,"comment_status":"closed","ping_status":"closed","template":"","meta":[],"product_cat":[62],"product_tag":[],"aioseo_notices":[],"_links":{"self":[{"href":"https:\/\/www.ermeco.com\/piscine-sauna-hammam\/wp-json\/wp\/v2\/product\/2159"}],"collection":[{"href":"https:\/\/www.ermeco.com\/piscine-sauna-hammam\/wp-json\/wp\/v2\/product"}],"about":[{"href":"https:\/\/www.ermeco.com\/piscine-sauna-hammam\/wp-json\/wp\/v2\/types\/product"}],"replies":[{"embeddable":true,"href":"https:\/\/www.ermeco.com\/piscine-sauna-hammam\/wp-json\/wp\/v2\/comments?post=2159"}],"wp:featuredmedia":[{"embeddable":true,"href":"https:\/\/www.ermeco.com\/piscine-sauna-hammam\/wp-json\/wp\/v2\/media\/2226"}],"wp:attachment":[{"href":"https:\/\/www.ermeco.com\/piscine-sauna-hammam\/wp-json\/wp\/v2\/media?parent=2159"}],"wp:term":[{"taxonomy":"product_cat","embeddable":true,"href":"https:\/\/www.ermeco.com\/piscine-sauna-hammam\/wp-json\/wp\/v2\/product_cat?post=2159"},{"taxonomy":"product_tag","embeddable":true,"href":"https:\/\/www.ermeco.com\/piscine-sauna-hammam\/wp-json\/wp\/v2\/product_tag?post=2159"}],"curies":[{"name":"wp","href":"https:\/\/api.w.org\/{rel}","templated":true}]}}