{"id":2180,"date":"2024-04-01T11:02:44","date_gmt":"2024-04-01T09:02:44","guid":{"rendered":"https:\/\/www.ermeco.com\/piscine-sauna-hammam\/?post_type=product&#038;p=2180"},"modified":"2024-04-01T11:03:45","modified_gmt":"2024-04-01T09:03:45","slug":"sicilia-ronde","status":"publish","type":"product","link":"https:\/\/www.ermeco.com\/piscine-sauna-hammam\/produit\/sicilia-ronde\/","title":{"rendered":"Sicilia Ronde"},"content":{"rendered":"<div class=\"wpb-content-wrapper\"><p>[vc_row][vc_column][vc_column_text woodmart_inline=\u00a0\u00bbno\u00a0\u00bb text_larger=\u00a0\u00bbno\u00a0\u00bb]Ces piscines sont faciles \u00e0 installer sans besoin particulier en travaux ou permis de construire gr\u00e2ce \u00e0 ses jambes de force lat\u00e9rales qui renforcent la structure de la piscine.Les piscines de la gamme Sicilia sont livr\u00e9es avec tous les composants n\u00e9cessaires pour un rapide et facile montage : structure acier imitation bois, filtration \u00e0 cartouche, liner et \u00e9chelle.[\/vc_column_text][\/vc_column][\/vc_row]<\/p>\n<\/div>","protected":false},"excerpt":{"rendered":"<p>Les piscines hors-sol en acier imitation bois de la gamme Sicilia vous permettront de maximiser au maximum l&rsquo;espace de votre jardin. Vous profiterez ainsi de grands moments en famille ou entre amis.<\/p>\n","protected":false},"featured_media":2237,"comment_status":"closed","ping_status":"closed","template":"","meta":[],"product_cat":[62],"product_tag":[],"aioseo_notices":[],"_links":{"self":[{"href":"https:\/\/www.ermeco.com\/piscine-sauna-hammam\/wp-json\/wp\/v2\/product\/2180"}],"collection":[{"href":"https:\/\/www.ermeco.com\/piscine-sauna-hammam\/wp-json\/wp\/v2\/product"}],"about":[{"href":"https:\/\/www.ermeco.com\/piscine-sauna-hammam\/wp-json\/wp\/v2\/types\/product"}],"replies":[{"embeddable":true,"href":"https:\/\/www.ermeco.com\/piscine-sauna-hammam\/wp-json\/wp\/v2\/comments?post=2180"}],"wp:featuredmedia":[{"embeddable":true,"href":"https:\/\/www.ermeco.com\/piscine-sauna-hammam\/wp-json\/wp\/v2\/media\/2237"}],"wp:attachment":[{"href":"https:\/\/www.ermeco.com\/piscine-sauna-hammam\/wp-json\/wp\/v2\/media?parent=2180"}],"wp:term":[{"taxonomy":"product_cat","embeddable":true,"href":"https:\/\/www.ermeco.com\/piscine-sauna-hammam\/wp-json\/wp\/v2\/product_cat?post=2180"},{"taxonomy":"product_tag","embeddable":true,"href":"https:\/\/www.ermeco.com\/piscine-sauna-hammam\/wp-json\/wp\/v2\/product_tag?post=2180"}],"curies":[{"name":"wp","href":"https:\/\/api.w.org\/{rel}","templated":true}]}}