{"id":2181,"date":"2024-04-01T11:02:44","date_gmt":"2024-04-01T09:02:44","guid":{"rendered":"https:\/\/www.ermeco.com\/piscine-sauna-hammam\/?post_type=product&#038;p=2181"},"modified":"2024-04-01T11:03:46","modified_gmt":"2024-04-01T09:03:46","slug":"louko-ronde","status":"publish","type":"product","link":"https:\/\/www.ermeco.com\/piscine-sauna-hammam\/produit\/louko-ronde\/","title":{"rendered":"Louko Ronde"},"content":{"rendered":"<div class=\"wpb-content-wrapper\"><p>[vc_row][vc_column][vc_column_text woodmart_inline=\u00a0\u00bbno\u00a0\u00bb text_larger=\u00a0\u00bbno\u00a0\u00bb]Caract\u00e9ristiques : C&rsquo;est une piscine ronde avec des parois en acier gris. Liner PVC couleur bleu 30\/100. Structure en acier. Protections moul\u00e9es par injection. \u00c9quipement : Filtration \u00e0 sable qui inclus un ensemble de skimmer tuyaux de connexion et sable silex. \u00c9chelle de s\u00e9curit\u00e9.[\/vc_column_text][\/vc_column][\/vc_row]<\/p>\n<\/div>","protected":false},"excerpt":{"rendered":"<p>La piscine hors-sol en acier gris s&rsquo;installe facilement sans n\u00e9cessit\u00e9 de r\u00e9aliser des travaux d&rsquo;excavation et s&rsquo;adapte a n&rsquo;importe quel lieux gr\u00e2ce \u00e0 sa long\u00e9vit\u00e9.<\/p>\n","protected":false},"featured_media":2239,"comment_status":"closed","ping_status":"closed","template":"","meta":[],"product_cat":[62],"product_tag":[],"aioseo_notices":[],"_links":{"self":[{"href":"https:\/\/www.ermeco.com\/piscine-sauna-hammam\/wp-json\/wp\/v2\/product\/2181"}],"collection":[{"href":"https:\/\/www.ermeco.com\/piscine-sauna-hammam\/wp-json\/wp\/v2\/product"}],"about":[{"href":"https:\/\/www.ermeco.com\/piscine-sauna-hammam\/wp-json\/wp\/v2\/types\/product"}],"replies":[{"embeddable":true,"href":"https:\/\/www.ermeco.com\/piscine-sauna-hammam\/wp-json\/wp\/v2\/comments?post=2181"}],"wp:featuredmedia":[{"embeddable":true,"href":"https:\/\/www.ermeco.com\/piscine-sauna-hammam\/wp-json\/wp\/v2\/media\/2239"}],"wp:attachment":[{"href":"https:\/\/www.ermeco.com\/piscine-sauna-hammam\/wp-json\/wp\/v2\/media?parent=2181"}],"wp:term":[{"taxonomy":"product_cat","embeddable":true,"href":"https:\/\/www.ermeco.com\/piscine-sauna-hammam\/wp-json\/wp\/v2\/product_cat?post=2181"},{"taxonomy":"product_tag","embeddable":true,"href":"https:\/\/www.ermeco.com\/piscine-sauna-hammam\/wp-json\/wp\/v2\/product_tag?post=2181"}],"curies":[{"name":"wp","href":"https:\/\/api.w.org\/{rel}","templated":true}]}}