{"id":2198,"date":"2024-04-01T11:03:06","date_gmt":"2024-04-01T09:03:06","guid":{"rendered":"https:\/\/www.ermeco.com\/piscine-sauna-hammam\/?post_type=product&#038;p=2198"},"modified":"2024-04-01T11:03:56","modified_gmt":"2024-04-01T09:03:56","slug":"amazonia-ovale","status":"publish","type":"product","link":"https:\/\/www.ermeco.com\/piscine-sauna-hammam\/produit\/amazonia-ovale\/","title":{"rendered":"Amazonia Ovale"},"content":{"rendered":"<div class=\"wpb-content-wrapper\"><p>[vc_row][vc_column][vc_column_text woodmart_inline=\u00a0\u00bbno\u00a0\u00bb text_larger=\u00a0\u00bbno\u00a0\u00bb]Ce syst\u00e8me permet d&rsquo;optimiser un maximum l&rsquo;espace du jardin sans n\u00e9cessit\u00e9 de devoir faire une dalle b\u00e9ton.<\/p>\n<p>Le kit de la piscine est livr\u00e9 complet avec l&rsquo;ensemble des \u00e9quipements et composants n\u00e9cessaire pour le montage : structure acier, liner, skimmer, filtre \u00e0 sable, tapis de sol et \u00e9chelle.[\/vc_column_text][\/vc_column][\/vc_row]<\/p>\n<\/div>","protected":false},"excerpt":{"rendered":"<p>La gamme de piscine Amazonia est compos\u00e9e de deux piscines acier ovales imitation bois. Ces piscines s&rsquo;installent facilement gr\u00e2ce \u00e0 son syst\u00e8me de renforts \u00e0 enterrer directement \u00e0 m\u00eame le sol.<\/p>\n","protected":false},"featured_media":2268,"comment_status":"closed","ping_status":"closed","template":"","meta":[],"product_cat":[62],"product_tag":[],"aioseo_notices":[],"_links":{"self":[{"href":"https:\/\/www.ermeco.com\/piscine-sauna-hammam\/wp-json\/wp\/v2\/product\/2198"}],"collection":[{"href":"https:\/\/www.ermeco.com\/piscine-sauna-hammam\/wp-json\/wp\/v2\/product"}],"about":[{"href":"https:\/\/www.ermeco.com\/piscine-sauna-hammam\/wp-json\/wp\/v2\/types\/product"}],"replies":[{"embeddable":true,"href":"https:\/\/www.ermeco.com\/piscine-sauna-hammam\/wp-json\/wp\/v2\/comments?post=2198"}],"wp:featuredmedia":[{"embeddable":true,"href":"https:\/\/www.ermeco.com\/piscine-sauna-hammam\/wp-json\/wp\/v2\/media\/2268"}],"wp:attachment":[{"href":"https:\/\/www.ermeco.com\/piscine-sauna-hammam\/wp-json\/wp\/v2\/media?parent=2198"}],"wp:term":[{"taxonomy":"product_cat","embeddable":true,"href":"https:\/\/www.ermeco.com\/piscine-sauna-hammam\/wp-json\/wp\/v2\/product_cat?post=2198"},{"taxonomy":"product_tag","embeddable":true,"href":"https:\/\/www.ermeco.com\/piscine-sauna-hammam\/wp-json\/wp\/v2\/product_tag?post=2198"}],"curies":[{"name":"wp","href":"https:\/\/api.w.org\/{rel}","templated":true}]}}