{"id":2214,"date":"2024-04-01T11:03:30","date_gmt":"2024-04-01T09:03:30","guid":{"rendered":"https:\/\/www.ermeco.com\/piscine-sauna-hammam\/?post_type=product&#038;p=2214"},"modified":"2024-04-01T11:04:03","modified_gmt":"2024-04-01T09:04:03","slug":"volet-immerge-rollin","status":"publish","type":"product","link":"https:\/\/www.ermeco.com\/piscine-sauna-hammam\/produit\/volet-immerge-rollin\/","title":{"rendered":"Volet immerg\u00e9 Rollin"},"content":{"rendered":"<div class=\"wpb-content-wrapper\"><p>[vc_row][vc_column][vc_column_text woodmart_inline=\u00a0\u00bbno\u00a0\u00bb text_larger=\u00a0\u00bbno\u00a0\u00bb]TYPE DE PISCINE<br \/>\nPour piscines de 3,00 m x 3,00 m jusqu&rsquo;\u00e0 10,00 m x 16,50 m.<\/p>\n<p>ADAPTABLE AUX BASSINS DE GRANDES DIMENSIONS<br \/>\nSp\u00e9cialement con\u00e7u pour les grands bassins, le Rollin s&rsquo;adapte aux piscines jusqu&rsquo;\u00e0 9,00 m de large et 18,50 m de long et 10,00 m de large et 16,50 m de long.<\/p>\n<p>ID\u00c9AL POUR LA MAINTENANCE<br \/>\nGr\u00e2ce \u00e0 son moteur install\u00e9 dans un coffre sec \u00e0 c\u00f4t\u00e9 du bassin, la maintenance et les d\u00e9pannages sont facilit\u00e9s.[\/vc_column_text][\/vc_column][\/vc_row]<\/p>\n<\/div>","protected":false},"excerpt":{"rendered":"<p>Longueur bassin max. en m : 16,50, Largeur bassin max. en m : 10,00, Motorisation : en coffre sec<\/p>\n","protected":false},"featured_media":2275,"comment_status":"closed","ping_status":"closed","template":"","meta":[],"product_cat":[60],"product_tag":[],"aioseo_notices":[],"_links":{"self":[{"href":"https:\/\/www.ermeco.com\/piscine-sauna-hammam\/wp-json\/wp\/v2\/product\/2214"}],"collection":[{"href":"https:\/\/www.ermeco.com\/piscine-sauna-hammam\/wp-json\/wp\/v2\/product"}],"about":[{"href":"https:\/\/www.ermeco.com\/piscine-sauna-hammam\/wp-json\/wp\/v2\/types\/product"}],"replies":[{"embeddable":true,"href":"https:\/\/www.ermeco.com\/piscine-sauna-hammam\/wp-json\/wp\/v2\/comments?post=2214"}],"wp:featuredmedia":[{"embeddable":true,"href":"https:\/\/www.ermeco.com\/piscine-sauna-hammam\/wp-json\/wp\/v2\/media\/2275"}],"wp:attachment":[{"href":"https:\/\/www.ermeco.com\/piscine-sauna-hammam\/wp-json\/wp\/v2\/media?parent=2214"}],"wp:term":[{"taxonomy":"product_cat","embeddable":true,"href":"https:\/\/www.ermeco.com\/piscine-sauna-hammam\/wp-json\/wp\/v2\/product_cat?post=2214"},{"taxonomy":"product_tag","embeddable":true,"href":"https:\/\/www.ermeco.com\/piscine-sauna-hammam\/wp-json\/wp\/v2\/product_tag?post=2214"}],"curies":[{"name":"wp","href":"https:\/\/api.w.org\/{rel}","templated":true}]}}