{"id":2215,"date":"2024-04-01T11:03:30","date_gmt":"2024-04-01T09:03:30","guid":{"rendered":"https:\/\/www.ermeco.com\/piscine-sauna-hammam\/?post_type=product&#038;p=2215"},"modified":"2024-04-01T11:04:03","modified_gmt":"2024-04-01T09:04:03","slug":"volet-immerge-rollinside","status":"publish","type":"product","link":"https:\/\/www.ermeco.com\/piscine-sauna-hammam\/produit\/volet-immerge-rollinside\/","title":{"rendered":"Volet immerg\u00e9 Rollinside"},"content":{"rendered":"<div class=\"wpb-content-wrapper\"><p>[vc_row][vc_column][vc_column_text woodmart_inline=\u00a0\u00bbno\u00a0\u00bb text_larger=\u00a0\u00bbno\u00a0\u00bb]TYPE DE PISCINE<br \/>\nPour piscines jusqu&rsquo;\u00e0 10,00 m de large (1 face) et 6,00 m de large (2 faces, avec fond plat au niveau du coffre).<\/p>\n<p>ADAPTABLE \u00c0 DIFF\u00c9RENTES CONFIGURATIONS<br \/>\nLe concept Rollinside se d\u00e9cline en 2 versions :<br \/>\nHabillage 1 face \u00e0 l&rsquo;horizontale<br \/>\nHabillage 2 faces \u00e0 la verticale et \u00e0 l&rsquo;horizontale<\/p>\n<p>4 PUISSANCES MOTEUR : 120 Nm, 250 Nm, 500 Nm et 750 Nm<br \/>\nQualit\u00e9 et robustesse du c\u00e2ble d&rsquo;alimentation am\u00e9lior\u00e9es (EXCLUSIVIT\u00c9 DEL).<br \/>\nCapteurs de fin de courses plus r\u00e9sistants et insensibles \u00e0 la foudre.<br \/>\nC\u00e2blage simplifi\u00e9 des capteurs fins de courses : fils inversables (pas de polarit\u00e9).<br \/>\nMoteur 750 Nm \u00e0 capteurs \u00e9lectroniques \u00e9galement disponible.<\/p>\n<p>INFO :<br \/>\nKIT D&rsquo;ADAPTATION LINER<br \/>\nObligatoire pour les piscines \u00e9quip\u00e9es d&rsquo;un liner (ma\u00e7onnerie avec angles vis imp\u00e9ratif). Le kit permet de plaquer le liner contre les angles et \u00e9viter tout frottement avec les lames. Non compatible si ma\u00e7onnerie avec rayons.[\/vc_column_text][\/vc_column][\/vc_row]<\/p>\n<\/div>","protected":false},"excerpt":{"rendered":"<p>1 face : max. 10,00 m de large, 2 faces : max. 6,00 m de large, Motorisation : tubulaire immerg\u00e9e \u00e0 sceller, tubulaire immerg\u00e9e en fa\u00e7ade, coffre sec<\/p>\n","protected":false},"featured_media":2276,"comment_status":"closed","ping_status":"closed","template":"","meta":[],"product_cat":[60],"product_tag":[],"aioseo_notices":[],"_links":{"self":[{"href":"https:\/\/www.ermeco.com\/piscine-sauna-hammam\/wp-json\/wp\/v2\/product\/2215"}],"collection":[{"href":"https:\/\/www.ermeco.com\/piscine-sauna-hammam\/wp-json\/wp\/v2\/product"}],"about":[{"href":"https:\/\/www.ermeco.com\/piscine-sauna-hammam\/wp-json\/wp\/v2\/types\/product"}],"replies":[{"embeddable":true,"href":"https:\/\/www.ermeco.com\/piscine-sauna-hammam\/wp-json\/wp\/v2\/comments?post=2215"}],"wp:featuredmedia":[{"embeddable":true,"href":"https:\/\/www.ermeco.com\/piscine-sauna-hammam\/wp-json\/wp\/v2\/media\/2276"}],"wp:attachment":[{"href":"https:\/\/www.ermeco.com\/piscine-sauna-hammam\/wp-json\/wp\/v2\/media?parent=2215"}],"wp:term":[{"taxonomy":"product_cat","embeddable":true,"href":"https:\/\/www.ermeco.com\/piscine-sauna-hammam\/wp-json\/wp\/v2\/product_cat?post=2215"},{"taxonomy":"product_tag","embeddable":true,"href":"https:\/\/www.ermeco.com\/piscine-sauna-hammam\/wp-json\/wp\/v2\/product_tag?post=2215"}],"curies":[{"name":"wp","href":"https:\/\/api.w.org\/{rel}","templated":true}]}}