{"id":2217,"date":"2024-04-01T11:03:30","date_gmt":"2024-04-01T09:03:30","guid":{"rendered":"https:\/\/www.ermeco.com\/piscine-sauna-hammam\/?post_type=product&#038;p=2217"},"modified":"2024-04-01T11:04:04","modified_gmt":"2024-04-01T09:04:04","slug":"volet-hors-sol-moon","status":"publish","type":"product","link":"https:\/\/www.ermeco.com\/piscine-sauna-hammam\/produit\/volet-hors-sol-moon\/","title":{"rendered":"Volet hors-sol Moon"},"content":{"rendered":"<div class=\"wpb-content-wrapper\"><p>[vc_row][vc_column][vc_column_text woodmart_inline=\u00a0\u00bbno\u00a0\u00bb text_larger=\u00a0\u00bbno\u00a0\u00bb]TYPE DE PISCINE<br \/>\nPour piscines de 2,00 m x 3,00 m jusqu&rsquo;\u00e0 5,00 m x 13,50 m.<\/p>\n<p>UN VOLET HORS-SOL PERSONNALISABLE<br \/>\nPossibilit\u00e9 de choisir la couleur de vos bornes et de vos disques centraux (gratuitement parmi la s\u00e9lection faite par DEL) mais \u00e9galement en nous fournissant les RAL souhait\u00e9s (en option).<\/p>\n<p>VERSIONS DISPONIBLES : \u00c9LECTRIQUE OU SOLAIRE<br \/>\nFaites des \u00e9conomies en \u00e9lectricit\u00e9 et en temps de pose (pas de c\u00e2bles \u00e0 tirer), optez pour la version solaire pour une piscine jusqu&rsquo;\u00e0 5,00 m x 11,00 m (livr\u00e9 avec 2 batteries haute performance et 1 panneau solaire avec cellules photovolta\u00efques).<\/p>\n<p>COMPATIBLE AVEC UN TABLIER POLYCARBONATE<br \/>\nLes volets hors-sol sont compatibles avec les lames polycarbonate solaires.[\/vc_column_text][\/vc_column][\/vc_row]<\/p>\n<\/div>","protected":false},"excerpt":{"rendered":"<p>Longueur bassin max. en m : 13,50, Largeur bassin max. en m : 5,00, Version : \u00e9lectrique ou solaire<\/p>\n","protected":false},"featured_media":2278,"comment_status":"closed","ping_status":"closed","template":"","meta":[],"product_cat":[54],"product_tag":[],"aioseo_notices":[],"_links":{"self":[{"href":"https:\/\/www.ermeco.com\/piscine-sauna-hammam\/wp-json\/wp\/v2\/product\/2217"}],"collection":[{"href":"https:\/\/www.ermeco.com\/piscine-sauna-hammam\/wp-json\/wp\/v2\/product"}],"about":[{"href":"https:\/\/www.ermeco.com\/piscine-sauna-hammam\/wp-json\/wp\/v2\/types\/product"}],"replies":[{"embeddable":true,"href":"https:\/\/www.ermeco.com\/piscine-sauna-hammam\/wp-json\/wp\/v2\/comments?post=2217"}],"wp:featuredmedia":[{"embeddable":true,"href":"https:\/\/www.ermeco.com\/piscine-sauna-hammam\/wp-json\/wp\/v2\/media\/2278"}],"wp:attachment":[{"href":"https:\/\/www.ermeco.com\/piscine-sauna-hammam\/wp-json\/wp\/v2\/media?parent=2217"}],"wp:term":[{"taxonomy":"product_cat","embeddable":true,"href":"https:\/\/www.ermeco.com\/piscine-sauna-hammam\/wp-json\/wp\/v2\/product_cat?post=2217"},{"taxonomy":"product_tag","embeddable":true,"href":"https:\/\/www.ermeco.com\/piscine-sauna-hammam\/wp-json\/wp\/v2\/product_tag?post=2217"}],"curies":[{"name":"wp","href":"https:\/\/api.w.org\/{rel}","templated":true}]}}