{"id":2246,"date":"2024-04-01T11:03:51","date_gmt":"2024-04-01T09:03:51","guid":{"rendered":"https:\/\/www.ermeco.com\/piscine-sauna-hammam\/?post_type=product&#038;p=2246"},"modified":"2024-04-01T11:04:05","modified_gmt":"2024-04-01T09:04:05","slug":"volet-hors-sol-rolleasy-2","status":"publish","type":"product","link":"https:\/\/www.ermeco.com\/piscine-sauna-hammam\/produit\/volet-hors-sol-rolleasy-2\/","title":{"rendered":"Volet hors-sol Rolleasy 2"},"content":{"rendered":"<div class=\"wpb-content-wrapper\"><p>[vc_row][vc_column][vc_column_text woodmart_inline=\u00a0\u00bbno\u00a0\u00bb text_larger=\u00a0\u00bbno\u00a0\u00bb]TYPE DE PISCINE<br \/>\nPour piscines de 2,00 m x 3,00 m jusqu&rsquo;\u00e0 8,00 m x 7,50 m.<\/p>\n<p>UN VOLET HORS-SOL PERSONNALISABLE<br \/>\nChoisissez la couleur de vos bornes parmi les 5 couleurs de la s\u00e9lection.<\/p>\n<p>PLUSIEURS VERSIONS DISPONIBLES<br \/>\nLe Rolleasy 2 est disponible en 3 versions, \u00e9lectrique, solaire ou manuelle. La version solaire (pour une piscine jusqu&rsquo;\u00e0 5,00 m x 11,00 m) est livr\u00e9e avec 2 batteries, 1 panneau solaire avec cellules photovolta\u00efques et un c\u00e2blage adapt\u00e9. Pour la version manuelle, sa bo\u00eete de d\u00e9multiplication permet un enroulement et d\u00e9roulement du tablier sans effort.<\/p>\n<p>COMPATIBLE AVEC UN TABLIER POLYCARBONATE<br \/>\nLes volets hors-sol sont compatibles avec les lames polycarbonate solaires.<\/p>\n<p>INFO<br \/>\nN&rsquo;h\u00e9sitez pas \u00e0 interroger notre service technique pour l&rsquo;adaptation de la m\u00e9canique de votre Rolleasy 2. Il est possible de r\u00e9aliser un volet avec un c\u00f4t\u00e9 \u00e9quip\u00e9 d&rsquo;une borne positionn\u00e9e au sol et de l&rsquo;autre c\u00f4t\u00e9 un accrochage mural.[\/vc_column_text][\/vc_column][\/vc_row]<\/p>\n<\/div>","protected":false},"excerpt":{"rendered":"<p>Longueur bassin max. en m : 7,50. Largeur bassin max. en m : 8,00. Version : manuelle, \u00e9lectrique ou solaire<\/p>\n","protected":false},"featured_media":2279,"comment_status":"closed","ping_status":"closed","template":"","meta":[],"product_cat":[54],"product_tag":[],"aioseo_notices":[],"_links":{"self":[{"href":"https:\/\/www.ermeco.com\/piscine-sauna-hammam\/wp-json\/wp\/v2\/product\/2246"}],"collection":[{"href":"https:\/\/www.ermeco.com\/piscine-sauna-hammam\/wp-json\/wp\/v2\/product"}],"about":[{"href":"https:\/\/www.ermeco.com\/piscine-sauna-hammam\/wp-json\/wp\/v2\/types\/product"}],"replies":[{"embeddable":true,"href":"https:\/\/www.ermeco.com\/piscine-sauna-hammam\/wp-json\/wp\/v2\/comments?post=2246"}],"wp:featuredmedia":[{"embeddable":true,"href":"https:\/\/www.ermeco.com\/piscine-sauna-hammam\/wp-json\/wp\/v2\/media\/2279"}],"wp:attachment":[{"href":"https:\/\/www.ermeco.com\/piscine-sauna-hammam\/wp-json\/wp\/v2\/media?parent=2246"}],"wp:term":[{"taxonomy":"product_cat","embeddable":true,"href":"https:\/\/www.ermeco.com\/piscine-sauna-hammam\/wp-json\/wp\/v2\/product_cat?post=2246"},{"taxonomy":"product_tag","embeddable":true,"href":"https:\/\/www.ermeco.com\/piscine-sauna-hammam\/wp-json\/wp\/v2\/product_tag?post=2246"}],"curies":[{"name":"wp","href":"https:\/\/api.w.org\/{rel}","templated":true}]}}