{"id":2247,"date":"2024-04-01T11:03:51","date_gmt":"2024-04-01T09:03:51","guid":{"rendered":"https:\/\/www.ermeco.com\/piscine-sauna-hammam\/?post_type=product&#038;p=2247"},"modified":"2024-04-01T11:04:05","modified_gmt":"2024-04-01T09:04:05","slug":"volet-hors-sol-rollover","status":"publish","type":"product","link":"https:\/\/www.ermeco.com\/piscine-sauna-hammam\/produit\/volet-hors-sol-rollover\/","title":{"rendered":"Volet hors-sol Rollover"},"content":{"rendered":"<div class=\"wpb-content-wrapper\"><p>[vc_row][vc_column][vc_column_text woodmart_inline=\u00a0\u00bbno\u00a0\u00bb text_larger=\u00a0\u00bbno\u00a0\u00bb]TYPE DE PISCINE<br \/>\nFinition PVC : pour piscines de 2,00 m x 3,00 m jusqu&rsquo;\u00e0 6,00 m x 14,00 m.<br \/>\nFinition bois : pour piscines de 2,50 m x 3,00 m jusqu&rsquo;\u00e0 7,00 m x 14,00 m selon configuration.<\/p>\n<p>UN VOLET HORS-SOL AVEC HABILLAGE PERSONNALISABLE<br \/>\nPersonnalisez l&rsquo;habillage du Rollover en optant pour une finition bois IP\u00c9 ou PVC.<\/p>\n<p>VERSIONS DISPONIBLES : \u00c9LECTRIQUE OU SOLAIRE<br \/>\nFaites des \u00e9conomies en \u00e9lectricit\u00e9 et en temps de pose (pas de c\u00e2bles \u00e0 tirer), optez pour un Rollover en version solaire (livr\u00e9 avec 2 batteries haute performance et 1 panneau solaire avec cellules photovolta\u00efques).<\/p>\n<p>COMPATIBLE AVEC UN TABLIER POLYCARBONATE<br \/>\nLes volets hors-sol sont compatibles avec les lames polycarbonates solaires.[\/vc_column_text][\/vc_column][\/vc_row]<\/p>\n<\/div>","protected":false},"excerpt":{"rendered":"<p>Longueur bassin max. en m : 14,00. Largeur bassin max. en m : 7,00. Version : \u00e9lectrique ou solaire. Finition : PVC ou bois IP\u00c9<\/p>\n","protected":false},"featured_media":2280,"comment_status":"closed","ping_status":"closed","template":"","meta":[],"product_cat":[54],"product_tag":[],"aioseo_notices":[],"_links":{"self":[{"href":"https:\/\/www.ermeco.com\/piscine-sauna-hammam\/wp-json\/wp\/v2\/product\/2247"}],"collection":[{"href":"https:\/\/www.ermeco.com\/piscine-sauna-hammam\/wp-json\/wp\/v2\/product"}],"about":[{"href":"https:\/\/www.ermeco.com\/piscine-sauna-hammam\/wp-json\/wp\/v2\/types\/product"}],"replies":[{"embeddable":true,"href":"https:\/\/www.ermeco.com\/piscine-sauna-hammam\/wp-json\/wp\/v2\/comments?post=2247"}],"wp:featuredmedia":[{"embeddable":true,"href":"https:\/\/www.ermeco.com\/piscine-sauna-hammam\/wp-json\/wp\/v2\/media\/2280"}],"wp:attachment":[{"href":"https:\/\/www.ermeco.com\/piscine-sauna-hammam\/wp-json\/wp\/v2\/media?parent=2247"}],"wp:term":[{"taxonomy":"product_cat","embeddable":true,"href":"https:\/\/www.ermeco.com\/piscine-sauna-hammam\/wp-json\/wp\/v2\/product_cat?post=2247"},{"taxonomy":"product_tag","embeddable":true,"href":"https:\/\/www.ermeco.com\/piscine-sauna-hammam\/wp-json\/wp\/v2\/product_tag?post=2247"}],"curies":[{"name":"wp","href":"https:\/\/api.w.org\/{rel}","templated":true}]}}