{"id":2250,"date":"2024-04-01T11:03:52","date_gmt":"2024-04-01T09:03:52","guid":{"rendered":"https:\/\/www.ermeco.com\/piscine-sauna-hammam\/?post_type=product&#038;p=2250"},"modified":"2024-04-01T11:04:06","modified_gmt":"2024-04-01T09:04:06","slug":"couverture-a-barres-classic-hors-sol-b-1-0","status":"publish","type":"product","link":"https:\/\/www.ermeco.com\/piscine-sauna-hammam\/produit\/couverture-a-barres-classic-hors-sol-b-1-0\/","title":{"rendered":"Couverture \u00e0 barres Classic hors-sol B-1.0"},"content":{"rendered":"<div class=\"wpb-content-wrapper\"><p>[vc_row][vc_column][vc_column_text woodmart_inline=\u00a0\u00bbno\u00a0\u00bb text_larger=\u00a0\u00bbno\u00a0\u00bb]UTILISABLE TOUTE L&rsquo;ANN\u00c9E<br \/>\nEn \u00e9t\u00e9 comme en hiver, la couverture s\u00e9curise la piscine tout en pr\u00e9servant la temp\u00e9rature de l&rsquo;eau. Elle permet \u00e9galement de limiter la photosynth\u00e8se et le d\u00e9veloppement d&rsquo;algues et autres micro-organismes.<br \/>\nTissu 580 g\/m\u00b2 : traitement anti-UV et fongicide, stabilit\u00e9 dimensionnelle exceptionnelle, excellente r\u00e9sistance \u00e0 la d\u00e9formation.<br \/>\nFinition avec ourlet sur la longueur de la couverture.<br \/>\nLes trous d&rsquo;\u00e9vacuation des eaux de pluies sont \u00e9quip\u00e9s d&rsquo;une ouverture \u00e0 clapet (ouverture demi-lune). Ce trou permet l&rsquo;\u00e9vacuation efficace des eaux de pluie tout en pr\u00e9servant l&rsquo;esth\u00e9tique de la couverture (les trous sont masqu\u00e9s par le clapet).<br \/>\nBarres en aluminium anodis\u00e9.<br \/>\nCouverture livr\u00e9e avec un volant (\u00f8 300 mm) ou une manivelle d&rsquo;enroulement. 2e volant ou manivelle inclus \u00e0 partir de 50 m\u00b2.<br \/>\nDouble oeillets inox qui assurent une meilleure r\u00e9sistance \u00e0 la tension.<br \/>\nSangle de d\u00e9roulement amovible pour permettre le d\u00e9roulement de la couverture sur le bassin.<br \/>\nLa sangle de d\u00e9roulement est \u00e9quip\u00e9e d&rsquo;une attache rapide pour plus de facilit\u00e9 lors de la manipulation.<br \/>\nMise en tension par cliquet inox.<br \/>\nLa fonction anti-soul\u00e8vement sur les longueurs est assur\u00e9e par des sandows beige de s\u00e9curit\u00e9, fixation par crochet inox.<br \/>\nLe syst\u00e8me d&rsquo;accrochage est inclus dans le prix de la couverture au m\u00b2.[\/vc_column_text][\/vc_column][\/vc_row]<\/p>\n<\/div>","protected":false},"excerpt":{"rendered":"<p>Type de bassin : hors-sol. Longueur bassin max. en m : 10,00. Largeur bassin max. en m : 5,00<\/p>\n","protected":false},"featured_media":2283,"comment_status":"closed","ping_status":"closed","template":"","meta":[],"product_cat":[67],"product_tag":[],"aioseo_notices":[],"_links":{"self":[{"href":"https:\/\/www.ermeco.com\/piscine-sauna-hammam\/wp-json\/wp\/v2\/product\/2250"}],"collection":[{"href":"https:\/\/www.ermeco.com\/piscine-sauna-hammam\/wp-json\/wp\/v2\/product"}],"about":[{"href":"https:\/\/www.ermeco.com\/piscine-sauna-hammam\/wp-json\/wp\/v2\/types\/product"}],"replies":[{"embeddable":true,"href":"https:\/\/www.ermeco.com\/piscine-sauna-hammam\/wp-json\/wp\/v2\/comments?post=2250"}],"wp:featuredmedia":[{"embeddable":true,"href":"https:\/\/www.ermeco.com\/piscine-sauna-hammam\/wp-json\/wp\/v2\/media\/2283"}],"wp:attachment":[{"href":"https:\/\/www.ermeco.com\/piscine-sauna-hammam\/wp-json\/wp\/v2\/media?parent=2250"}],"wp:term":[{"taxonomy":"product_cat","embeddable":true,"href":"https:\/\/www.ermeco.com\/piscine-sauna-hammam\/wp-json\/wp\/v2\/product_cat?post=2250"},{"taxonomy":"product_tag","embeddable":true,"href":"https:\/\/www.ermeco.com\/piscine-sauna-hammam\/wp-json\/wp\/v2\/product_tag?post=2250"}],"curies":[{"name":"wp","href":"https:\/\/api.w.org\/{rel}","templated":true}]}}