{"id":2255,"date":"2024-04-01T11:03:52","date_gmt":"2024-04-01T09:03:52","guid":{"rendered":"https:\/\/www.ermeco.com\/piscine-sauna-hammam\/?post_type=product&#038;p=2255"},"modified":"2024-04-01T11:04:08","modified_gmt":"2024-04-01T09:04:08","slug":"couverture-a-barres-premium-universal-b-2-2","status":"publish","type":"product","link":"https:\/\/www.ermeco.com\/piscine-sauna-hammam\/produit\/couverture-a-barres-premium-universal-b-2-2\/","title":{"rendered":"Couverture \u00e0 barres Premium Universal B-2.2"},"content":{"rendered":"<div class=\"wpb-content-wrapper\"><p>[vc_row][vc_column][vc_column_text woodmart_inline=\u00a0\u00bbno\u00a0\u00bb text_larger=\u00a0\u00bbno\u00a0\u00bb]CARACT\u00c9RISTIQUES TECHNIQUES<br \/>\n1-SYST\u00c8ME D&rsquo;ACCROCHAGE<br \/>\nTrois sangles d&rsquo;accrochage avec cliquet inox \u00ab\u00a0easy\u00a0\u00bb et piton douille inox alu. (Brevet\u00e9)<br \/>\nSangles en harmonie avec la couleur de la toile.<br \/>\nRenfort PVC cristal sous les cliquets pour protection de la plage.<\/p>\n<p>2-TISSU 580 g\/m\u00b2<br \/>\nTraitement anti-UV et fongicide.<br \/>\nStabilit\u00e9 dimensionnelle exceptionnelle.<br \/>\nExcellente r\u00e9sistance \u00e0 la d\u00e9formation.<br \/>\nFinition avec ourlet.<br \/>\nTrous pour \u00e9vacuation des eaux de pluies sont \u00e9quip\u00e9s d&rsquo;une ouverture \u00e0 clapet (ouverture demi-lune). Ce trou permet l&rsquo;\u00e9vacuation efficace des eaux de pluie tout en pr\u00e9servant l&rsquo;esth\u00e9tique de la couverture (les trous sont masqu\u00e9s par le clapet).<br \/>\nRecouvrement de 25 cm en standard sur toute la p\u00e9riph\u00e9rie ou autre d\u00e9bord sur demande.<\/p>\n<p>3-OPTION BANDE ANTI-ABRASION<br \/>\nBandes de tissu anti-abrasion amovibles sous la couverture.<br \/>\nBande positionn\u00e9e au niveau de la zone de contact avec les margelles.<\/p>\n<p>4-BARRES EN ALUMINIUM ANODIS\u00c9 20 MICRONS<br \/>\nBouchons des barres de coloris gris.<\/p>\n<p>5-ENROULEMENT \/ D\u00c9ROULEMENT<br \/>\nSangle de d\u00e9roulement amovible permettant le d\u00e9roulement de la couverture sur le bassin.<br \/>\nLa sangle de d\u00e9roulement est \u00e9quip\u00e9e d&rsquo;une attache rapide pour plus de facilit\u00e9 lors de la manipulation. La sangle peut \u00eatre rang\u00e9e et ne pas rester aux abords du bassin.<br \/>\nCouverture livr\u00e9e avec 1 ou 2 manivelles (2\u00e8me manivelle livr\u00e9e \u00e0 partir de 50 m\u00b2). Manivelle avec r\u00e9duction avec rapport de r\u00e9duction adapt\u00e9e \u00e0 la dimensions de la couverture.<\/p>\n<p>6-ESCALIER LONGUEUR<br \/>\nMise en tension par sandow beige de s\u00e9curit\u00e9.<br \/>\nOPTION &#8211; BOUDIN D&rsquo;EAU<br \/>\n(je l&rsquo;ai ajout\u00e9 ici puisque plus de place dans les colonnes options)<br \/>\nPositionn\u00e9s sur les rebords de la couverture, ils sont \u00e0 utiliser en cas de vent tr\u00e8s fort afin de lester la couverture (en compl\u00e9ment d&rsquo;un kit vent).<br \/>\nLe syst\u00e8me d&rsquo;accrochage est inclus dans le prix de la couverture au m\u00b2[\/vc_column_text][\/vc_column][\/vc_row]<\/p>\n<\/div>","protected":false},"excerpt":{"rendered":"<p>Type de bassin : enterr\u00e9. Longueur bassin max. en m : 12,00. Largeur bassin max. en m : 5,50<\/p>\n","protected":false},"featured_media":2286,"comment_status":"closed","ping_status":"closed","template":"","meta":[],"product_cat":[67],"product_tag":[],"aioseo_notices":[],"_links":{"self":[{"href":"https:\/\/www.ermeco.com\/piscine-sauna-hammam\/wp-json\/wp\/v2\/product\/2255"}],"collection":[{"href":"https:\/\/www.ermeco.com\/piscine-sauna-hammam\/wp-json\/wp\/v2\/product"}],"about":[{"href":"https:\/\/www.ermeco.com\/piscine-sauna-hammam\/wp-json\/wp\/v2\/types\/product"}],"replies":[{"embeddable":true,"href":"https:\/\/www.ermeco.com\/piscine-sauna-hammam\/wp-json\/wp\/v2\/comments?post=2255"}],"wp:featuredmedia":[{"embeddable":true,"href":"https:\/\/www.ermeco.com\/piscine-sauna-hammam\/wp-json\/wp\/v2\/media\/2286"}],"wp:attachment":[{"href":"https:\/\/www.ermeco.com\/piscine-sauna-hammam\/wp-json\/wp\/v2\/media?parent=2255"}],"wp:term":[{"taxonomy":"product_cat","embeddable":true,"href":"https:\/\/www.ermeco.com\/piscine-sauna-hammam\/wp-json\/wp\/v2\/product_cat?post=2255"},{"taxonomy":"product_tag","embeddable":true,"href":"https:\/\/www.ermeco.com\/piscine-sauna-hammam\/wp-json\/wp\/v2\/product_tag?post=2255"}],"curies":[{"name":"wp","href":"https:\/\/api.w.org\/{rel}","templated":true}]}}