{"id":2297,"date":"2024-04-01T11:04:14","date_gmt":"2024-04-01T09:04:14","guid":{"rendered":"https:\/\/www.ermeco.com\/piscine-sauna-hammam\/?post_type=product&#038;p=2297"},"modified":"2024-04-01T11:04:20","modified_gmt":"2024-04-01T09:04:20","slug":"voile-de-protection-ivernea-plus","status":"publish","type":"product","link":"https:\/\/www.ermeco.com\/piscine-sauna-hammam\/produit\/voile-de-protection-ivernea-plus\/","title":{"rendered":"Voile de protection Ivernea Plus"},"content":{"rendered":"<div class=\"wpb-content-wrapper\"><p>[vc_row][vc_column][vc_column_text woodmart_inline=\u00a0\u00bbno\u00a0\u00bb text_larger=\u00a0\u00bbno\u00a0\u00bb]CARACT\u00c9RISTIQUES TECHNIQUES<br \/>\nCOMPATIBLE AVEC PLUSIEURS TYPES DE LAMES<br \/>\nIvern\u00e9a est compatible uniquement avec les lames PVC opaques et polycarbonate solaires (non compatible avec les lames PVC solaires).<br \/>\nColoris Ivern\u00e9a : la couleur de la grille p\u00e9riph\u00e9rique est toujours en harmonie avec la toile du dessus. La couleur de la toile du dessous n&rsquo;est pas identique \u00e0 celle de la toile du dessus (coloris non contractuels).<br \/>\nToile poly\u00e9thyl\u00e8ne opaque 260 g\/m\u00b2.<br \/>\nGrille p\u00e9riph\u00e9rique permettant de filtrer les eaux de pluie et de retenir les feuilles et salissures.<br \/>\nSandowclips livr\u00e9s avec le voile.<br \/>\nUtilisation : le voile d&rsquo;hivernage Ivern\u00e9a s&rsquo;utilise exclusivement en automne et en hiver.<br \/>\nRapide \u00e0 installer<br \/>\nIvern\u00e9a s&rsquo;accroche en quelques minutes gr\u00e2ce aux sandowclips qui se fixent directement sur le tablier.<br \/>\nAucune fixation sur les margelles n&rsquo;est n\u00e9cessaire.[\/vc_column_text][\/vc_column][\/vc_row]<\/p>\n<\/div>","protected":false},"excerpt":{"rendered":"<p>La protection sur-mesure de votre tablier toute l&rsquo;ann\u00e9e<br \/>\nType de bassin : tous avec un volet<br \/>\nType de tissu : opaque<br \/>\nLongueur bassin max. en m : 20,00<br \/>\nLargeur bassin max. en m : 10,00<\/p>\n","protected":false},"featured_media":2327,"comment_status":"closed","ping_status":"closed","template":"","meta":[],"product_cat":[68],"product_tag":[],"aioseo_notices":[],"_links":{"self":[{"href":"https:\/\/www.ermeco.com\/piscine-sauna-hammam\/wp-json\/wp\/v2\/product\/2297"}],"collection":[{"href":"https:\/\/www.ermeco.com\/piscine-sauna-hammam\/wp-json\/wp\/v2\/product"}],"about":[{"href":"https:\/\/www.ermeco.com\/piscine-sauna-hammam\/wp-json\/wp\/v2\/types\/product"}],"replies":[{"embeddable":true,"href":"https:\/\/www.ermeco.com\/piscine-sauna-hammam\/wp-json\/wp\/v2\/comments?post=2297"}],"wp:featuredmedia":[{"embeddable":true,"href":"https:\/\/www.ermeco.com\/piscine-sauna-hammam\/wp-json\/wp\/v2\/media\/2327"}],"wp:attachment":[{"href":"https:\/\/www.ermeco.com\/piscine-sauna-hammam\/wp-json\/wp\/v2\/media?parent=2297"}],"wp:term":[{"taxonomy":"product_cat","embeddable":true,"href":"https:\/\/www.ermeco.com\/piscine-sauna-hammam\/wp-json\/wp\/v2\/product_cat?post=2297"},{"taxonomy":"product_tag","embeddable":true,"href":"https:\/\/www.ermeco.com\/piscine-sauna-hammam\/wp-json\/wp\/v2\/product_tag?post=2297"}],"curies":[{"name":"wp","href":"https:\/\/api.w.org\/{rel}","templated":true}]}}