{"id":2301,"date":"2024-04-01T11:04:15","date_gmt":"2024-04-01T09:04:15","guid":{"rendered":"https:\/\/www.ermeco.com\/piscine-sauna-hammam\/?post_type=product&#038;p=2301"},"modified":"2024-04-01T11:04:22","modified_gmt":"2024-04-01T09:04:22","slug":"couverture-isotherme-extrasun-400-microns","status":"publish","type":"product","link":"https:\/\/www.ermeco.com\/piscine-sauna-hammam\/produit\/couverture-isotherme-extrasun-400-microns\/","title":{"rendered":"Couverture isotherme Extrasun 400 microns"},"content":{"rendered":"<div class=\"wpb-content-wrapper\"><p>[vc_row][vc_column][vc_column_text woodmart_inline=\u00a0\u00bbno\u00a0\u00bb text_larger=\u00a0\u00bbno\u00a0\u00bb]CARACT\u00c9RISTIQUES TECHNIQUES<br \/>\nR\u00e9duit l&rsquo;utilisation de produits chimiques de 30 %.<br \/>\nR\u00e9duit la consommation d&rsquo;\u00e9nergie de plus de 70 %.<br \/>\nId\u00e9ale pour piscines de grandes dimensions jusqu&rsquo;\u00e0 25,00 m.<br \/>\nRenfort dans les angles pour les couvertures &gt; 6,00 m x 13,00 m.<br \/>\nFilm poly\u00e9thyl\u00e8ne 400 microns renforc\u00e9 par une feuille tram\u00e9e PEHD stabilis\u00e9e aux UV.<br \/>\nLa rigidit\u00e9 facilite l&rsquo;enroulement et le d\u00e9roulement.<br \/>\nR\u00e9sistance \u00e0 la traction et \u00e0 la d\u00e9chirure.<br \/>\nTraitement antioxydant afin d&rsquo;\u00e9viter toute d\u00e9gradation du poly\u00e9thyl\u00e8ne par le chlore.<br \/>\nPoids : 520 g\/m\u00b2 (\u00b1 10 %).<br \/>\nPour les couvertures de dimensions sup\u00e9rieures \u00e0 7,00 m x 14,00 m, il est fortement conseill\u00e9 d&rsquo;\u00e9quiper celles-ci d&rsquo;un gousset pour barre de traction.<\/p>\n<p>INFO<br \/>\nLa technologie Geobubble permet de cr\u00e9er des couvertures piscines plus durables et de b\u00e9n\u00e9ficier d&rsquo;un maximum d&rsquo;\u00e9conomies de ressources et d&rsquo;\u00e9nergie.<br \/>\nUne couverture Extrasun sup\u00e9rieure \u00e0 4,50 m x 14,00 m est livr\u00e9e roul\u00e9e et n\u00e9cessite un transport en affr\u00e8tement.[\/vc_column_text][\/vc_column][\/vc_row]<\/p>\n<\/div>","protected":false},"excerpt":{"rendered":"<p>Les couvertures isothermes de qualit\u00e9 reconnue pour une bonne isolation thermique<br \/>\nLongueur bassin max. en m : 25,00<br \/>\nLargeur bassin max. en m : 10,00<br \/>\nMicrons : 400<\/p>\n","protected":false},"featured_media":2330,"comment_status":"closed","ping_status":"closed","template":"","meta":[],"product_cat":[70],"product_tag":[],"aioseo_notices":[],"_links":{"self":[{"href":"https:\/\/www.ermeco.com\/piscine-sauna-hammam\/wp-json\/wp\/v2\/product\/2301"}],"collection":[{"href":"https:\/\/www.ermeco.com\/piscine-sauna-hammam\/wp-json\/wp\/v2\/product"}],"about":[{"href":"https:\/\/www.ermeco.com\/piscine-sauna-hammam\/wp-json\/wp\/v2\/types\/product"}],"replies":[{"embeddable":true,"href":"https:\/\/www.ermeco.com\/piscine-sauna-hammam\/wp-json\/wp\/v2\/comments?post=2301"}],"wp:featuredmedia":[{"embeddable":true,"href":"https:\/\/www.ermeco.com\/piscine-sauna-hammam\/wp-json\/wp\/v2\/media\/2330"}],"wp:attachment":[{"href":"https:\/\/www.ermeco.com\/piscine-sauna-hammam\/wp-json\/wp\/v2\/media?parent=2301"}],"wp:term":[{"taxonomy":"product_cat","embeddable":true,"href":"https:\/\/www.ermeco.com\/piscine-sauna-hammam\/wp-json\/wp\/v2\/product_cat?post=2301"},{"taxonomy":"product_tag","embeddable":true,"href":"https:\/\/www.ermeco.com\/piscine-sauna-hammam\/wp-json\/wp\/v2\/product_tag?post=2301"}],"curies":[{"name":"wp","href":"https:\/\/api.w.org\/{rel}","templated":true}]}}