{"id":2354,"date":"2024-04-01T11:04:35","date_gmt":"2024-04-01T09:04:35","guid":{"rendered":"https:\/\/www.ermeco.com\/piscine-sauna-hammam\/?post_type=product&#038;p=2354"},"modified":"2024-04-01T11:04:40","modified_gmt":"2024-04-01T09:04:40","slug":"pompe-de-filtration-vitalia-comfort-tri-18-m%c2%b3-h","status":"publish","type":"product","link":"https:\/\/www.ermeco.com\/piscine-sauna-hammam\/produit\/pompe-de-filtration-vitalia-comfort-tri-18-m%c2%b3-h\/","title":{"rendered":"Pompe de filtration Vitalia Comfort Tri 18 m\u00b3\/h"},"content":{"rendered":"<div class=\"wpb-content-wrapper\"><p>[vc_row][vc_column][vc_column_text woodmart_inline=\u00a0\u00bbno\u00a0\u00bb text_larger=\u00a0\u00bbno\u00a0\u00bb]CARACT\u00c9RISTIQUES TECHNIQUES<br \/>\nCouvercle de pr\u00e9filtre transparent \u00e0 ouverture 1\/4 de tour.<br \/>\nDouble-bouchon de vidange pour faciliter l&rsquo;hivernage : pr\u00e9filtre et corps de pompe.<br \/>\nCapacit\u00e9 du panier : 2 litres.<br \/>\nAxe en acier inoxydable 316.<br \/>\nCorps de pompe et bride de couvercle en polypropyl\u00e8ne renforc\u00e9 30 % de fibre de verre.<br \/>\nTurbine en polypropyl\u00e8ne renforc\u00e9 20% de fibre de verre.<br \/>\nNiveau de rendement IE3 pour la gamme triphas\u00e9e conforme \u00e0 la directive europ\u00e9enne UE 2019-1781.<br \/>\nCondensateur P2.[\/vc_column_text][\/vc_column][\/vc_row]<\/p>\n<\/div>","protected":false},"excerpt":{"rendered":"<p>Alimentation : Tri<br \/>\nD\u00e9bit max. \u00e0 HMT 10 MCE (m\u00b3\/h) : 18<br \/>\nP1 (KW) : 1,6<br \/>\nP2 (CV) : 1,5<\/p>\n","protected":false},"featured_media":2349,"comment_status":"closed","ping_status":"closed","template":"","meta":[],"product_cat":[73],"product_tag":[],"aioseo_notices":[],"_links":{"self":[{"href":"https:\/\/www.ermeco.com\/piscine-sauna-hammam\/wp-json\/wp\/v2\/product\/2354"}],"collection":[{"href":"https:\/\/www.ermeco.com\/piscine-sauna-hammam\/wp-json\/wp\/v2\/product"}],"about":[{"href":"https:\/\/www.ermeco.com\/piscine-sauna-hammam\/wp-json\/wp\/v2\/types\/product"}],"replies":[{"embeddable":true,"href":"https:\/\/www.ermeco.com\/piscine-sauna-hammam\/wp-json\/wp\/v2\/comments?post=2354"}],"wp:featuredmedia":[{"embeddable":true,"href":"https:\/\/www.ermeco.com\/piscine-sauna-hammam\/wp-json\/wp\/v2\/media\/2349"}],"wp:attachment":[{"href":"https:\/\/www.ermeco.com\/piscine-sauna-hammam\/wp-json\/wp\/v2\/media?parent=2354"}],"wp:term":[{"taxonomy":"product_cat","embeddable":true,"href":"https:\/\/www.ermeco.com\/piscine-sauna-hammam\/wp-json\/wp\/v2\/product_cat?post=2354"},{"taxonomy":"product_tag","embeddable":true,"href":"https:\/\/www.ermeco.com\/piscine-sauna-hammam\/wp-json\/wp\/v2\/product_tag?post=2354"}],"curies":[{"name":"wp","href":"https:\/\/api.w.org\/{rel}","templated":true}]}}