{"id":2358,"date":"2024-04-01T11:04:36","date_gmt":"2024-04-01T09:04:36","guid":{"rendered":"https:\/\/www.ermeco.com\/piscine-sauna-hammam\/?post_type=product&#038;p=2358"},"modified":"2024-04-01T11:04:42","modified_gmt":"2024-04-01T09:04:42","slug":"pompe-vitalia-comfort-mono-30m3-h-vitesse-variable","status":"publish","type":"product","link":"https:\/\/www.ermeco.com\/piscine-sauna-hammam\/produit\/pompe-vitalia-comfort-mono-30m3-h-vitesse-variable\/","title":{"rendered":"Pompe Vitalia Comfort Mono 30M3\/H vitesse variable"},"content":{"rendered":"<div class=\"wpb-content-wrapper\"><p>[vc_row][vc_column][vc_column_text woodmart_inline=\u00a0\u00bbno\u00a0\u00bb text_larger=\u00a0\u00bbno\u00a0\u00bb]CARACT\u00c9RISTIQUES TECHNIQUES<br \/>\nNouvelle programmation avec 4 plages horaires personnalisables, peu importe les jours de la semaine (programmation effective sur le stock des pompes Vitalia \u00e9quivalentes).<br \/>\nPied tr\u00e8s stable avec plots anti-vibration.<br \/>\nCl\u00e9 de serrage du couvercle translucide avec but\u00e9e de fermeture.<br \/>\nCompatible avec le traitement au sel et eau de mer.<br \/>\nEntr\u00e9e-sortie : livr\u00e9e avec demi-unions diam\u00e8tre 63 mm et taraud\u00e9e en 2\u2019\u2019.<br \/>\nIP55.[\/vc_column_text][\/vc_column][\/vc_row]<\/p>\n<\/div>","protected":false},"excerpt":{"rendered":"<p>D\u00e9bit max. \u00e0 HMT 10 MCE (m\u00b3\/h) : 30<br \/>\nP2 (CV) : 3<br \/>\nP2 (KW) : 2,2<br \/>\nIntensit\u00e9 (A) : 12,5<\/p>\n","protected":false},"featured_media":2380,"comment_status":"closed","ping_status":"closed","template":"","meta":[],"product_cat":[73],"product_tag":[],"aioseo_notices":[],"_links":{"self":[{"href":"https:\/\/www.ermeco.com\/piscine-sauna-hammam\/wp-json\/wp\/v2\/product\/2358"}],"collection":[{"href":"https:\/\/www.ermeco.com\/piscine-sauna-hammam\/wp-json\/wp\/v2\/product"}],"about":[{"href":"https:\/\/www.ermeco.com\/piscine-sauna-hammam\/wp-json\/wp\/v2\/types\/product"}],"replies":[{"embeddable":true,"href":"https:\/\/www.ermeco.com\/piscine-sauna-hammam\/wp-json\/wp\/v2\/comments?post=2358"}],"wp:featuredmedia":[{"embeddable":true,"href":"https:\/\/www.ermeco.com\/piscine-sauna-hammam\/wp-json\/wp\/v2\/media\/2380"}],"wp:attachment":[{"href":"https:\/\/www.ermeco.com\/piscine-sauna-hammam\/wp-json\/wp\/v2\/media?parent=2358"}],"wp:term":[{"taxonomy":"product_cat","embeddable":true,"href":"https:\/\/www.ermeco.com\/piscine-sauna-hammam\/wp-json\/wp\/v2\/product_cat?post=2358"},{"taxonomy":"product_tag","embeddable":true,"href":"https:\/\/www.ermeco.com\/piscine-sauna-hammam\/wp-json\/wp\/v2\/product_tag?post=2358"}],"curies":[{"name":"wp","href":"https:\/\/api.w.org\/{rel}","templated":true}]}}