{"id":2368,"date":"2024-04-01T11:04:37","date_gmt":"2024-04-01T09:04:37","guid":{"rendered":"https:\/\/www.ermeco.com\/piscine-sauna-hammam\/?post_type=product&#038;p=2368"},"modified":"2024-04-01T11:04:57","modified_gmt":"2024-04-01T09:04:57","slug":"justph","status":"publish","type":"product","link":"https:\/\/www.ermeco.com\/piscine-sauna-hammam\/produit\/justph\/","title":{"rendered":"JustpH\u00ae"},"content":{"rendered":"<div class=\"wpb-content-wrapper\"><p>[vc_row][vc_column][vc_column_text woodmart_inline=\u00a0\u00bbno\u00a0\u00bb text_larger=\u00a0\u00bbno\u00a0\u00bb]R\u00e9gulation du pH intelligente et proportionnelle au volume de la piscine<br \/>\nInjection automatique de l\u2019agent correcteur, mode de r\u00e9gulation acide (pH-) ou basique (pH+)<br \/>\nS\u00e9curit\u00e9s d\u00e9passement des plages de consigne et surdosage pH<br \/>\nCompatible \u00e0 la nouvelle r\u00e9glementation europ\u00e9enne (N\u00b02019\/1148) : concentration de l\u2019agent correcteur pH r\u00e9glable<br \/>\nNouveau porte accessoires transparent pour une installation facilit\u00e9e[\/vc_column_text][\/vc_column][\/vc_row]<\/p>\n<\/div>","protected":false},"excerpt":{"rendered":"<p>R\u00e9gulateur de pH<br \/>\nUn pH parfaitement r\u00e9gul\u00e9 pour un confort in\u00e9gal\u00e9<br \/>\nR\u00e9gulateur de pH Just pH et sonde pH Blue<br \/>\nJustpH\u00ae : moins de 2kg, mais encore plus puissant qu\u2019avant !<\/p>\n","protected":false},"featured_media":2390,"comment_status":"closed","ping_status":"closed","template":"","meta":[],"product_cat":[76],"product_tag":[],"aioseo_notices":[],"_links":{"self":[{"href":"https:\/\/www.ermeco.com\/piscine-sauna-hammam\/wp-json\/wp\/v2\/product\/2368"}],"collection":[{"href":"https:\/\/www.ermeco.com\/piscine-sauna-hammam\/wp-json\/wp\/v2\/product"}],"about":[{"href":"https:\/\/www.ermeco.com\/piscine-sauna-hammam\/wp-json\/wp\/v2\/types\/product"}],"replies":[{"embeddable":true,"href":"https:\/\/www.ermeco.com\/piscine-sauna-hammam\/wp-json\/wp\/v2\/comments?post=2368"}],"wp:featuredmedia":[{"embeddable":true,"href":"https:\/\/www.ermeco.com\/piscine-sauna-hammam\/wp-json\/wp\/v2\/media\/2390"}],"wp:attachment":[{"href":"https:\/\/www.ermeco.com\/piscine-sauna-hammam\/wp-json\/wp\/v2\/media?parent=2368"}],"wp:term":[{"taxonomy":"product_cat","embeddable":true,"href":"https:\/\/www.ermeco.com\/piscine-sauna-hammam\/wp-json\/wp\/v2\/product_cat?post=2368"},{"taxonomy":"product_tag","embeddable":true,"href":"https:\/\/www.ermeco.com\/piscine-sauna-hammam\/wp-json\/wp\/v2\/product_tag?post=2368"}],"curies":[{"name":"wp","href":"https:\/\/api.w.org\/{rel}","templated":true}]}}