{"id":2369,"date":"2024-04-01T11:04:37","date_gmt":"2024-04-01T09:04:37","guid":{"rendered":"https:\/\/www.ermeco.com\/piscine-sauna-hammam\/?post_type=product&#038;p=2369"},"modified":"2024-04-01T11:04:59","modified_gmt":"2024-04-01T09:04:59","slug":"just-regul","status":"publish","type":"product","link":"https:\/\/www.ermeco.com\/piscine-sauna-hammam\/produit\/just-regul\/","title":{"rendered":"Just Regul\u00ae"},"content":{"rendered":"<div class=\"wpb-content-wrapper\"><p>[vc_row][vc_column][vc_column_text woodmart_inline=\u00a0\u00bbno\u00a0\u00bb text_larger=\u00a0\u00bbno\u00a0\u00bb]Contr\u00f4le la production de chlore de l\u2019\u00e9lectrolyseur par sonde ORP<br \/>\nLimite les risques de surchloration et prot\u00e8ge les \u00e9quipements (volet, liners, etc\u2026)<br \/>\nR\u00e9glage de la consigne ORP, affichage de la valeur<br \/>\nS\u00e9curit\u00e9s : valeurs ORP haute et basse, consigne non atteinte<br \/>\nConvient \u00e0 toutes marques d\u2019\u00e9lectrolyseurs<br \/>\nCompatible avec toutes les configurations : piscine int\u00e9rieure, \u00e9quip\u00e9e d\u2019un volet automatique, d\u2019une b\u00e2che, d\u2019un abri\u2026<br \/>\nT\u00e9l\u00e9commande Bluetooth avec l\u2019application e-Pool\u00ae[\/vc_column_text][\/vc_column][\/vc_row]<\/p>\n<\/div>","protected":false},"excerpt":{"rendered":"<p>Contr\u00f4leur de production ORP pour \u00e9lectrolyseur + r\u00e9gulateur pH<br \/>\nPour un \u00e9lectrolyseur optimis\u00e9 et un pH r\u00e9gul\u00e9 !<br \/>\nContr\u00f4leur ORP r\u00e9gulateur pH Just Regul sonde pH Blue sonde ORP Gold<br \/>\nJust Regul\u00ae : contr\u00f4le ORP pour un traitement plus intelligent !<\/p>\n","protected":false},"featured_media":2391,"comment_status":"closed","ping_status":"closed","template":"","meta":[],"product_cat":[76],"product_tag":[],"aioseo_notices":[],"_links":{"self":[{"href":"https:\/\/www.ermeco.com\/piscine-sauna-hammam\/wp-json\/wp\/v2\/product\/2369"}],"collection":[{"href":"https:\/\/www.ermeco.com\/piscine-sauna-hammam\/wp-json\/wp\/v2\/product"}],"about":[{"href":"https:\/\/www.ermeco.com\/piscine-sauna-hammam\/wp-json\/wp\/v2\/types\/product"}],"replies":[{"embeddable":true,"href":"https:\/\/www.ermeco.com\/piscine-sauna-hammam\/wp-json\/wp\/v2\/comments?post=2369"}],"wp:featuredmedia":[{"embeddable":true,"href":"https:\/\/www.ermeco.com\/piscine-sauna-hammam\/wp-json\/wp\/v2\/media\/2391"}],"wp:attachment":[{"href":"https:\/\/www.ermeco.com\/piscine-sauna-hammam\/wp-json\/wp\/v2\/media?parent=2369"}],"wp:term":[{"taxonomy":"product_cat","embeddable":true,"href":"https:\/\/www.ermeco.com\/piscine-sauna-hammam\/wp-json\/wp\/v2\/product_cat?post=2369"},{"taxonomy":"product_tag","embeddable":true,"href":"https:\/\/www.ermeco.com\/piscine-sauna-hammam\/wp-json\/wp\/v2\/product_tag?post=2369"}],"curies":[{"name":"wp","href":"https:\/\/api.w.org\/{rel}","templated":true}]}}