{"id":2373,"date":"2024-04-01T11:04:38","date_gmt":"2024-04-01T09:04:38","guid":{"rendered":"https:\/\/www.ermeco.com\/piscine-sauna-hammam\/?post_type=product&#038;p=2373"},"modified":"2024-04-01T11:05:10","modified_gmt":"2024-04-01T09:05:10","slug":"hammam-sur-mesure","status":"publish","type":"product","link":"https:\/\/www.ermeco.com\/piscine-sauna-hammam\/produit\/hammam-sur-mesure\/","title":{"rendered":"Hammam sur mesure"},"content":{"rendered":"<p>\u2022 \u00c9paisseur des murs : 50 mm<br \/>\n\u2022 \u00c9paisseur plafond : 50 mm vout\u00e9 ou en pente<br \/>\n(\u00e0 pr\u00e9ciser \u00e0 la commande)<br \/>\n\u2022 Banc standard avec dossier formant un L<br \/>\n(sauf hammam de taille 1200 x 1200 \u00e9quip\u00e9 d\u2019un banc droit)<br \/>\n\u2022 20 kg de colle \u00e0 carrelage<br \/>\n\u2022 15 kg de mortier de fixation<br \/>\n\u2022 1 cartouche de silicone<br \/>\n\u2022 2 cartouches de colle polyur\u00e9thane<br \/>\n\u2022 1 pistolet pour colle polyur\u00e9thane<br \/>\n\u2022 3mx1,10mdetrameenfibredeverre<br \/>\n\u2022 Vis en plastique, vis m\u00e9talliques<br \/>\n\u2022 Hauteur du hammam 2200 \/ 2300 mm<br \/>\n\u2022 Sol avec \u00e9vacuation horizontale ou verticale<br \/>\n(en option prix sur demande)<br \/>\n\u2022 Mur et plafond \u00e9paisseur 80 mm + 10%<\/p>\n","protected":false},"excerpt":{"rendered":"<p>Ensemble complet pr\u00eat \u00e0 poser compos\u00e9 de panneaux en mousse rigide de polystyr\u00e8ne extrud\u00e9 (XPS). Chaque face est constitu\u00e9e d\u2019un rev\u00eatement sp\u00e9cial pr\u00eat \u00e0 carreler, arm\u00e9 de fibre de verre avec un noyau de mousse polystyr\u00e8ne \u00e0 cellule ferm\u00e9e.<\/p>\n","protected":false},"featured_media":2415,"comment_status":"closed","ping_status":"closed","template":"","meta":[],"product_cat":[77],"product_tag":[],"aioseo_notices":[],"_links":{"self":[{"href":"https:\/\/www.ermeco.com\/piscine-sauna-hammam\/wp-json\/wp\/v2\/product\/2373"}],"collection":[{"href":"https:\/\/www.ermeco.com\/piscine-sauna-hammam\/wp-json\/wp\/v2\/product"}],"about":[{"href":"https:\/\/www.ermeco.com\/piscine-sauna-hammam\/wp-json\/wp\/v2\/types\/product"}],"replies":[{"embeddable":true,"href":"https:\/\/www.ermeco.com\/piscine-sauna-hammam\/wp-json\/wp\/v2\/comments?post=2373"}],"wp:featuredmedia":[{"embeddable":true,"href":"https:\/\/www.ermeco.com\/piscine-sauna-hammam\/wp-json\/wp\/v2\/media\/2415"}],"wp:attachment":[{"href":"https:\/\/www.ermeco.com\/piscine-sauna-hammam\/wp-json\/wp\/v2\/media?parent=2373"}],"wp:term":[{"taxonomy":"product_cat","embeddable":true,"href":"https:\/\/www.ermeco.com\/piscine-sauna-hammam\/wp-json\/wp\/v2\/product_cat?post=2373"},{"taxonomy":"product_tag","embeddable":true,"href":"https:\/\/www.ermeco.com\/piscine-sauna-hammam\/wp-json\/wp\/v2\/product_tag?post=2373"}],"curies":[{"name":"wp","href":"https:\/\/api.w.org\/{rel}","templated":true}]}}