{"id":2376,"date":"2024-04-01T11:04:38","date_gmt":"2024-04-01T09:04:38","guid":{"rendered":"https:\/\/www.ermeco.com\/piscine-sauna-hammam\/?post_type=product&#038;p=2376"},"modified":"2024-04-01T11:05:13","modified_gmt":"2024-04-01T09:05:13","slug":"skimmer-prestige-17-5l-liner","status":"publish","type":"product","link":"https:\/\/www.ermeco.com\/piscine-sauna-hammam\/produit\/skimmer-prestige-17-5l-liner\/","title":{"rendered":"Skimmer Prestige 17.5L Liner"},"content":{"rendered":"<div class=\"wpb-content-wrapper\"><p>[vc_row][vc_column][vc_column_text woodmart_inline=\u00a0\u00bbno\u00a0\u00bb text_larger=\u00a0\u00bbno\u00a0\u00bb]Connexion d\u2019\u00e9vacuation d\u2019eau \u00d8 32 mm. Possibilit\u00e9 de r\u00e9gler la hauteur du couvercle gr\u00e2ce aux r\u00e9hausses (code 18153) afin de l\u2019int\u00e9grer parfaitement avec la margelle. Panier verrouillable avec syst\u00e8me \u00e0 ba\u00efonnette. D\u00e9bit recommand\u00e9 7,5 m3\/h. Cadre de couvercle carr\u00e9. Couvercle rond \u00e0 clips.[\/vc_column_text][\/vc_column][\/vc_row]<\/p>\n<\/div>","protected":false},"excerpt":{"rendered":"<p>Skimmer en ABS blanc trait\u00e9 anti-UV. Avec volet et clapet pour r\u00e9gulation du d\u00e9bit. Connexion inf\u00e9rieure d\u2019aspiration femelle 11\u20442&Prime; ou m\u00e2le et femelle 2&Prime;. Livr\u00e9s avec joints adh\u00e9sifs, brides et vis.<\/p>\n","protected":false},"featured_media":2418,"comment_status":"closed","ping_status":"closed","template":"","meta":[],"product_cat":[78],"product_tag":[],"aioseo_notices":[],"_links":{"self":[{"href":"https:\/\/www.ermeco.com\/piscine-sauna-hammam\/wp-json\/wp\/v2\/product\/2376"}],"collection":[{"href":"https:\/\/www.ermeco.com\/piscine-sauna-hammam\/wp-json\/wp\/v2\/product"}],"about":[{"href":"https:\/\/www.ermeco.com\/piscine-sauna-hammam\/wp-json\/wp\/v2\/types\/product"}],"replies":[{"embeddable":true,"href":"https:\/\/www.ermeco.com\/piscine-sauna-hammam\/wp-json\/wp\/v2\/comments?post=2376"}],"wp:featuredmedia":[{"embeddable":true,"href":"https:\/\/www.ermeco.com\/piscine-sauna-hammam\/wp-json\/wp\/v2\/media\/2418"}],"wp:attachment":[{"href":"https:\/\/www.ermeco.com\/piscine-sauna-hammam\/wp-json\/wp\/v2\/media?parent=2376"}],"wp:term":[{"taxonomy":"product_cat","embeddable":true,"href":"https:\/\/www.ermeco.com\/piscine-sauna-hammam\/wp-json\/wp\/v2\/product_cat?post=2376"},{"taxonomy":"product_tag","embeddable":true,"href":"https:\/\/www.ermeco.com\/piscine-sauna-hammam\/wp-json\/wp\/v2\/product_tag?post=2376"}],"curies":[{"name":"wp","href":"https:\/\/api.w.org\/{rel}","templated":true}]}}