{"id":2394,"date":"2024-04-01T11:05:00","date_gmt":"2024-04-01T09:05:00","guid":{"rendered":"https:\/\/www.ermeco.com\/piscine-sauna-hammam\/?post_type=product&#038;p=2394"},"modified":"2024-04-01T11:05:22","modified_gmt":"2024-04-01T09:05:22","slug":"prises-balai-standard","status":"publish","type":"product","link":"https:\/\/www.ermeco.com\/piscine-sauna-hammam\/produit\/prises-balai-standard\/","title":{"rendered":"Prises Balai Standard"},"content":{"rendered":"<div class=\"wpb-content-wrapper\"><p>[vc_row][vc_column][vc_column_text woodmart_inline=\u00a0\u00bbno\u00a0\u00bb text_larger=\u00a0\u00bbno\u00a0\u00bb]Mod\u00e8les disponibles :<\/p>\n<p><strong>B\u00e9ton\/Liner :<\/strong> En ABS blanc. Filetage ext\u00e9rieur 2\u201d, \u00d8 int\u00e9rieur 50 mm. Filetage bouchon en 11\u20442\u201d. Pression maximale : 6 bar. \u00c0 monter sur la travers\u00e9e de paroi code 15658 pour la buse b\u00e9ton et 15664 pour la buse liner.<br \/>\n<strong>Panneau :<\/strong> En ABS blanc. Bouche sp\u00e9ciale \u00e0 installer sur des piscines avec panneaux d\u2019\u00e9paisseur entre 10 et 15 cm. Int\u00e9rieur \u00d8 50 mm \u00e0 coller. Filetage 11\u20442\u201d BSP. Livr\u00e9e avec joints.<br \/>\n<strong>Coque : <\/strong>En ABS blanc. Filetage ext\u00e9rieur 2\u201d, \u00d8 int\u00e9rieur 50 mm \u00e0 coller. Livr\u00e9e avec bouchon filetage 11\u20442\u201d, joints et \u00e9crou.[\/vc_column_text][\/vc_column][\/vc_row]<\/p>\n<\/div>","protected":false},"excerpt":{"rendered":"<p>Prises balais B\u00e9ton\/Liner, Panneau et coque<\/p>\n","protected":false},"featured_media":2424,"comment_status":"closed","ping_status":"closed","template":"","meta":[],"product_cat":[78],"product_tag":[],"aioseo_notices":[],"_links":{"self":[{"href":"https:\/\/www.ermeco.com\/piscine-sauna-hammam\/wp-json\/wp\/v2\/product\/2394"}],"collection":[{"href":"https:\/\/www.ermeco.com\/piscine-sauna-hammam\/wp-json\/wp\/v2\/product"}],"about":[{"href":"https:\/\/www.ermeco.com\/piscine-sauna-hammam\/wp-json\/wp\/v2\/types\/product"}],"replies":[{"embeddable":true,"href":"https:\/\/www.ermeco.com\/piscine-sauna-hammam\/wp-json\/wp\/v2\/comments?post=2394"}],"wp:featuredmedia":[{"embeddable":true,"href":"https:\/\/www.ermeco.com\/piscine-sauna-hammam\/wp-json\/wp\/v2\/media\/2424"}],"wp:attachment":[{"href":"https:\/\/www.ermeco.com\/piscine-sauna-hammam\/wp-json\/wp\/v2\/media?parent=2394"}],"wp:term":[{"taxonomy":"product_cat","embeddable":true,"href":"https:\/\/www.ermeco.com\/piscine-sauna-hammam\/wp-json\/wp\/v2\/product_cat?post=2394"},{"taxonomy":"product_tag","embeddable":true,"href":"https:\/\/www.ermeco.com\/piscine-sauna-hammam\/wp-json\/wp\/v2\/product_tag?post=2394"}],"curies":[{"name":"wp","href":"https:\/\/api.w.org\/{rel}","templated":true}]}}