{"id":2437,"date":"2024-04-01T11:05:26","date_gmt":"2024-04-01T09:05:26","guid":{"rendered":"https:\/\/www.ermeco.com\/piscine-sauna-hammam\/?post_type=product&#038;p=2437"},"modified":"2024-04-01T11:06:04","modified_gmt":"2024-04-01T09:06:04","slug":"poche-filtrante-5-microns-compatible-desjoyaux","status":"publish","type":"product","link":"https:\/\/www.ermeco.com\/piscine-sauna-hammam\/produit\/poche-filtrante-5-microns-compatible-desjoyaux\/","title":{"rendered":"POCHE FILTRANTE 5 MICRONS compatible DESJOYAUX"},"content":{"rendered":"<p>Les filtres de piscine EASYFILTER red\u00e9finissent la simplicit\u00e9 et l&rsquo;efficacit\u00e9 en mati\u00e8re d&rsquo;entretien de votre piscine. Notre conception exclusive associe des mat\u00e9riaux de haute qualit\u00e9 \u00e0 un design sp\u00e9cifique pour vous offrir une exp\u00e9rience de nettoyage in\u00e9gal\u00e9e, tout en minimisant votre impact environnemental.<\/p>\n<p>Caract\u00e9ristiques cl\u00e9s :<\/p>\n<p>Poches Sp\u00e9ciales : Notre produit se distingue par l&rsquo;utilisation de poches fabriqu\u00e9es \u00e0 partir de mat\u00e9riaux de pointe. Ces poches garantissent une filtration optimale de l&rsquo;eau de votre piscine, capturant les impuret\u00e9s ind\u00e9sirables tout en pr\u00e9servant la clart\u00e9 de l&rsquo;eau.<\/p>\n<p>Nettoyage Simple et Rapide : Gr\u00e2ce \u00e0 notre conception innovante, l&rsquo;entretien de votre piscine devient un jeu d&rsquo;enfant. Plus besoin de d\u00e9monter les bagues d&rsquo;origine ou la bague tout Inox EASYFILTER, Inutile de retourner la poche. Les filtres EASYFILTER sont con\u00e7us pour \u00eatre faciles \u00e0 nettoyer, ce qui signifie moins de temps pass\u00e9 \u00e0 entretenir votre piscine et plus de temps pour en profiter.<\/p>\n<p>Consommation d&rsquo;Eau R\u00e9duite : Nous sommes fiers de notre engagement envers la durabilit\u00e9. Les filtres EASYFILTER sont con\u00e7us pour minimiser la consommation d&rsquo;eau, ce qui est b\u00e9n\u00e9fique pour l&rsquo;environnement et votre portefeuille.<\/p>\n<p>La poche de filtration Easyfilter est garantie 1 an.<\/p>\n<p>Cette poche n&rsquo;est pas un produit Desjoyaux , mais elle est \u00e0 100% compatible .<\/p>\n","protected":false},"excerpt":{"rendered":"<p>La poche Easyfilter 5 microns remplace la poche Desjoyaux . sa mati\u00e8re et son design sp\u00e9cifique permettent un nettoyage simple et rapide avec peu d&rsquo;eau sans d\u00e9monter les bagues de maintien et ni retourner la poche .elle est efficace pour des eaux troubles ou vertes . Garantie 1 an .<\/p>\n","protected":false},"featured_media":2486,"comment_status":"closed","ping_status":"closed","template":"","meta":[],"product_cat":[83],"product_tag":[],"aioseo_notices":[],"_links":{"self":[{"href":"https:\/\/www.ermeco.com\/piscine-sauna-hammam\/wp-json\/wp\/v2\/product\/2437"}],"collection":[{"href":"https:\/\/www.ermeco.com\/piscine-sauna-hammam\/wp-json\/wp\/v2\/product"}],"about":[{"href":"https:\/\/www.ermeco.com\/piscine-sauna-hammam\/wp-json\/wp\/v2\/types\/product"}],"replies":[{"embeddable":true,"href":"https:\/\/www.ermeco.com\/piscine-sauna-hammam\/wp-json\/wp\/v2\/comments?post=2437"}],"wp:featuredmedia":[{"embeddable":true,"href":"https:\/\/www.ermeco.com\/piscine-sauna-hammam\/wp-json\/wp\/v2\/media\/2486"}],"wp:attachment":[{"href":"https:\/\/www.ermeco.com\/piscine-sauna-hammam\/wp-json\/wp\/v2\/media?parent=2437"}],"wp:term":[{"taxonomy":"product_cat","embeddable":true,"href":"https:\/\/www.ermeco.com\/piscine-sauna-hammam\/wp-json\/wp\/v2\/product_cat?post=2437"},{"taxonomy":"product_tag","embeddable":true,"href":"https:\/\/www.ermeco.com\/piscine-sauna-hammam\/wp-json\/wp\/v2\/product_tag?post=2437"}],"curies":[{"name":"wp","href":"https:\/\/api.w.org\/{rel}","templated":true}]}}