{"id":2460,"date":"2024-04-01T11:05:47","date_gmt":"2024-04-01T09:05:47","guid":{"rendered":"https:\/\/www.ermeco.com\/piscine-sauna-hammam\/?post_type=product&#038;p=2460"},"modified":"2024-04-01T11:06:11","modified_gmt":"2024-04-01T09:06:11","slug":"support-de-nettoyage-universel-pour-poches-filtrantes","status":"publish","type":"product","link":"https:\/\/www.ermeco.com\/piscine-sauna-hammam\/produit\/support-de-nettoyage-universel-pour-poches-filtrantes\/","title":{"rendered":"SUPPORT DE NETTOYAGE UNIVERSEL POUR POCHES FILTRANTES"},"content":{"rendered":"<p>Le support de nettoyage universel Easyfilter est un accessoire pratique con\u00e7u pour faciliter le nettoyage des poches filtrantes et chaussettes utilis\u00e9es dans divers syst\u00e8mes de filtration, notamment pour les marques Desjoyaux, Weltico, Filtrinov, Waterair, Magiline, Piscine Discount, Graf&#8230; ainsi que pour tous les sacs robots. Voici quelques caract\u00e9ristiques et avantages de ce support :<\/p>\n<p>Polyvalence : Compatible avec les poches filtrantes et chaussettes de diff\u00e9rentes marques, ce support offre une solution universelle pour faciliter le nettoyage de votre syst\u00e8me de filtration.<\/p>\n<p>Facilit\u00e9 d&rsquo;utilisation : Le support permet de positionner facilement la poche filtrante pour un \u00e9coulement optimal et un d\u00e9colmatage efficace des particules. Les tiges d&rsquo;ancrage assurent une stabilit\u00e9 du socle, ce qui facilite son utilisation.<\/p>\n<p>Mat\u00e9riau durable : Fabriqu\u00e9 enti\u00e8rement en acier inoxydable, le support est r\u00e9sistant \u00e0 la corrosion et garantit une durabilit\u00e9 \u00e0 long terme. Il est con\u00e7u pour r\u00e9sister aux conditions environnementales et aux produits chimiques utilis\u00e9s dans le processus de filtration.<\/p>\n<p>Garantie prolong\u00e9e : Le support de nettoyage universel Easyfilter b\u00e9n\u00e9ficie d&rsquo;une garantie de 5 ans, ce qui t\u00e9moigne de sa qualit\u00e9 et de sa fiabilit\u00e9.<\/p>\n<p>En r\u00e9sum\u00e9, le support de nettoyage universel Easyfilter est un accessoire essentiel pour faciliter l&rsquo;entretien de votre syst\u00e8me de filtration. Sa polyvalence, sa facilit\u00e9 d&rsquo;utilisation, sa durabilit\u00e9 et sa garantie prolong\u00e9e en font un choix id\u00e9al pour les propri\u00e9taires de piscines et de spas soucieux de maintenir leur \u00e9quipement en bon \u00e9tat de fonctionnement. Veuillez noter que la poche filtrante est vendue s\u00e9par\u00e9ment<\/p>\n","protected":false},"excerpt":{"rendered":"<p>Le support tout inox EASYFILTER facilite le nettoyage des poches filtrantes comme : Desjoyaux , Weltico , Filtrinov , Waterair ,Magiline , Piscine Discount ,Graf&#8230; ainsi que tous les sacs robots . Il est garantie 5 ans<\/p>\n","protected":false},"featured_media":2490,"comment_status":"closed","ping_status":"closed","template":"","meta":[],"product_cat":[83],"product_tag":[],"aioseo_notices":[],"_links":{"self":[{"href":"https:\/\/www.ermeco.com\/piscine-sauna-hammam\/wp-json\/wp\/v2\/product\/2460"}],"collection":[{"href":"https:\/\/www.ermeco.com\/piscine-sauna-hammam\/wp-json\/wp\/v2\/product"}],"about":[{"href":"https:\/\/www.ermeco.com\/piscine-sauna-hammam\/wp-json\/wp\/v2\/types\/product"}],"replies":[{"embeddable":true,"href":"https:\/\/www.ermeco.com\/piscine-sauna-hammam\/wp-json\/wp\/v2\/comments?post=2460"}],"wp:featuredmedia":[{"embeddable":true,"href":"https:\/\/www.ermeco.com\/piscine-sauna-hammam\/wp-json\/wp\/v2\/media\/2490"}],"wp:attachment":[{"href":"https:\/\/www.ermeco.com\/piscine-sauna-hammam\/wp-json\/wp\/v2\/media?parent=2460"}],"wp:term":[{"taxonomy":"product_cat","embeddable":true,"href":"https:\/\/www.ermeco.com\/piscine-sauna-hammam\/wp-json\/wp\/v2\/product_cat?post=2460"},{"taxonomy":"product_tag","embeddable":true,"href":"https:\/\/www.ermeco.com\/piscine-sauna-hammam\/wp-json\/wp\/v2\/product_tag?post=2460"}],"curies":[{"name":"wp","href":"https:\/\/api.w.org\/{rel}","templated":true}]}}