{"id":2462,"date":"2024-04-01T11:05:48","date_gmt":"2024-04-01T09:05:48","guid":{"rendered":"https:\/\/www.ermeco.com\/piscine-sauna-hammam\/?post_type=product&#038;p=2462"},"modified":"2024-04-01T11:06:16","modified_gmt":"2024-04-01T09:06:16","slug":"cartouche-ecologique-compatible-magiline","status":"publish","type":"product","link":"https:\/\/www.ermeco.com\/piscine-sauna-hammam\/produit\/cartouche-ecologique-compatible-magiline\/","title":{"rendered":"CARTOUCHE ECOLOGIQUE COMPATIBLE MAGILINE"},"content":{"rendered":"<p>La cartouche Easyfilter est une solution innovante qui remplace avantageusement la cartouche Magiline. Voici ses principaux avantages :<\/p>\n<p>Facilit\u00e9 de nettoyage : La cartouche Easyfilter est con\u00e7ue pour \u00eatre plus facile et plus rapide \u00e0 nettoyer que les cartouches traditionnelles. Avec un nettoyage cinq fois plus rapide, elle permet d&rsquo;\u00e9conomiser de l&rsquo;eau tout en assurant une maintenance efficace de votre syst\u00e8me de filtration.<\/p>\n<p>Durabilit\u00e9 : Sa structure en inox garantit une dur\u00e9e de vie prolong\u00e9e, assurant ainsi une filtration fiable et constante tout au long de la vie de votre piscine. Seule la manchette de filtration, fabriqu\u00e9e dans une mati\u00e8re innovante, doit \u00eatre remplac\u00e9e une fois us\u00e9e.<\/p>\n<p>Efficacit\u00e9 de filtration : La cartouche Easyfilter offre une filtration \u00e0 10 microns, capable de retenir aussi bien les petites que les grosses particules, assurant ainsi une eau cristalline et claire.<\/p>\n<p>\u00c9conomique : En plus d&rsquo;\u00eatre \u00e9cologique, la cartouche Easyfilter est \u00e9conomique. Son co\u00fbt est r\u00e9duit de moiti\u00e9 par rapport \u00e0 la cartouche traditionnelle, ce qui vous permet de r\u00e9aliser des \u00e9conomies sur le long terme.<\/p>\n<p>\u00c9co-responsable : En limitant la consommation d&rsquo;eau pendant le nettoyage et en r\u00e9duisant l&rsquo;utilisation de produits chimiques, la cartouche Easyfilter contribue \u00e0 pr\u00e9server l&rsquo;environnement tout en assurant une qualit\u00e9 de filtration optimale pour votre piscine.<\/p>\n<p>En r\u00e9sum\u00e9, la cartouche Easyfilter est une solution compl\u00e8te, offrant \u00e0 la fois efficacit\u00e9, durabilit\u00e9, \u00e9conomies et respect de l&rsquo;environnement pour une exp\u00e9rience de baignade agr\u00e9able et saine<\/p>\n<p>Ce produit n&rsquo;est pas un produit Magiline, il est \u00e0 100% compatible<\/p>\n","protected":false},"excerpt":{"rendered":"<p>La cartouche Easyfilter remplace la cartouche Magiline . Le syst\u00e8me innovant est plus facile et rapide a nettoyer .Moins lourd . Sa structure inox pour la vie de la piscine . seule la manchette de filtration sera a remplacer une fois usag\u00e9e . Elle est vendue en rechange . Economique et moins chere que la cartouche d&rsquo;origine.<\/p>\n","protected":false},"featured_media":2505,"comment_status":"closed","ping_status":"closed","template":"","meta":[],"product_cat":[83],"product_tag":[],"aioseo_notices":[],"_links":{"self":[{"href":"https:\/\/www.ermeco.com\/piscine-sauna-hammam\/wp-json\/wp\/v2\/product\/2462"}],"collection":[{"href":"https:\/\/www.ermeco.com\/piscine-sauna-hammam\/wp-json\/wp\/v2\/product"}],"about":[{"href":"https:\/\/www.ermeco.com\/piscine-sauna-hammam\/wp-json\/wp\/v2\/types\/product"}],"replies":[{"embeddable":true,"href":"https:\/\/www.ermeco.com\/piscine-sauna-hammam\/wp-json\/wp\/v2\/comments?post=2462"}],"wp:featuredmedia":[{"embeddable":true,"href":"https:\/\/www.ermeco.com\/piscine-sauna-hammam\/wp-json\/wp\/v2\/media\/2505"}],"wp:attachment":[{"href":"https:\/\/www.ermeco.com\/piscine-sauna-hammam\/wp-json\/wp\/v2\/media?parent=2462"}],"wp:term":[{"taxonomy":"product_cat","embeddable":true,"href":"https:\/\/www.ermeco.com\/piscine-sauna-hammam\/wp-json\/wp\/v2\/product_cat?post=2462"},{"taxonomy":"product_tag","embeddable":true,"href":"https:\/\/www.ermeco.com\/piscine-sauna-hammam\/wp-json\/wp\/v2\/product_tag?post=2462"}],"curies":[{"name":"wp","href":"https:\/\/api.w.org\/{rel}","templated":true}]}}