{"id":2464,"date":"2024-04-01T11:05:48","date_gmt":"2024-04-01T09:05:48","guid":{"rendered":"https:\/\/www.ermeco.com\/piscine-sauna-hammam\/?post_type=product&#038;p=2464"},"modified":"2024-04-01T11:06:17","modified_gmt":"2024-04-01T09:06:17","slug":"poche-compatible-weltico-c6-5-microns","status":"publish","type":"product","link":"https:\/\/www.ermeco.com\/piscine-sauna-hammam\/produit\/poche-compatible-weltico-c6-5-microns\/","title":{"rendered":"POCHE COMPATIBLE WELTICO C6 &#8211; 5 MICRONS"},"content":{"rendered":"<p>La poche Easyfilter en 5 microns offre une solution pratique, \u00e9conomique et respectueuse de l&rsquo;environnement pour l&rsquo;entretien de votre piscine. Voici un r\u00e9sum\u00e9 de ses principales caract\u00e9ristiques :<\/p>\n<p>Remplacement de la cartouche WELTICO C6 : La poche Easyfilter en 5 microns est con\u00e7ue pour remplacer efficacement la cartouche WELTICO C6, offrant une alternative plus facile et rapide \u00e0 nettoyer.<\/p>\n<p>Facile \u00e0 nettoyer : Cette poche de filtration est plus facile et rapide \u00e0 nettoyer que les cartouches traditionnelles, n\u00e9cessitant peu d&rsquo;eau pour un nettoyage efficace.<\/p>\n<p>Finesse de filtration : Avec une finesse de filtration de 5 microns, la poche Easyfilter est efficace pour filtrer les particules fines, assurant ainsi une eau propre et cristalline.<\/p>\n<p>Mat\u00e9riau r\u00e9sistant et de qualit\u00e9 : Fabriqu\u00e9e en France, la poche Easyfilter est fabriqu\u00e9e avec un mat\u00e9riau r\u00e9sistant et de grande qualit\u00e9, garantissant sa durabilit\u00e9 et sa long\u00e9vit\u00e9. De plus, elle est garantie pendant 1 an.<\/p>\n<p>Compatibilit\u00e9 universelle : La poche Easyfilter est compatible avec une large gamme de syst\u00e8mes de filtration, y compris Aquinox, Aspibloc, Irrijardin, Mondial piscine, Mur Filtrant Acis, SKIM&rsquo;BLOC, Nautil, Solidpool, Skimfiltre, Twinfiltre, Unib\u00e9o, ce qui la rend adapt\u00e9e \u00e0 de nombreuses piscines.<\/p>\n<p>Engagement \u00e9cologique : En utilisant la poche Easyfilter, vous pouvez r\u00e9duire votre utilisation de produits chimiques et contribuer ainsi \u00e0 pr\u00e9server l&rsquo;environnement.<\/p>\n<p>En r\u00e9sum\u00e9, la poche Easyfilter en 5 microns est une solution pratique et efficace pour maintenir la propret\u00e9 de votre piscine tout en r\u00e9duisant les co\u00fbts et l&rsquo;impact environnemental de son entretien<\/p>\n","protected":false},"excerpt":{"rendered":"<p>La poche EASYFILTER en 5 microns remplace la cartouche WELTICO C6 . Plus Facile et rapide a nettoyer que les cartouches avec peu d&rsquo;eau .Efficace pour des eaux troubles ou vertes Sa mati\u00e8re et son design unique permet de simplifier l&rsquo;entretien de la filtration . le panier skimmer pre filtre brevet\u00e9 EASYFILTER supprime l&rsquo;utilisation des chaussettes jetable et permet d&rsquo;espacer les nettoyages de la filtration.Son prix est tr\u00e8s inf\u00e9rieur \u00e0 la cartouche .<\/p>\n","protected":false},"featured_media":2507,"comment_status":"closed","ping_status":"closed","template":"","meta":[],"product_cat":[83],"product_tag":[],"aioseo_notices":[],"_links":{"self":[{"href":"https:\/\/www.ermeco.com\/piscine-sauna-hammam\/wp-json\/wp\/v2\/product\/2464"}],"collection":[{"href":"https:\/\/www.ermeco.com\/piscine-sauna-hammam\/wp-json\/wp\/v2\/product"}],"about":[{"href":"https:\/\/www.ermeco.com\/piscine-sauna-hammam\/wp-json\/wp\/v2\/types\/product"}],"replies":[{"embeddable":true,"href":"https:\/\/www.ermeco.com\/piscine-sauna-hammam\/wp-json\/wp\/v2\/comments?post=2464"}],"wp:featuredmedia":[{"embeddable":true,"href":"https:\/\/www.ermeco.com\/piscine-sauna-hammam\/wp-json\/wp\/v2\/media\/2507"}],"wp:attachment":[{"href":"https:\/\/www.ermeco.com\/piscine-sauna-hammam\/wp-json\/wp\/v2\/media?parent=2464"}],"wp:term":[{"taxonomy":"product_cat","embeddable":true,"href":"https:\/\/www.ermeco.com\/piscine-sauna-hammam\/wp-json\/wp\/v2\/product_cat?post=2464"},{"taxonomy":"product_tag","embeddable":true,"href":"https:\/\/www.ermeco.com\/piscine-sauna-hammam\/wp-json\/wp\/v2\/product_tag?post=2464"}],"curies":[{"name":"wp","href":"https:\/\/api.w.org\/{rel}","templated":true}]}}