{"id":2466,"date":"2024-04-01T11:05:48","date_gmt":"2024-04-01T09:05:48","guid":{"rendered":"https:\/\/www.ermeco.com\/piscine-sauna-hammam\/?post_type=product&#038;p=2466"},"modified":"2024-04-01T11:06:19","modified_gmt":"2024-04-01T09:06:19","slug":"panier-skimmer-prefiltre","status":"publish","type":"product","link":"https:\/\/www.ermeco.com\/piscine-sauna-hammam\/produit\/panier-skimmer-prefiltre\/","title":{"rendered":"PANIER SKIMMER PREFILTRE"},"content":{"rendered":"<p>Le Panier skimmer pr\u00e9filtre Brevet\u00e9 Easyfilter est un produit innovant con\u00e7u pour simplifier l&rsquo;entretien de votre piscine tout en am\u00e9liorant l&rsquo;efficacit\u00e9 de votre syst\u00e8me de filtration. Voici un r\u00e9sum\u00e9 des caract\u00e9ristiques et avantages de ce produit :<\/p>\n<p>Caract\u00e9ristiques :<br \/>\nRemplace les paniers plastique standard de diam\u00e8tre 186 mm dans les skimmers.<br \/>\nSupprime le besoin d&rsquo;utiliser des chaussettes jetables.<br \/>\nFacile et rapide \u00e0 nettoyer avec peu d&rsquo;eau.<br \/>\nContribue \u00e0 \u00e9viter l&rsquo;encrassement des poches filtrantes, des cartouches et des filtres \u00e0 sable.<br \/>\nGaranti 1 an.<\/p>\n<p>Compatibilit\u00e9 :<br \/>\nCompatible avec les marques telles que Hayward, Cofies, Saragan, etc.<\/p>\n<p>Avantages \u00e9conomiques et \u00e9cologiques :<br \/>\nRemplace \u00e0 la fois le panier classique et les chaussettes jetables, ce qui r\u00e9duit les co\u00fbts \u00e0 long terme et contribue \u00e0 r\u00e9duire les d\u00e9chets.<br \/>\nFabriqu\u00e9 avec des mat\u00e9riaux durables et une structure en inox, assurant une longue dur\u00e9e de vie du produit.<\/p>\n<p>Optimisation de la filtration :<br \/>\nR\u00e9duit la consommation d&rsquo;eau et de produits chimiques gr\u00e2ce \u00e0 une filtration plus efficace.<br \/>\nDiminue la fr\u00e9quence de nettoyage du filtre.<br \/>\nAm\u00e9liore la qualit\u00e9 de l&rsquo;eau en filtrant les fines particules.<\/p>\n<p>Protection du syst\u00e8me de filtration :<br \/>\nEmp\u00eache l&rsquo;encrassement des cartouches et des poches filtrantes, prolongeant ainsi leur dur\u00e9e de vie.<br \/>\nProt\u00e8ge et pr\u00e9serve la pompe de filtration des dommages \u00e9ventuels.<\/p>\n<p>R\u00e9sistance et facilit\u00e9 d&rsquo;entretien :<br \/>\nR\u00e9siste aux produits chimiques de traitement de l&rsquo;eau, tels que le galet de chlore et l&rsquo;oxyg\u00e8ne actif.<br \/>\nNettoyage simple, rapide et \u00e9conomique en eau.<\/p>\n","protected":false},"excerpt":{"rendered":"<p>HAYWARD COFIES \/AQUAREVA\/WATERAIR FILWAT<br \/>\nLe Panier skimmer pr\u00e9filtre brevet\u00e9 Easyfilter offre une solution \u00e9conomique, \u00e9cologique et efficace pour maintenir la propret\u00e9 de votre piscine et am\u00e9liorer les performances de votre syst\u00e8me de filtration. Son design innovant et sa durabilit\u00e9 en font un choix id\u00e9al pour les propri\u00e9taires de piscine soucieux de la qualit\u00e9 de l&rsquo;eau et de l&rsquo;environnement &#8211; Plus besoin de chaussettes <\/p>\n","protected":false},"featured_media":2508,"comment_status":"closed","ping_status":"closed","template":"","meta":[],"product_cat":[83],"product_tag":[],"aioseo_notices":[],"_links":{"self":[{"href":"https:\/\/www.ermeco.com\/piscine-sauna-hammam\/wp-json\/wp\/v2\/product\/2466"}],"collection":[{"href":"https:\/\/www.ermeco.com\/piscine-sauna-hammam\/wp-json\/wp\/v2\/product"}],"about":[{"href":"https:\/\/www.ermeco.com\/piscine-sauna-hammam\/wp-json\/wp\/v2\/types\/product"}],"replies":[{"embeddable":true,"href":"https:\/\/www.ermeco.com\/piscine-sauna-hammam\/wp-json\/wp\/v2\/comments?post=2466"}],"wp:featuredmedia":[{"embeddable":true,"href":"https:\/\/www.ermeco.com\/piscine-sauna-hammam\/wp-json\/wp\/v2\/media\/2508"}],"wp:attachment":[{"href":"https:\/\/www.ermeco.com\/piscine-sauna-hammam\/wp-json\/wp\/v2\/media?parent=2466"}],"wp:term":[{"taxonomy":"product_cat","embeddable":true,"href":"https:\/\/www.ermeco.com\/piscine-sauna-hammam\/wp-json\/wp\/v2\/product_cat?post=2466"},{"taxonomy":"product_tag","embeddable":true,"href":"https:\/\/www.ermeco.com\/piscine-sauna-hammam\/wp-json\/wp\/v2\/product_tag?post=2466"}],"curies":[{"name":"wp","href":"https:\/\/api.w.org\/{rel}","templated":true}]}}